{"id":11182,"date":"2023-07-09T06:08:08","date_gmt":"2023-07-09T06:08:08","guid":{"rendered":"http:\/\/localhost\/manuelrojas\/?page_id=11182"},"modified":"2025-07-07T14:24:32","modified_gmt":"2025-07-07T14:24:32","slug":"viajealpaisdelosprofetas","status":"publish","type":"page","link":"https:\/\/manuelrojas.cl\/index.php\/viajealpaisdelosprofetas\/","title":{"rendered":"Viaje al pa\u00eds de los profetas"},"content":{"rendered":"<p>[et_pb_section fb_built=&#8221;1&#8243; _builder_version=&#8221;4.17.4&#8243; _module_preset=&#8221;default&#8221; background_color=&#8221;RGBA(255,255,255,0)&#8221; custom_margin=&#8221;0px||0px||false|false&#8221; custom_padding=&#8221;0px||0px||false|false&#8221; global_colors_info=&#8221;{}&#8221;][et_pb_row _builder_version=&#8221;4.17.4&#8243; _module_preset=&#8221;default&#8221; background_color=&#8221;#FFFFFF&#8221; max_width=&#8221;1277px&#8221; custom_margin=&#8221;0px||0px||false|false&#8221; custom_padding=&#8221;0px||0px||false|false&#8221; global_colors_info=&#8221;{}&#8221;][et_pb_column type=&#8221;4_4&#8243; _builder_version=&#8221;4.17.4&#8243; _module_preset=&#8221;default&#8221; global_colors_info=&#8221;{}&#8221;][et_pb_text _builder_version=&#8221;4.17.4&#8243; _module_preset=&#8221;default&#8221; text_font=&#8221;Alegreya||||||||&#8221; header_3_font=&#8221;Alegreya|600|||||||&#8221; header_3_text_color=&#8221;#005B84&#8243; custom_margin=&#8221;|20px|5px||false|false&#8221; custom_padding=&#8221;20px|20px|||false|false&#8221; border_width_bottom=&#8221;1px&#8221; border_color_bottom=&#8221;#cccccc&#8221; border_style_bottom=&#8221;dotted&#8221; border_width_left=&#8221;3px&#8221; border_color_left=&#8221;#005B84&#8243; global_colors_info=&#8221;{}&#8221;]<\/p>\n<h3>\u00a0 <span style=\"color: rgba(53, 53, 53, 0.63);\">Obra \/<\/span> <a href=\"https:\/\/manuelrojas.cl\/index.php\/manuel-rojas\/obra\/autobiografias_viajes\/\">Autobiograf\u00edas &amp; Viajes<\/a> \/ Viaje al pa\u00eds de los profetas<\/h3>\n<p>[\/et_pb_text][\/et_pb_column][\/et_pb_row][et_pb_row column_structure=&#8221;2_5,3_5&#8243; _builder_version=&#8221;4.17.4&#8243; _module_preset=&#8221;default&#8221; background_color=&#8221;#FFFFFF&#8221; background_image=&#8221;https:\/\/manuelrojas.cl\/wp-content\/uploads\/2023\/05\/com-spliter.png&#8221; background_size=&#8221;initial&#8221; background_repeat=&#8221;repeat&#8221; custom_padding=&#8221;|30px||30px|false|false&#8221; global_colors_info=&#8221;{}&#8221;][et_pb_column type=&#8221;2_5&#8243; _builder_version=&#8221;4.17.4&#8243; _module_preset=&#8221;default&#8221; global_colors_info=&#8221;{}&#8221;][et_pb_image src=&#8221;https:\/\/manuelrojas.cl\/wp-content\/uploads\/2023\/07\/manuelrojasviajealpaisdelosprofetas.jpg&#8221; title_text=&#8221;manuelrojasviajealpaisdelosprofetas&#8221; align=&#8221;center&#8221; _builder_version=&#8221;4.17.4&#8243; _module_preset=&#8221;default&#8221; height=&#8221;500px&#8221; height_tablet=&#8221;500px&#8221; height_phone=&#8221;&#8221; height_last_edited=&#8221;on|phone&#8221; max_height=&#8221;500px&#8221; max_height_tablet=&#8221;500px&#8221; max_height_phone=&#8221;&#8221; max_height_last_edited=&#8221;on|phone&#8221; border_radii=&#8221;on|3px|3px|3px|3px&#8221; border_width_all=&#8221;1px&#8221; border_color_all=&#8221;RGBA(48,48,48,0.77)&#8221; box_shadow_style=&#8221;preset1&#8243; box_shadow_blur=&#8221;5px&#8221; global_colors_info=&#8221;{}&#8221;][\/et_pb_image][et_pb_image src=&#8221;https:\/\/manuelrojas.cl\/wp-content\/uploads\/2024\/11\/Manuel-Rojas-Viaje-al-pais-de-los-profetas.png&#8221; title_text=&#8221;Manuel Rojas &#8211; Viaje al pais de los profetas&#8221; align=&#8221;center&#8221; _builder_version=&#8221;4.17.4&#8243; _module_preset=&#8221;default&#8221; height=&#8221;500px&#8221; height_tablet=&#8221;500px&#8221; height_phone=&#8221;&#8221; height_last_edited=&#8221;on|phone&#8221; max_height=&#8221;500px&#8221; max_height_tablet=&#8221;500px&#8221; max_height_phone=&#8221;&#8221; max_height_last_edited=&#8221;on|phone&#8221; hover_enabled=&#8221;0&#8243; border_radii=&#8221;on|3px|3px|3px|3px&#8221; border_width_all=&#8221;1px&#8221; border_color_all=&#8221;RGBA(48,48,48,0.77)&#8221; box_shadow_style=&#8221;preset1&#8243; box_shadow_blur=&#8221;5px&#8221; global_colors_info=&#8221;{}&#8221; sticky_enabled=&#8221;0&#8243;][\/et_pb_image][\/et_pb_column][et_pb_column type=&#8221;3_5&#8243; _builder_version=&#8221;4.17.4&#8243; _module_preset=&#8221;default&#8221; global_colors_info=&#8221;{}&#8221;][et_pb_text _builder_version=&#8221;4.17.4&#8243; _module_preset=&#8221;default&#8221; text_font=&#8221;Alegreya||||||||&#8221; text_font_size=&#8221;18px&#8221; text_line_height=&#8221;1.8em&#8221; background_color=&#8221;#FFFFFF&#8221; width_tablet=&#8221;&#8221; width_phone=&#8221;&#8221; width_last_edited=&#8221;on|phone&#8221; max_width_tablet=&#8221;&#8221; max_width_phone=&#8221;&#8221; max_width_last_edited=&#8221;on|phone&#8221; custom_padding=&#8221;10px|10px|10px|10px|false|false&#8221; text_font_tablet=&#8221;Alegreya||||||||&#8221; text_font_phone=&#8221;Alegreya||||||||&#8221; text_font_last_edited=&#8221;off|desktop&#8221; text_font_size_tablet=&#8221;17px&#8221; text_font_size_phone=&#8221;10px&#8221; text_font_size_last_edited=&#8221;on|phone&#8221; border_radii=&#8221;on|1px|1px|1px|1px&#8221; border_width_all=&#8221;1px&#8221; border_color_all=&#8221;RGBA(0,91,132,0.8)&#8221; border_style_all=&#8221;dotted&#8221; global_colors_info=&#8221;{}&#8221;]<\/p>\n<div class=\"content clearfix\">\n<div class=\"content clearfix\">\n<p><strong>Primera edici\u00f3n:<\/strong><span>\u00a0Ediciones Zlotopioro \u2013 Buenos Aires, Argentina, 1969<\/span><br \/><a href=\"https:\/\/www.libreriacatalonia.cl\/product\/viaje-al-pais-de-los-profetas\" target=\"_blank\" rel=\"noopener\" title=\"Viajes - Viaje al pa\u00eds de los profetas\"><span><strong>Segunda edici\u00f3n:<\/strong> Catalonia \u2013 Santiago, 2023<\/span><\/a><span><\/span><br \/><a href=\"https:\/\/manuelrojas.cl\/wp-content\/uploads\/2024\/11\/Prologo-Viaje-al-pais-de-los-profetas.pdf\" target=\"_blank\" rel=\"noopener\" title=\"Pedro Pablo Guerrero: \u00abQuiero creer en ella\u00bb\">Acceda al pr\u00f3logo de Pedro Pablo Guerrero: \u00abQuiero creer en ella\u00bb<\/a><\/p>\n<h2>Rese\u00f1a<\/h2>\n<p class=\"dropcap\">Luego de presidir en Santiago una conferencia sudamericana de intelectuales sobre la situaci\u00f3n de los jud\u00edos rusos discriminados en la Uni\u00f3n Sovi\u00e9tica, Manuel Rojas recibe una invitaci\u00f3n para visitar Israel. Tras dudar en aceptar pensando que se pod\u00eda creer que era una retribuci\u00f3n por participar en aquella reuni\u00f3n, Rojas decide viajar en enero 1969 rumbo al \u00abpa\u00eds de los profetas\u00bb. Lo acompa\u00f1a su se\u00f1ora Julianne Clark, en una visita que durar\u00e1 s\u00f3lo 8 d\u00edas.<\/p>\n<p>La curiosidad por conocer Israel se vincula con el inter\u00e9s por tomar contacto directo con el proyecto socialista y sus utop\u00edas de estructura comunitaria que, en Latinoam\u00e9rica, era encarnado por el gobierno cubano con un sistema que Rojas apreciaba y conoc\u00eda. Por eso el relato del viaje se inicia en el kibutz Ram\u00f3t Menash\u00e9, uno de los m\u00e1s de 200 asentamientos de igual tipo que exist\u00edan en ese momento en Israel. Rojas describe a estos kibutz como una c\u00e9lula semisocialista, donde en algunos de ellos existe un r\u00e9gimen semi anarquista, el r\u00e9gimen del que habl\u00f3 Kropotkin, aunque no \u00abqu\u00edmicamente puro\u00bb.<\/p>\n<p>Aprovechando su visita al museo del Holocausto, cerca del kibutz Lojamei Haguetaot, creado 20 a\u00f1os atr\u00e1s por sobrevivientes del ghetto de Varsovia, el visitante reflexiona sobre la persecuci\u00f3n nazi al pueblo jud\u00edo. M\u00e1s all\u00e1, junto al r\u00edo Jord\u00e1n, los campos minados y la desolaci\u00f3n de un territorio arrasado por la reciente guerra con Jordania lo dejan desamparado. Por \u00faltimo, visita Jerusalem y Bel\u00e9n donde el aprovechamiento comercial de signos sagrados provoca en Rojas una sensaci\u00f3n de falsedad.<\/p>\n<p>La cruenta y prolongada lucha entre israelitas y \u00e1rabes cierran la p\u00e1ginas de este<span>\u00a0<\/span><strong>Viaje al pa\u00eds de los profetas<\/strong>, donde el escritor le desea a ambos pueblos un destino mejor, m\u00e1s brillante, m\u00e1s tranquilo, un destino com\u00fan. Convencido que los sectores de izquierda de ambos pa\u00edses son los llamado a resolver el conflicto, concluye que esto deber\u00eda ser realizado por:<span>\u00a0<\/span><i>\u00abla izquierda limpia y moral, la izquierda sin estrategias ocultas ni ocultas intenciones\u2026\u00bb.<\/i><\/p>\n<\/div>\n<\/div>\n<p>[\/et_pb_text][\/et_pb_column][\/et_pb_row][\/et_pb_section]<\/p>\n","protected":false},"excerpt":{"rendered":"<p>\u00a0 Obra \/ Autobiograf\u00edas &amp; Viajes \/ Viaje al pa\u00eds de los profetas Primera edici\u00f3n:\u00a0Ediciones Zlotopioro \u2013 Buenos Aires, Argentina, 1969Segunda edici\u00f3n: Catalonia \u2013 Santiago, 2023Acceda al pr\u00f3logo de Pedro Pablo Guerrero: \u00abQuiero creer en ella\u00bb Rese\u00f1a Luego de presidir en Santiago una conferencia sudamericana de intelectuales sobre la situaci\u00f3n de los jud\u00edos rusos discriminados [&hellip;]<\/p>\n","protected":false},"author":1,"featured_media":0,"parent":0,"menu_order":0,"comment_status":"closed","ping_status":"closed","template":"","meta":{"_et_pb_use_builder":"on","_et_pb_old_content":"","_et_gb_content_width":"","footnotes":""},"class_list":["post-11182","page","type-page","status-publish","hentry"],"_links":{"self":[{"href":"https:\/\/manuelrojas.cl\/index.php\/wp-json\/wp\/v2\/pages\/11182","targetHints":{"allow":["GET"]}}],"collection":[{"href":"https:\/\/manuelrojas.cl\/index.php\/wp-json\/wp\/v2\/pages"}],"about":[{"href":"https:\/\/manuelrojas.cl\/index.php\/wp-json\/wp\/v2\/types\/page"}],"author":[{"embeddable":true,"href":"https:\/\/manuelrojas.cl\/index.php\/wp-json\/wp\/v2\/users\/1"}],"replies":[{"embeddable":true,"href":"https:\/\/manuelrojas.cl\/index.php\/wp-json\/wp\/v2\/comments?post=11182"}],"version-history":[{"count":11,"href":"https:\/\/manuelrojas.cl\/index.php\/wp-json\/wp\/v2\/pages\/11182\/revisions"}],"predecessor-version":[{"id":11885,"href":"https:\/\/manuelrojas.cl\/index.php\/wp-json\/wp\/v2\/pages\/11182\/revisions\/11885"}],"wp:attachment":[{"href":"https:\/\/manuelrojas.cl\/index.php\/wp-json\/wp\/v2\/media?parent=11182"}],"curies":[{"name":"wp","href":"https:\/\/api.w.org\/{rel}","templated":true}]}}