{"id":12020,"date":"2025-07-29T02:24:44","date_gmt":"2025-07-29T02:24:44","guid":{"rendered":"https:\/\/manuelrojas.cl\/?page_id=12020"},"modified":"2025-08-11T21:38:48","modified_gmt":"2025-08-11T21:38:48","slug":"ensayos-i-el-arbol-siempre-verde","status":"publish","type":"page","link":"https:\/\/manuelrojas.cl\/index.php\/ensayos-i-el-arbol-siempre-verde\/","title":{"rendered":"Ensayos I &#8211; El \u00e1rbol siempre verde"},"content":{"rendered":"<p>[et_pb_section fb_built=&#8221;1&#8243; _builder_version=&#8221;4.17.4&#8243; _module_preset=&#8221;default&#8221; background_color=&#8221;RGBA(255,255,255,0)&#8221; custom_margin=&#8221;0px||0px||false|false&#8221; custom_padding=&#8221;0px||0px||false|false&#8221; global_colors_info=&#8221;{}&#8221;][et_pb_row _builder_version=&#8221;4.17.4&#8243; _module_preset=&#8221;default&#8221; background_color=&#8221;#FFFFFF&#8221; max_width=&#8221;1277px&#8221; custom_margin=&#8221;0px||0px||false|false&#8221; custom_padding=&#8221;0px||0px||false|false&#8221; global_colors_info=&#8221;{}&#8221;][et_pb_column type=&#8221;4_4&#8243; _builder_version=&#8221;4.17.4&#8243; _module_preset=&#8221;default&#8221; global_colors_info=&#8221;{}&#8221;][et_pb_text _builder_version=&#8221;4.17.4&#8243; _module_preset=&#8221;default&#8221; text_font=&#8221;Alegreya||||||||&#8221; header_3_font=&#8221;Alegreya|600|||||||&#8221; header_3_text_color=&#8221;#005B84&#8243; custom_margin=&#8221;|20px|5px||false|false&#8221; custom_padding=&#8221;20px|20px|||false|false&#8221; border_width_bottom=&#8221;1px&#8221; border_color_bottom=&#8221;#cccccc&#8221; border_style_bottom=&#8221;dotted&#8221; border_width_left=&#8221;3px&#8221; border_color_left=&#8221;#005B84&#8243; global_colors_info=&#8221;{}&#8221;]<\/p>\n<h3>\u00a0 <span style=\"color: rgba(53, 53, 53, 0.63);\">Obra \/<\/span> <a href=\"https:\/\/manuelrojas.cl\/index.php\/ensayos-2\/\">Ensayos<\/a> \/ Ensayos I &#8211; El \u00e1rbol siempre verde<\/h3>\n<p>[\/et_pb_text][\/et_pb_column][\/et_pb_row][et_pb_row column_structure=&#8221;2_5,3_5&#8243; _builder_version=&#8221;4.17.4&#8243; _module_preset=&#8221;default&#8221; background_color=&#8221;#FFFFFF&#8221; background_image=&#8221;https:\/\/manuelrojas.cl\/wp-content\/uploads\/2023\/05\/com-spliter.png&#8221; background_size=&#8221;initial&#8221; background_repeat=&#8221;repeat&#8221; width_tablet=&#8221;&#8221; width_phone=&#8221;&#8221; width_last_edited=&#8221;on|phone&#8221; max_width_tablet=&#8221;&#8221; max_width_phone=&#8221;&#8221; max_width_last_edited=&#8221;on|phone&#8221; custom_padding=&#8221;|30px||30px|false|false&#8221; global_colors_info=&#8221;{}&#8221;][et_pb_column type=&#8221;2_5&#8243; _builder_version=&#8221;4.17.4&#8243; _module_preset=&#8221;default&#8221; global_colors_info=&#8221;{}&#8221;][et_pb_image src=&#8221;https:\/\/manuelrojas.cl\/wp-content\/uploads\/2025\/07\/Manuel-Rojas-Ensayos-Completos-I-scaled.jpg&#8221; _builder_version=&#8221;4.17.4&#8243; _module_preset=&#8221;default&#8221; title_text=&#8221;Manuel Rojas &#8211; Ensayos Completos I&#8221; hover_enabled=&#8221;0&#8243; sticky_enabled=&#8221;0&#8243; min_height=&#8221;500px&#8221; max_height=&#8221;500px&#8221; align=&#8221;center&#8221;][\/et_pb_image][\/et_pb_column][et_pb_column type=&#8221;3_5&#8243; _builder_version=&#8221;4.17.4&#8243; _module_preset=&#8221;default&#8221; global_colors_info=&#8221;{}&#8221;][et_pb_text _builder_version=&#8221;4.17.4&#8243; _module_preset=&#8221;default&#8221; text_font=&#8221;Alegreya||||||||&#8221; text_font_size=&#8221;18px&#8221; text_line_height=&#8221;1.8em&#8221; background_color=&#8221;#FFFFFF&#8221; width_tablet=&#8221;&#8221; width_phone=&#8221;&#8221; width_last_edited=&#8221;on|phone&#8221; max_width_tablet=&#8221;&#8221; max_width_phone=&#8221;&#8221; max_width_last_edited=&#8221;on|phone&#8221; custom_padding=&#8221;10px|10px|10px|10px|false|false&#8221; text_font_tablet=&#8221;Alegreya||||||||&#8221; text_font_phone=&#8221;Alegreya||||||||&#8221; text_font_last_edited=&#8221;off|desktop&#8221; text_font_size_tablet=&#8221;17px&#8221; text_font_size_phone=&#8221;10px&#8221; text_font_size_last_edited=&#8221;on|phone&#8221; border_radii=&#8221;on|1px|1px|1px|1px&#8221; border_width_all=&#8221;1px&#8221; border_color_all=&#8221;RGBA(0,91,132,0.8)&#8221; border_style_all=&#8221;dotted&#8221; global_colors_info=&#8221;{}&#8221;]<\/p>\n<div class=\"content clearfix\">\n<div class=\"content clearfix\">\n<p><strong>Ensayos Completos I- El \u00e1rbol siempre verde &#8211; Escritos sobre pol\u00edtica (1912-1972)<\/strong><\/p>\n<p><strong>Recopilaci\u00f3n y edici\u00f3n:<\/strong> Daniel Mu\u00f1oz Rojas<\/p>\n<p><strong>Primera edici\u00f3n:<\/strong> Fondo de Cultura Econ\u00f3mica &#8211; Santiago de Chile, 2024<\/p>\n<p style=\"text-align: justify;\"><a title=\"Manuel Rojas - Ensayos Completos II\" href=\"https:\/\/fondodeculturaeconomica.cl\/products\/ensayos-ii-de-que-nutre-la-esperanza-escritos-sobre-la-politica-1912-1972-9789562893954\" target=\"_blank\" rel=\"noopener noreferrer\">Acceda al libro impreso<\/a><\/p>\n<p style=\"text-align: justify;\"><a title=\"Manuel Rojas - Ensayos Completos II\" href=\"https:\/\/www.librospatagonia.com\/library\/publication\/ensayos-completos-ii-de-que-se-nutre-la-esperanza-escritos-sobre-politica-1912-1972\" target=\"_blank\" rel=\"noopener noreferrer\">Acceda al libro electr\u00f3nico<\/a><\/p>\n<h2>Rese\u00f1a<\/h2>\n<p class=\"dropcap\" style=\"text-align: justify;\">Los Ensayos completos de Manuel Rojas re\u00fanen, por primera vez y en cuatro vol\u00famenes, todos los escritos breves del afamado escritor. Se desvelan aqu\u00ed cerca de mil doscientos ensayos de su archivo personal, en su mayor\u00eda in\u00e9ditos o publicados en diarios y revistas de la \u00e9poca.<\/p>\n<p style=\"text-align: justify;\">Este libro viene a complementar y enriquecer el conocimiento de su extensa y profunda obra literaria, vigente en Chile y elogiada en toda Sudam\u00e9rica. En \u00e9l se descubre un Rojas multifac\u00e9tico: polemista, cr\u00edtico, ensayista, columnista, cronista e incluso reportero. En suma, un acabado periodista e intelectual, que pone su honesta y libre mirada en todos los temas que lo conmueven: sus pasiones pol\u00edticas y literarias, su amor por el pueblo de Chile y su cultura, los p\u00e1jaros, la naturaleza y las ciencias.<\/p>\n<p style=\"text-align: justify;\">Reunidos y editados por el nieto de Manuel Rojas, sus ensayos abarcan casi la totalidad del siglo XX: desde sus primeras proclamas aparecidas en el peri\u00f3dico anarquista <em>La Batalla<\/em>, en 1912, hasta su \u00faltima columna, escrita durante el gobierno de Salvador Allende para el diario <em>Clar\u00edn<\/em>, en octubre de 1972, solo algunos meses antes de su muerte y del golpe militar de 1973.<\/p>\n<p style=\"text-align: justify;\"><em>Este libro re\u00fane los textos pol\u00edticos de Manuel Rojas en un arco que abarca seis d\u00e9cadas de escritura. Desde el primer texto publicado, cuando Rojas ten\u00eda s\u00f3lo diecis\u00e9is a\u00f1os, hasta un art\u00edculo en el diario <\/em>Clar\u00edn<em>, fechado en octubre de 1972, pocos meses antes de morir. La mayor parte fueron publicados en medios de prensa, revistas y diarios, muchos de ellos fundados por el propio Rojas junto a otros escritores y periodistas. La escritura es aqu\u00ed una forma de intervenir en el espacio p\u00fablico, incentivar el debate y la circulaci\u00f3n de ciertas ideas, as\u00ed como la comprensi\u00f3n cr\u00edtica de la realidad.<\/em><\/p>\n<p style=\"text-align: justify;\"><em>\u00abHay que aprender la esperanza\u00bb, dec\u00eda Ernst Bloch. Manuel Rojas dedic\u00f3 su vida a ese aprendizaje. En medio del horror y la miseria, cuando la esperanza parec\u00eda morir de hambre, siempre encontr\u00f3 algo de comer para mantenerla viva. Encontr\u00f3 la ternura, por ejemplo: \u00abHacia los ni\u00f1os, las mujeres, los animales, los \u00e1rboles\u00bb, como escribi\u00f3 alguna vez. Encontr\u00f3 la utop\u00eda, porque \u00ab\u00a1ay del mundo el d\u00eda en que se terminen los compradores de billetes de loter\u00eda y los so\u00f1adores!\u00bb. Manuel Rojas, su vida, su obra, son una inspiraci\u00f3n porque nos invitan a eso: a vivir buscando aprender la esperanza.<\/em><\/p>\n<p style=\"text-align: justify;\">Del pr\u00f3logo de Jaime Pinos \u00abAprender la esperanza\u00bb.<\/p>\n<hr \/>\n<p style=\"text-align: justify;\"><strong>Ensayos Completos II &#8211; De qu\u00e9 se nutre la esperanza<\/strong>, se public\u00f3 en dos versiones. <a href=\"https:\/\/fondodeculturaeconomica.cl\/products\/ensayos-ii-de-que-nutre-la-esperanza-escritos-sobre-la-politica-1912-1972-9789562893954\" target=\"_blank\" rel=\"noopener\" title=\"Manuel Rojas - Ensayos\">El libro impreso<\/a> contiene un Pr\u00f3logo de Jaime Pinos, una Nota del editor, y una selecci\u00f3n de ciento sesenta ensayos sobre pol\u00edtica. <a href=\"https:\/\/www.librospatagonia.com\/library\/publication\/ensayos-completos-ii-de-que-se-nutre-la-esperanza-escritos-sobre-politica-1912-1972\" target=\"_blank\" rel=\"noopener\" title=\"Manuel Rojas - Ensayos\">El libro electr\u00f3nico<\/a>, contiene la totalidad de sus ensayos sobre el acontecer pol\u00edtico de su tiempo, y un Anexo que incluye una Cronolog\u00eda que cubre toda la vida del autor, una Bibliograf\u00eda completa de sus art\u00edculos, ordenados cronol\u00f3gicamente, y un \u00cdndice onom\u00e1stico.<\/p>\n<\/div>\n<\/div>\n<p>[\/et_pb_text][\/et_pb_column][\/et_pb_row][\/et_pb_section]<\/p>\n","protected":false},"excerpt":{"rendered":"<p>\u00a0 Obra \/ Ensayos \/ Ensayos I &#8211; El \u00e1rbol siempre verde Ensayos Completos I- El \u00e1rbol siempre verde &#8211; Escritos sobre pol\u00edtica (1912-1972) Recopilaci\u00f3n y edici\u00f3n: Daniel Mu\u00f1oz Rojas Primera edici\u00f3n: Fondo de Cultura Econ\u00f3mica &#8211; Santiago de Chile, 2024 Acceda al libro impreso Acceda al libro electr\u00f3nico Rese\u00f1a Los Ensayos completos de Manuel [&hellip;]<\/p>\n","protected":false},"author":1,"featured_media":0,"parent":0,"menu_order":0,"comment_status":"closed","ping_status":"closed","template":"","meta":{"_et_pb_use_builder":"on","_et_pb_old_content":"","_et_gb_content_width":"","footnotes":""},"class_list":["post-12020","page","type-page","status-publish","hentry"],"_links":{"self":[{"href":"https:\/\/manuelrojas.cl\/index.php\/wp-json\/wp\/v2\/pages\/12020","targetHints":{"allow":["GET"]}}],"collection":[{"href":"https:\/\/manuelrojas.cl\/index.php\/wp-json\/wp\/v2\/pages"}],"about":[{"href":"https:\/\/manuelrojas.cl\/index.php\/wp-json\/wp\/v2\/types\/page"}],"author":[{"embeddable":true,"href":"https:\/\/manuelrojas.cl\/index.php\/wp-json\/wp\/v2\/users\/1"}],"replies":[{"embeddable":true,"href":"https:\/\/manuelrojas.cl\/index.php\/wp-json\/wp\/v2\/comments?post=12020"}],"version-history":[{"count":10,"href":"https:\/\/manuelrojas.cl\/index.php\/wp-json\/wp\/v2\/pages\/12020\/revisions"}],"predecessor-version":[{"id":12046,"href":"https:\/\/manuelrojas.cl\/index.php\/wp-json\/wp\/v2\/pages\/12020\/revisions\/12046"}],"wp:attachment":[{"href":"https:\/\/manuelrojas.cl\/index.php\/wp-json\/wp\/v2\/media?parent=12020"}],"curies":[{"name":"wp","href":"https:\/\/api.w.org\/{rel}","templated":true}]}}