{"id":1552,"date":"2012-11-29T20:25:43","date_gmt":"2012-11-29T20:25:43","guid":{"rendered":"http:\/\/www.manuelrojas.cl\/?page_id=1552"},"modified":"2024-11-06T16:21:27","modified_gmt":"2024-11-06T16:21:27","slug":"derechos-de-autor","status":"publish","type":"page","link":"https:\/\/manuelrojas.cl\/index.php\/derechos-de-autor\/","title":{"rendered":"Derechos de autor"},"content":{"rendered":"<p>[et_pb_section fb_built=&#8221;1&#8243; _builder_version=&#8221;4.17.4&#8243; max_width=&#8221;90%&#8221; module_alignment=&#8221;center&#8221; global_colors_info=&#8221;{}&#8221;][et_pb_row _builder_version=&#8221;4.16&#8243; background_size=&#8221;initial&#8221; background_position=&#8221;top_left&#8221; background_repeat=&#8221;repeat&#8221; global_colors_info=&#8221;{}&#8221;][et_pb_column type=&#8221;4_4&#8243; _builder_version=&#8221;4.16&#8243; custom_padding=&#8221;|||&#8221; global_colors_info=&#8221;{}&#8221; custom_padding__hover=&#8221;|||&#8221;][et_pb_text _builder_version=&#8221;4.17.4&#8243; text_font=&#8221;Alegreya||||||||&#8221; text_font_size=&#8221;16px&#8221; background_size=&#8221;initial&#8221; background_position=&#8221;top_left&#8221; background_repeat=&#8221;repeat&#8221; text_orientation=&#8221;justified&#8221; hover_enabled=&#8221;0&#8243; global_colors_info=&#8221;{}&#8221; sticky_enabled=&#8221;0&#8243;]<\/p>\n<p>\u00a0La Sucesi\u00f3n Manuel Rojas es la poseedora de los derechos de autor de Manuel Rojas. La Fundaci\u00f3n Manuel Rojas as\u00ed como la Sucesi\u00f3n promueven y patrocinan proyectos editoriales y audiovisuales.<\/p>\n<div>\n<p>Los interesados en solicitar los derechos de autor de Manuel Rojas deben dirigirse a :<br \/>Sucesi\u00f3n Manuel Rojas<br \/>Llewellyn Jones 1212, Santiago, Chile<br \/>Email :\u00a0<a href=\"mailto:sucesion@manuelrojas.cl\">sucesion@manuelrojas.cl<\/a><\/p>\n<p>&nbsp;<\/p>\n<\/div>\n<div>\n<p>Los interesados en solicitar el patrocinio de la Fundaci\u00f3n Manuel Rojas deben dirigirse a :<br \/>Fundaci\u00f3n Manuel Rojas<br \/>Llewellyn Jones 1212, Santiago, Chile<br \/>Email :\u00a0<a href=\"mailto:fundacion@manuelrojas.cl\">fundacion@manuelrojas.cl<\/a><\/p>\n<\/div>\n<hr \/>\n<p>&nbsp;<\/p>\n<p>The Manuel Rojas Succession is the owner of the Manuel Rojas\u2019 Copyright. The Manuel Rojas Foundation and the Succession promotes and sponsors editorial and audiovisual projects.<\/p>\n<p>&nbsp;<\/p>\n<div>\n<p>Applicants for the Manuel Rojas\u2019 Copyright should contact :<br \/>Sucesi\u00f3n Manuel Rojas<br \/>Llewellyn Jones 1212, Santiago, Chile<br \/>Email: <a href=\"mailto:sucesion@manuelrojas.cl\">sucesion@manuelrojas.cl<\/a><\/p>\n<p>&nbsp;<\/p>\n<\/div>\n<div>Applicants for Manuel Rojas Foundation sponsoring should contact :<\/div>\n<div>Fundaci\u00f3n Manuel Rojas<\/div>\n<div>Llewellyn Jones 1212, Santiago, Chile<\/div>\n<div>Email : <a href=\"mailto:fundacion@manuelrojas.cl\">fundacion@manuelrojas.cl<\/a><\/div>\n<p>[\/et_pb_text][\/et_pb_column][\/et_pb_row][\/et_pb_section]<\/p>\n","protected":false},"excerpt":{"rendered":"<p>\u00a0La Sucesi\u00f3n Manuel Rojas es la poseedora de los derechos de autor de Manuel Rojas. La Fundaci\u00f3n Manuel Rojas as\u00ed como la Sucesi\u00f3n promueven y patrocinan proyectos editoriales y audiovisuales. Los interesados en solicitar los derechos de autor de Manuel Rojas deben dirigirse a :Sucesi\u00f3n Manuel RojasLlewellyn Jones 1212, Santiago, ChileEmail :\u00a0sucesion@manuelrojas.cl &nbsp; Los interesados [&hellip;]<\/p>\n","protected":false},"author":1,"featured_media":7799,"parent":0,"menu_order":50,"comment_status":"closed","ping_status":"closed","template":"","meta":{"_et_pb_use_builder":"on","_et_pb_old_content":"<p class=\"dropcap\">La <strong>Sucesi\u00f3n Manuel Rojas<\/strong>\u00a0es la poseedoras de los derechos de autor de Manuel Rojas. La <strong>Fundaci\u00f3n Manuel Rojas <\/strong>as\u00ed como la <strong>Sucesi\u00f3n<\/strong> promueven y patrocinan proyectos editoriales y audiovisuales.<\/p>\n\n<div class=\"box-note\">Los interesados en solicitar los derechos de autor de Manuel Rojas deben dirigirse a :\n<strong>Sucesi\u00f3n Manuel Rojas<\/strong>\nLlewellyn Jones 1212, Santiago, Chile\n<strong>Email :\u00a0<\/strong><a href=\"http:\/\/www.manuelrojas.cl\/contacto\/\">sucesion@manuelrojas.cl<\/a><\/div>\n<div class=\"box-note\">Los interesados en solicitar el patrocinio de la Fundaci\u00f3n Manuel Rojas deben dirigirse a :\n<strong>Fundaci\u00f3n Manuel Rojas<\/strong>\nLlewellyn Jones 1212, Santiago, Chile\n<strong>Email :\u00a0<\/strong><a href=\"http:\/\/www.manuelrojas.cl\/contacto\/\">fundacion@manuelrojas.cl<\/a><\/div>\n\n<hr class=\"hr-7\" \/>\n<p class=\"dropcap\">The\u00a0<strong>Manuel Rojas Succession<\/strong>\u00a0is the owner of the Manuel Rojas\u2019 Copyright. The\u00a0<strong>Manuel Rojas Foundation<\/strong>\u00a0and the\u00a0<strong>Succession<\/strong>\u00a0promotes and sponsors editorial and audiovisual projects.<\/p>\n\n<div class=\"box-note\">Applicants for the Manuel Rojas\u2019 Copyright should contact :\n<strong>Sucesi\u00f3n Manuel Rojas\n<\/strong>\u00a0Llewellyn Jones 1212, Santiago, Chile\n<strong>Email :\u00a0<\/strong><a href=\"http:\/\/www.manuelrojas.cl\/contacto\/\">sucesion@manuelrojas.cl<\/a><\/div>\n<div class=\"box-note\">Applicants for Manuel Rojas Foundation sponsoring should contact :\n<strong>Fundaci\u00f3n Manuel Rojas\n<\/strong>\u00a0Llewellyn Jones 1212, Santiago, Chile\n<strong>Email :\u00a0<\/strong><a href=\"http:\/\/www.manuelrojas.cl\/contacto\/\">fundacion@manuelrojas.cl<\/a><\/div>\n[shareaholic app=\"share_buttons\" id=\"5732944\"]","_et_gb_content_width":"","footnotes":""},"class_list":["post-1552","page","type-page","status-publish","has-post-thumbnail","hentry"],"_links":{"self":[{"href":"https:\/\/manuelrojas.cl\/index.php\/wp-json\/wp\/v2\/pages\/1552","targetHints":{"allow":["GET"]}}],"collection":[{"href":"https:\/\/manuelrojas.cl\/index.php\/wp-json\/wp\/v2\/pages"}],"about":[{"href":"https:\/\/manuelrojas.cl\/index.php\/wp-json\/wp\/v2\/types\/page"}],"author":[{"embeddable":true,"href":"https:\/\/manuelrojas.cl\/index.php\/wp-json\/wp\/v2\/users\/1"}],"replies":[{"embeddable":true,"href":"https:\/\/manuelrojas.cl\/index.php\/wp-json\/wp\/v2\/comments?post=1552"}],"version-history":[{"count":9,"href":"https:\/\/manuelrojas.cl\/index.php\/wp-json\/wp\/v2\/pages\/1552\/revisions"}],"predecessor-version":[{"id":11403,"href":"https:\/\/manuelrojas.cl\/index.php\/wp-json\/wp\/v2\/pages\/1552\/revisions\/11403"}],"wp:featuredmedia":[{"embeddable":true,"href":"https:\/\/manuelrojas.cl\/index.php\/wp-json\/wp\/v2\/posts\/7799"}],"wp:attachment":[{"href":"https:\/\/manuelrojas.cl\/index.php\/wp-json\/wp\/v2\/media?parent=1552"}],"curies":[{"name":"wp","href":"https:\/\/api.w.org\/{rel}","templated":true}]}}