{"id":30,"date":"2012-09-26T15:06:18","date_gmt":"2012-09-26T15:06:18","guid":{"rendered":"http:\/\/www.manuelrojas.cl\/?page_id=30"},"modified":"2024-11-07T01:49:37","modified_gmt":"2024-11-07T01:49:37","slug":"manuel-rojas","status":"publish","type":"page","link":"https:\/\/manuelrojas.cl\/index.php\/manuel-rojas\/","title":{"rendered":"Manuel Rojas"},"content":{"rendered":"<p>[et_pb_section fb_built=&#8221;1&#8243; admin_label=&#8221;section&#8221; _builder_version=&#8221;4.17.4&#8243; background_image=&#8221;https:\/\/manuelrojas.cl\/wp-content\/uploads\/2023\/05\/com-spliter.png&#8221; background_size=&#8221;initial&#8221; background_repeat=&#8221;repeat&#8221; width=&#8221;90%&#8221; max_width=&#8221;90%&#8221; module_alignment=&#8221;center&#8221; global_colors_info=&#8221;{}&#8221;][et_pb_row column_structure=&#8221;1_3,1_3,1_3&#8243; admin_label=&#8221;row&#8221; _builder_version=&#8221;4.17.4&#8243; background_size=&#8221;initial&#8221; background_position=&#8221;top_left&#8221; background_repeat=&#8221;repeat&#8221; global_colors_info=&#8221;{}&#8221;][et_pb_column type=&#8221;1_3&#8243; _builder_version=&#8221;4.16&#8243; custom_padding=&#8221;|||&#8221; global_colors_info=&#8221;{}&#8221; custom_padding__hover=&#8221;|||&#8221;][et_pb_text admin_label=&#8221;Text&#8221; _builder_version=&#8221;4.17.4&#8243; text_font=&#8221;Alegreya||||||||&#8221; text_font_size=&#8221;16px&#8221; text_line_height=&#8221;1.8em&#8221; header_font=&#8221;Alegreya||||||||&#8221; header_2_font=&#8221;Alegreya||||||||&#8221; header_3_font=&#8221;Alegreya||||||||&#8221; header_4_font=&#8221;Alegreya||||||||&#8221; header_4_font_size=&#8221;30px&#8221; header_4_letter_spacing=&#8221;1px&#8221; header_4_line_height=&#8221;1.7em&#8221; background_color=&#8221;#FFFFFF&#8221; background_size=&#8221;initial&#8221; background_position=&#8221;top_left&#8221; background_repeat=&#8221;repeat&#8221; text_orientation=&#8221;justified&#8221; custom_margin=&#8221;|10px||10px|false|false&#8221; custom_padding=&#8221;|20px||20px|false|false&#8221; hover_enabled=&#8221;0&#8243; border_radii=&#8221;on|5px|5px|5px|5px&#8221; border_width_all=&#8221;1px&#8221; border_color_all=&#8221;#D6D6D6&#8243; global_colors_info=&#8221;{}&#8221; sticky_enabled=&#8221;0&#8243;]<\/p>\n<div class=\"p-column p-column-1-3\">\n<p>&nbsp;<\/p>\n<h4><strong><span style=\"color: #005c85;\">Vida<\/span><\/strong><\/h4>\n<p style=\"text-align: justify;\" align=\"justify\">&#8220;Nac\u00ed en Buenos Aires, en una casa situada en la calle Combate de los Pozos, N\u00ba 1678. Ignoro qui\u00e9nes, adem\u00e1s de mis padres&#8230; viv\u00edan all\u00ed. No tengo m\u00e1s que una fecha y una direcci\u00f3n, demasiado segura la primera, insegura la \u00faltima. Es poco, no hay m\u00e1s y podr\u00eda haber menos. \u00a0Despu\u00e9s de mi nacimiento transcurren a\u00f1os&#8230; en que s\u00f3lo encuentro im\u00e1genes de Santiago de Chile y una que otra visi\u00f3n de viaje&#8230; Mis padres eran un poco vagabundos, como yo lo he sido.&#8221;<strong><small> Im\u00e1genes de Infancia. Manuel Rojas, 1955.<\/small><\/strong><\/p>\n<ul>\n<li><a title=\"Biograf\u00eda\" href=\"https:\/\/manuelrojas.cl\/index.php\/manuel-rojas\/vida\/biografia\/\">Biograf\u00eda<\/a><\/li>\n<\/ul>\n<\/div>\n<div class=\"p-column p-column-1-3\"><\/div>\n<div class=\"p-column p-column-1-3\"><\/div>\n<p>[\/et_pb_text][\/et_pb_column][et_pb_column type=&#8221;1_3&#8243; _builder_version=&#8221;4.16&#8243; custom_padding=&#8221;|||&#8221; global_colors_info=&#8221;{}&#8221; custom_padding__hover=&#8221;|||&#8221;][et_pb_text admin_label=&#8221;Text&#8221; _builder_version=&#8221;4.17.4&#8243; text_font=&#8221;Alegreya||||||||&#8221; text_font_size=&#8221;16px&#8221; text_line_height=&#8221;1.8em&#8221; header_font=&#8221;Alegreya||||||||&#8221; header_2_font=&#8221;Alegreya||||||||&#8221; header_3_font=&#8221;Alegreya||||||||&#8221; header_4_font=&#8221;Alegreya||||||||&#8221; header_4_font_size=&#8221;30px&#8221; header_4_letter_spacing=&#8221;1px&#8221; header_4_line_height=&#8221;1.7em&#8221; background_color=&#8221;#FFFFFF&#8221; background_size=&#8221;initial&#8221; background_position=&#8221;top_left&#8221; background_repeat=&#8221;repeat&#8221; text_orientation=&#8221;justified&#8221; custom_margin=&#8221;|10px||10px|false|false&#8221; custom_padding=&#8221;|20px||20px|false|false&#8221; hover_enabled=&#8221;0&#8243; border_radii=&#8221;on|5px|5px|5px|5px&#8221; border_width_all=&#8221;1px&#8221; border_color_all=&#8221;#D6D6D6&#8243; global_colors_info=&#8221;{}&#8221; sticky_enabled=&#8221;0&#8243;]<\/p>\n<div class=\"p-column p-column-1-3\">\n<p>&nbsp;<\/p>\n<\/div>\n<div class=\"p-column p-column-1-3\">\n<h4><strong><span style=\"color: #005c85;\"><\/span><\/strong><\/h4>\n<h4><strong><span style=\"color: #005c85;\">Obra<\/span><\/strong><\/h4>\n<p align=\"justify\">\u201cNunca se me ha preguntado por qu\u00e9 escrib\u00ed\u2026 El primero en hacerme esa pregunta fui yo mismo, y, con gran sorpresa de mi parte, no supe qu\u00e9 contestarme&#8230; Comenc\u00e9 a leer libros de creaci\u00f3n literaria a los doce a\u00f1os. Nadie me indujo a ello y no tuve como otros ni\u00f1os, qui\u00e9n me regalara libros&#8230;\u00a0En el trayecto entre mi casa y el colegio se hallaba un negocio en cuya vitrina descubr\u00ed\u00a0un libro cuya car\u00e1tula me atrajo: se ve\u00eda en ella un salvaje que era alcanzado, en plena carrera, por una flecha que le her\u00eda la espalda.\u201d <strong><small>Algo sobre mi experiencia literaria. Manuel Rojas,\u00a01960.<\/small><\/strong><\/p>\n<ul>\n<li><a title=\"Poes\u00eda\" href=\"https:\/\/manuelrojas.cl\/index.php\/manuel-rojas\/obra\/poesia\/\">Poes\u00eda<\/a><\/li>\n<li><a title=\"Cuentos\" href=\"https:\/\/manuelrojas.cl\/index.php\/obras_libro\/cuentos-libro\/\">Cuentos<\/a><\/li>\n<li><a title=\"Novelas\" href=\"https:\/\/manuelrojas.cl\/index.php\/novelas\/\">Novelas<\/a><\/li>\n<li><a title=\"Ensayos\" href=\"https:\/\/manuelrojas.cl\/index.php\/ensayos-2\/\">Ensayos<\/a><\/li>\n<li><a title=\"Autobiograf\u00edas &amp; Viajes\" href=\"https:\/\/manuelrojas.cl\/index.php\/manuel-rojas\/obra\/autobiografias_viajes\/\">Autobiograf\u00edas &amp; Viajes<\/a><\/li>\n<li><a title=\"Compilaciones\" href=\"https:\/\/manuelrojas.cl\/index.php\/compilaciones\/\">Compilaciones<\/a><\/li>\n<\/ul>\n<\/div>\n<div class=\"p-column p-column-1-3 p-column-last\"><\/div>\n<div class=\"p-column p-column-1-3\"><\/div>\n<p>[\/et_pb_text][\/et_pb_column][et_pb_column type=&#8221;1_3&#8243; _builder_version=&#8221;4.16&#8243; custom_padding=&#8221;|||&#8221; global_colors_info=&#8221;{}&#8221; custom_padding__hover=&#8221;|||&#8221;][et_pb_text admin_label=&#8221;Text&#8221; _builder_version=&#8221;4.17.4&#8243; text_font=&#8221;Alegreya||||||||&#8221; text_font_size=&#8221;16px&#8221; text_line_height=&#8221;1.8em&#8221; header_font=&#8221;Alegreya||||||||&#8221; header_2_font=&#8221;Alegreya||||||||&#8221; header_3_font=&#8221;Alegreya||||||||&#8221; header_4_font=&#8221;Alegreya||||||||&#8221; header_4_font_size=&#8221;30px&#8221; header_4_letter_spacing=&#8221;1px&#8221; header_4_line_height=&#8221;1.7em&#8221; background_color=&#8221;#FFFFFF&#8221; background_size=&#8221;initial&#8221; background_position=&#8221;top_left&#8221; background_repeat=&#8221;repeat&#8221; text_orientation=&#8221;justified&#8221; custom_margin=&#8221;|10px||10px|false|false&#8221; custom_padding=&#8221;|20px||20px|false|false&#8221; hover_enabled=&#8221;0&#8243; border_radii=&#8221;on|5px|5px|5px|5px&#8221; border_width_all=&#8221;1px&#8221; border_color_all=&#8221;#D6D6D6&#8243; global_colors_info=&#8221;{}&#8221; sticky_enabled=&#8221;0&#8243;]<\/p>\n<div class=\"p-column p-column-1-3\">\n<p>&nbsp;<\/p>\n<\/div>\n<div class=\"p-column p-column-1-3 p-column-last\">\n<h4><strong><span style=\"color: #005c85;\"><\/span><\/strong><\/h4>\n<h4><strong><span style=\"color: #005c85;\">Galer\u00eda<\/span><\/strong><\/h4>\n<p align=\"justify\"><em>\u00bfHay algo que usted hizo hace veinte a\u00f1os y que no repetir\u00eda hoy d\u00eda?<\/em> &#8211; Nada. Lo repetir\u00eda todo; algunas cosas, dos veces.<em> \u00bfDe qu\u00e9 placer terrenal le gustar\u00eda seguir disfrutando en el M\u00e1s All\u00e1?<\/em> &#8211; No creo en el M\u00e1s All\u00e1; por si acaso, caminar por los cerros de la precordillera. <em>Si volviera a ser ni\u00f1o, \u00bfqu\u00e9 es lo primero que le gustar\u00eda hacer?<\/em> &#8211; Acostarme y o\u00edr a mi madre contarme alguna historia. <em>\u00bfExiste algo por lo que usted estar\u00eda dispuesto a arriesgar su vida? <\/em>&#8211; Por la libertad. <strong><small>Un personaje al trasluz. Entrevista a Manuel Rojas por Lenka Franulic,\u00a01958.<\/small><\/strong><\/p>\n<ul>\n<li><a title=\"Fotos\" href=\"https:\/\/manuelrojas.cl\/index.php\/manuel-rojas\/galeria\/fotografias\/\">Fotograf\u00edas<\/a><\/li>\n<li><a href=\"https:\/\/manuelrojas.cl\/index.php\/10035-2\/\">Entrevistas<\/a><\/li>\n<li><a title=\"Audios\" href=\"https:\/\/manuelrojas.cl\/index.php\/manuel-rojas\/galeria\/audios\/\">Audios<\/a><\/li>\n<\/ul>\n<\/div>\n<div class=\"p-column p-column-1-3\"><\/div>\n<div class=\"p-column p-column-1-3\"><\/div>\n<div class=\"p-column p-column-1-3\"><\/div>\n<p>[\/et_pb_text][\/et_pb_column][\/et_pb_row][\/et_pb_section]<\/p>\n","protected":false},"excerpt":{"rendered":"<p>&nbsp; Vida &#8220;Nac\u00ed en Buenos Aires, en una casa situada en la calle Combate de los Pozos, N\u00ba 1678. Ignoro qui\u00e9nes, adem\u00e1s de mis padres&#8230; viv\u00edan all\u00ed. No tengo m\u00e1s que una fecha y una direcci\u00f3n, demasiado segura la primera, insegura la \u00faltima. Es poco, no hay m\u00e1s y podr\u00eda haber menos. \u00a0Despu\u00e9s de mi [&hellip;]<\/p>\n","protected":false},"author":1,"featured_media":7794,"parent":0,"menu_order":5,"comment_status":"closed","ping_status":"closed","template":"","meta":{"_et_pb_use_builder":"on","_et_pb_old_content":"<div class=\"p-column p-column-1-3\">\n\n<img class=\"responsiva alignleft wp-image-4845 size-full\" src=\"http:\/\/www.manuelrojas.cl\/wp-content\/uploads\/2Manuel-Rojas-Vida.jpg\" alt=\"2Manuel Rojas Vida\" width=\"268\" height=\"170\" \/>\n<h4><strong><span style=\"color: #005c85;\">Vida<\/span><\/strong><\/h4>\n<p style=\"text-align: justify;\" align=\"justify\">\"Nac\u00ed en Buenos Aires, en una casa situada en la calle Combate de los Pozos, N\u00ba 1678. Ignoro qui\u00e9nes, adem\u00e1s de mis padres... viv\u00edan all\u00ed. No tengo m\u00e1s que una fecha y una direcci\u00f3n, demasiado segura la primera, insegura la \u00faltima. Es poco, no hay m\u00e1s y podr\u00eda haber menos. \u00a0Despu\u00e9s de mi nacimiento transcurren a\u00f1os... en que s\u00f3lo encuentro im\u00e1genes de Santiago de Chile y una que otra visi\u00f3n de viaje... Mis padres eran un poco vagabundos, como yo lo he sido.\"<strong><small> Im\u00e1genes de Infancia. Manuel Rojas, 1955.<\/small><\/strong><\/p>\n\n<ul>\n \t<li><a title=\"Biograf\u00eda\" href=\"http:\/\/www.manuelrojas.cl\/?page_id=63\">Biograf\u00eda<\/a><\/li>\n<\/ul>\n<\/div>\n<div class=\"p-column p-column-1-3\">\n\n<img class=\"responsiva alignleft wp-image-4846 size-full\" src=\"http:\/\/www.manuelrojas.cl\/wp-content\/uploads\/3Manuel-Rojas-Obra.jpg\" alt=\"3Manuel Rojas Obra\" width=\"268\" height=\"170\" \/>\n<h4><strong><span style=\"color: #005c85;\">Obra<\/span><\/strong><\/h4>\n<p align=\"justify\">\u201cNunca se me ha preguntado por qu\u00e9 escrib\u00ed\u2026 El primero en hacerme esa pregunta fui yo mismo, y, con gran sorpresa de mi parte, no supe qu\u00e9 contestarme... Comenc\u00e9 a leer libros de creaci\u00f3n literaria a los doce a\u00f1os. Nadie me indujo a ello y no tuve como otros ni\u00f1os, qui\u00e9n me regalara libros...\u00a0En el trayecto entre mi casa y el colegio se hallaba un negocio en cuya vitrina descubr\u00ed\u00a0un libro cuya car\u00e1tula me atrajo: se ve\u00eda en ella un salvaje que era alcanzado, en plena carrera, por una flecha que le her\u00eda la espalda.\u201d <strong><small>Algo sobre mi experiencia literaria. Manuel Rojas,\u00a01960.<\/small><\/strong><\/p>\n\n<ul>\n \t<li><a title=\"Poes\u00eda\" href=\"http:\/\/www.manuelrojas.cl\/?page_id=5130\">Poes\u00eda<\/a><\/li>\n \t<li><a title=\"Cuentos\" href=\"http:\/\/www.manuelrojas.cl\/?page_id=5189\">Cuentos<\/a><\/li>\n \t<li><a title=\"Novelas\" href=\"http:\/\/www.manuelrojas.cl\/?page_id=5199\">Novelas<\/a><\/li>\n \t<li><a title=\"Ensayos\" href=\"http:\/\/www.manuelrojas.cl\/?page_id=5301\">Ensayos<\/a><\/li>\n \t<li><a title=\"Autobiograf\u00edas &amp; Viajes\" href=\"http:\/\/www.manuelrojas.cl\/?page_id=5325\">Autobiograf\u00edas &amp; Viajes<\/a><\/li>\n \t<li><a title=\"Compilaciones\" href=\"http:\/\/www.manuelrojas.cl\/?page_id=5351\">Compilaciones<\/a><\/li>\n<\/ul>\n<\/div>\n<div class=\"p-column p-column-1-3 p-column-last\">\n\n<img class=\"responsiva alignleft wp-image-4847 size-full\" src=\"http:\/\/www.manuelrojas.cl\/wp-content\/uploads\/intro-galeria.jpg\" alt=\"intro-galeria\" width=\"268\" height=\"170\" \/>\n<h4><strong><span style=\"color: #005c85;\">Galer\u00eda<\/span><\/strong><\/h4>\n<p align=\"justify\"><em>\u00bfHay algo que usted hizo hace veinte a\u00f1os y que no repetir\u00eda hoy d\u00eda?<\/em> - Nada. Lo repetir\u00eda todo; algunas cosas, dos veces.<em> \u00bfDe qu\u00e9 placer terrenal le gustar\u00eda seguir disfrutando en el M\u00e1s All\u00e1?<\/em> - No creo en el M\u00e1s All\u00e1; por si acaso, caminar por los cerros de la precordillera. <em>Si volviera a ser ni\u00f1o, \u00bfqu\u00e9 es lo primero que le gustar\u00eda hacer?<\/em> - Acostarme y o\u00edr a mi madre contarme alguna historia. <em>\u00bfExiste algo por lo que usted estar\u00eda dispuesto a arriesgar su vida? <\/em>- Por la libertad. <strong><small>Un personaje al trasluz. Entrevista a Manuel Rojas por Lenka Franulic,\u00a01958.<\/small><\/strong><\/p>\n\n<ul>\n \t<li><a title=\"Fotos\" href=\"http:\/\/www.manuelrojas.cl\/?page_id=125\">Fotograf\u00edas<\/a><\/li>\n \t<li><a title=\"\" href=\"http:\/\/www.manuelrojas.cl\/?cat=27&amp;lang=es\">Entrevistas<\/a><\/li>\n \t<li><a title=\"Audios\" href=\"http:\/\/www.manuelrojas.cl\/?page_id=128\">Audios<\/a><\/li>\n<\/ul>\n<\/div>\n<div class=\"p-column p-column-1-3\"><\/div>\n<div class=\"p-column p-column-1-3\"><\/div>\n<div class=\"p-column p-column-1-3\"><\/div>","_et_gb_content_width":"","footnotes":""},"class_list":["post-30","page","type-page","status-publish","has-post-thumbnail","hentry"],"_links":{"self":[{"href":"https:\/\/manuelrojas.cl\/index.php\/wp-json\/wp\/v2\/pages\/30","targetHints":{"allow":["GET"]}}],"collection":[{"href":"https:\/\/manuelrojas.cl\/index.php\/wp-json\/wp\/v2\/pages"}],"about":[{"href":"https:\/\/manuelrojas.cl\/index.php\/wp-json\/wp\/v2\/types\/page"}],"author":[{"embeddable":true,"href":"https:\/\/manuelrojas.cl\/index.php\/wp-json\/wp\/v2\/users\/1"}],"replies":[{"embeddable":true,"href":"https:\/\/manuelrojas.cl\/index.php\/wp-json\/wp\/v2\/comments?post=30"}],"version-history":[{"count":7,"href":"https:\/\/manuelrojas.cl\/index.php\/wp-json\/wp\/v2\/pages\/30\/revisions"}],"predecessor-version":[{"id":11496,"href":"https:\/\/manuelrojas.cl\/index.php\/wp-json\/wp\/v2\/pages\/30\/revisions\/11496"}],"wp:featuredmedia":[{"embeddable":true,"href":"https:\/\/manuelrojas.cl\/index.php\/wp-json\/wp\/v2\/posts\/7794"}],"wp:attachment":[{"href":"https:\/\/manuelrojas.cl\/index.php\/wp-json\/wp\/v2\/media?parent=30"}],"curies":[{"name":"wp","href":"https:\/\/api.w.org\/{rel}","templated":true}]}}