{"id":4871,"date":"2015-04-20T14:40:51","date_gmt":"2015-04-20T17:40:51","guid":{"rendered":"http:\/\/www.manuelrojas.cl\/?page_id=4871"},"modified":"2024-11-12T01:19:05","modified_gmt":"2024-11-12T01:19:05","slug":"tonada-del-transeunte","status":"publish","type":"page","link":"https:\/\/manuelrojas.cl\/index.php\/tonada-del-transeunte\/","title":{"rendered":"Tonada del transe\u00fante"},"content":{"rendered":"<p>[et_pb_section fb_built=&#8221;1&#8243; _builder_version=&#8221;4.17.4&#8243; _module_preset=&#8221;default&#8221; background_color=&#8221;RGBA(255,255,255,0)&#8221; custom_margin=&#8221;0px||0px||false|false&#8221; custom_padding=&#8221;0px||0px||false|false&#8221; global_colors_info=&#8221;{}&#8221;][et_pb_row _builder_version=&#8221;4.17.4&#8243; _module_preset=&#8221;default&#8221; background_color=&#8221;#FFFFFF&#8221; max_width=&#8221;1277px&#8221; custom_margin=&#8221;0px||0px||false|false&#8221; custom_padding=&#8221;0px||0px||false|false&#8221; global_colors_info=&#8221;{}&#8221;][et_pb_column type=&#8221;4_4&#8243; _builder_version=&#8221;4.17.4&#8243; _module_preset=&#8221;default&#8221; global_colors_info=&#8221;{}&#8221;][et_pb_text _builder_version=&#8221;4.17.4&#8243; _module_preset=&#8221;default&#8221; text_font=&#8221;Alegreya||||||||&#8221; header_3_font=&#8221;Alegreya|600|||||||&#8221; header_3_text_color=&#8221;#005B84&#8243; custom_margin=&#8221;|20px|5px||false|false&#8221; custom_padding=&#8221;20px|20px|||false|false&#8221; border_width_bottom=&#8221;1px&#8221; border_color_bottom=&#8221;#cccccc&#8221; border_style_bottom=&#8221;dotted&#8221; border_width_left=&#8221;3px&#8221; border_color_left=&#8221;#005B84&#8243; global_colors_info=&#8221;{}&#8221;]<\/p>\n<h3>\u00a0 <span style=\"color: rgba(53, 53, 53, 0.63);\">Obra \/<\/span> <a href=\"https:\/\/manuelrojas.cl\/index.php\/manuel-rojas\/obra\/poesia\/\">Poes\u00eda<\/a> \/ Tonada del transeunte<\/h3>\n<p>[\/et_pb_text][\/et_pb_column][\/et_pb_row][et_pb_row column_structure=&#8221;2_5,3_5&#8243; _builder_version=&#8221;4.17.4&#8243; _module_preset=&#8221;default&#8221; background_color=&#8221;#FFFFFF&#8221; background_image=&#8221;https:\/\/manuelrojas.cl\/wp-content\/uploads\/2023\/05\/com-spliter.png&#8221; background_size=&#8221;initial&#8221; background_repeat=&#8221;repeat&#8221; width_tablet=&#8221;90%&#8221; width_phone=&#8221;90%&#8221; width_last_edited=&#8221;on|phone&#8221; custom_padding=&#8221;|30px||30px|false|false&#8221; global_colors_info=&#8221;{}&#8221;][et_pb_column type=&#8221;2_5&#8243; _builder_version=&#8221;4.17.4&#8243; _module_preset=&#8221;default&#8221; global_colors_info=&#8221;{}&#8221;][et_pb_image src=&#8221;https:\/\/manuelrojas.cl\/wp-content\/uploads\/2023\/06\/manuelrojastonadadeltranseunte_chica.jpg&#8221; title_text=&#8221;Tonada del Transeunte&#8221; url=&#8221;https:\/\/manuelrojas.cl\/wp-content\/uploads\/2024\/11\/Manuel-Rojas-Tonada-del-transeunte.pdf&#8221; url_new_window=&#8221;on&#8221; align=&#8221;center&#8221; _builder_version=&#8221;4.17.4&#8243; _module_preset=&#8221;default&#8221; height=&#8221;500px&#8221; height_tablet=&#8221;500px&#8221; height_phone=&#8221;&#8221; height_last_edited=&#8221;on|phone&#8221; max_height=&#8221;500px&#8221; max_height_tablet=&#8221;500px&#8221; max_height_phone=&#8221;&#8221; max_height_last_edited=&#8221;on|phone&#8221; border_radii=&#8221;on|3px|3px|3px|3px&#8221; border_width_all=&#8221;1px&#8221; border_color_all=&#8221;RGBA(48,48,48,0.77)&#8221; box_shadow_style=&#8221;preset1&#8243; box_shadow_blur=&#8221;5px&#8221; global_colors_info=&#8221;{}&#8221;][\/et_pb_image][\/et_pb_column][et_pb_column type=&#8221;3_5&#8243; _builder_version=&#8221;4.17.4&#8243; _module_preset=&#8221;default&#8221; global_colors_info=&#8221;{}&#8221;][et_pb_text _builder_version=&#8221;4.17.4&#8243; _module_preset=&#8221;default&#8221; text_font=&#8221;Alegreya||||||||&#8221; text_font_size=&#8221;18px&#8221; text_line_height=&#8221;1.8em&#8221; background_color=&#8221;#FFFFFF&#8221; width_tablet=&#8221;&#8221; width_phone=&#8221;&#8221; width_last_edited=&#8221;on|phone&#8221; max_width_tablet=&#8221;&#8221; max_width_phone=&#8221;100%&#8221; max_width_last_edited=&#8221;on|phone&#8221; custom_padding=&#8221;10px|10px|10px|10px|false|false&#8221; hover_enabled=&#8221;0&#8243; text_font_tablet=&#8221;Alegreya||||||||&#8221; text_font_phone=&#8221;Alegreya||||||||&#8221; text_font_last_edited=&#8221;off|desktop&#8221; text_font_size_tablet=&#8221;17px&#8221; text_font_size_phone=&#8221;10px&#8221; text_font_size_last_edited=&#8221;on|phone&#8221; border_radii=&#8221;on|1px|1px|1px|1px&#8221; border_width_all=&#8221;1px&#8221; border_color_all=&#8221;RGBA(0,91,132,0.8)&#8221; border_style_all=&#8221;dotted&#8221; global_colors_info=&#8221;{}&#8221; sticky_enabled=&#8221;0&#8243;]<\/p>\n<div class=\"content clearfix\">\n<div class=\"content clearfix\">\n<p><a href=\"https:\/\/manuelrojas.cl\/wp-content\/uploads\/2024\/11\/Manuel-Rojas-Tonada-del-transeunte.pdf\" target=\"_blank\" rel=\"noopener\" title=\"Poes\u00eda - Tonada del transe\u00fante\"><strong>Primera edici\u00f3n :<\/strong>\u00a0Ed. Nascimento &#8211; Santiago de Chile, 1927<\/a><\/p>\n<h2>Rese\u00f1a<\/h2>\n<p class=\"dropcap\" style=\"text-align: justify;\"><strong>Tonada del transe\u00fante<\/strong> re\u00fane 17 poemas entre los que se incluyen los nueve publicados anteriormente en <strong><a title=\"Poes\u00eda - Po\u00e9ticas\" href=\"https:\/\/manuelrojas.cl\/index.php\/poeticas\/\" target=\"_blank\" rel=\"noopener\">Po\u00e9ticas<\/a><\/strong>, y que aqu\u00ed son revisados y editados nuevamente, con correcciones menores realizadas por el autor.<\/p>\n<p style=\"text-align: justify;\">Este n\u00famero mayor de poemas permite distinguir los diversos matices y tem\u00e1ticas que interesan al autor. Tienen, por lo tanto, la virtud de presentar su evoluci\u00f3n l\u00edrica. En una primera etapa encontramos poemas de m\u00e9trica y gram\u00e1tica cl\u00e1sica y de cuidadoso ritmo, entre los que sobresale el soneto <strong>\u00abGusano\u00bb<\/strong>. Este soneto es el manifiesto y testamento l\u00edrico de Manuel Rojas: en el subyace su postura y concepci\u00f3n de la vida libertaria expresada con sencilla y emocionada profundidad.<\/p>\n<p style=\"text-align: justify;\">Luego se distingue una segunda \u00e9poca, representada por el poema que da t\u00edtulo al libro. Aqu\u00ed Rojas se sacude de normas y convenciones y explora un verso m\u00e1s libre y audaz, haciendo desaparecer la puntuaci\u00f3n y proponiendo una extraordinaria riqueza de im\u00e1genes. De la tem\u00e1tica introspectiva, del sentir por el pr\u00f3jimo y la amada, el poeta transita hacia una armon\u00eda nueva. La l\u00edrica idealizadora o buc\u00f3lica ya no es el centro de su inter\u00e9s, ahora es el escenario de la ciudad, la experiencia de la vida urbana, el espect\u00e1culo de la metr\u00f3polis en la que el poeta se sumerge para transmitir la sensaci\u00f3n n\u00edtida, un\u00e1nime y multiforme del alma de sus calles.<\/p>\n<p style=\"text-align: justify;\">El poeta ahora nos transmite una emoci\u00f3n directa y r\u00e1pida, alej\u00e1ndonos del puro efecto literario. Las im\u00e1genes novedosas, brillantes y expresivas, que abundan y dominan, constituyen una excusa para subvertir cierta m\u00e9trica gram\u00e1tica. Arrastrado por esa corriente, al final, Rojas propone <strong>\u00abPoemas en la ma\u00f1ana\u00bb<\/strong>. Volviendo a sus or\u00edgenes parece haber solucionado un problema: anudando felizmente im\u00e1genes e ideas, roza la ligereza del esp\u00edritu, la levedad musical.<\/p>\n<hr \/>\n<p style=\"text-align: justify;\"><strong>Tonada del transe\u00fante<\/strong>, contiene: <i><strong>Canci\u00f3n de oto\u00f1o<\/strong><\/i>; <i><strong>Gusano<\/strong><\/i>; <i><strong>\u00c1ngelus<\/strong><\/i>; <i><strong>Atardecer<\/strong><\/i>; <i><strong>Abs<\/strong><\/i>; <i><strong>Palabras a mi coraz\u00f3n<\/strong><\/i>; <i><strong>Balada de la primavera<\/strong><\/i>; <i><strong>Mar\u00eda Estela<\/strong><\/i>; <i><strong>La palabra \u00faltima<\/strong><\/i>; <i><strong>Abismos<\/strong><\/i>; <i><strong>Sonambulismo<\/strong><\/i>; <i><strong>Viernes<\/strong><\/i>; <i><strong>Plaza de juegos<\/strong><\/i>; <i><strong>La hembra<\/strong><\/i>; <i><strong>Matilde<\/strong><\/i>; <i><strong>Tonada del transe\u00fante<\/strong><\/i> y <i><strong>Poemas en la ma\u00f1ana<\/strong><\/i>.<\/p>\n<\/div>\n<\/div>\n<p>[\/et_pb_text][\/et_pb_column][\/et_pb_row][\/et_pb_section]<\/p>\n","protected":false},"excerpt":{"rendered":"<p>\u00a0 Obra \/ Poes\u00eda \/ Tonada del transeunte Primera edici\u00f3n :\u00a0Ed. Nascimento &#8211; Santiago de Chile, 1927 Rese\u00f1a Tonada del transe\u00fante re\u00fane 17 poemas entre los que se incluyen los nueve publicados anteriormente en Po\u00e9ticas, y que aqu\u00ed son revisados y editados nuevamente, con correcciones menores realizadas por el autor. Este n\u00famero mayor de poemas [&hellip;]<\/p>\n","protected":false},"author":1,"featured_media":6783,"parent":0,"menu_order":0,"comment_status":"closed","ping_status":"closed","template":"","meta":{"_et_pb_use_builder":"on","_et_pb_old_content":"[tabby title=\"Libro y Rese\u00f1a\"]\n<table class=\"table\">\n<tbody>\n<tr>\n<td style=\"text-align: left; vertical-align: top;\"><strong><a href=\"http:\/\/www.manuelrojas.cl\/wp-content\/uploads\/manuelrojastonadadeltranseunte1.jpg\" rel=\"attachment wp-att-5182\"><img class=\"margin-top: 5px;margin-bottom: 5px;margin-right: 5px;margin-left: 5px;border: solid;border-width: 2px;border-color: #cccccc;border-radius: 5px; alignleft wp-image-5182\" src=\"http:\/\/www.manuelrojas.cl\/wp-content\/uploads\/manuelrojastonadadeltranseunte1.jpg\" alt=\"Tonada del Trense\u00fante\" width=\"150\" height=\"225\"><\/a><\/strong><\/td>\n<td rowspan=\"2\"><strong>Primera edici\u00f3n :<\/strong>&nbsp;Ed. Nascimento - Santiago de Chile, 1927\n<div><a href=\"http:\/\/www.manuelrojas.cl\/wp-content\/uploads\/Manuel-Rojas-Tonada-del-transeunte.pdf\" target=\"_blank\" rel=\"noopener noreferrer\">Acceda a la versi\u00f3n ebook<\/a><\/div>\n<h2>Rese\u00f1a<\/h2>\n<p class=\"dropcap\" style=\"text-align: justify;\"><strong>Tonada del transe\u00fante<\/strong> re\u00fane 17 poemas entre los que se incluyen los nueve publicados anteriormente en <strong><a title=\"Poes\u00eda - Po\u00e9ticas\" href=\"http:\/\/www.manuelrojas.cl\/poeticas\/?lang=es\">Po\u00e9ticas<\/a><\/strong>, y que aqu\u00ed son revisados y editados nuevamente, con correcciones menores realizadas por el autor.<\/p>\n<p style=\"text-align: justify;\">Este n\u00famero mayor de poemas permite distinguir los diversos matices y tem\u00e1ticas que interesan al autor. Tienen, por lo tanto, la virtud de presentar su evoluci\u00f3n l\u00edrica. En una primera etapa encontramos poemas de m\u00e9trica y gram\u00e1tica cl\u00e1sica y de cuidadoso ritmo, entre los que sobresale el soneto <strong>\u00abGusano\u00bb<\/strong>. Este soneto es el manifiesto y testamento l\u00edrico de Manuel Rojas: en el subyace su postura y concepci\u00f3n de la vida libertaria expresada con sencilla y emocionada profundidad.<\/p>\n<p style=\"text-align: justify;\">Luego se distingue una segunda \u00e9poca, representada por el poema que da t\u00edtulo al libro. Aqu\u00ed Rojas se sacude de normas y convenciones y explora un verso m\u00e1s libre y audaz, haciendo desaparecer la puntuaci\u00f3n y proponiendo una extraordinaria riqueza de im\u00e1genes. De la tem\u00e1tica introspectiva, del sentir por el pr\u00f3jimo y la amada, el poeta transita hacia una armon\u00eda nueva. La l\u00edrica idealizadora o buc\u00f3lica ya no es el centro de su inter\u00e9s, ahora es el escenario de la ciudad, la experiencia de la vida urbana, el espect\u00e1culo de la metr\u00f3polis en la que el poeta se sumerge para transmitir la sensaci\u00f3n n\u00edtida, un\u00e1nime y multiforme del alma de sus calles.<\/p>\n<p style=\"text-align: justify;\">El poeta ahora nos transmite una emoci\u00f3n directa y r\u00e1pida, alej\u00e1ndonos del puro efecto literario. Las im\u00e1genes novedosas, brillantes y expresivas, que abundan y dominan, constituyen una excusa para subvertir cierta m\u00e9trica gram\u00e1tica. Arrastrado por esa corriente, al final, Rojas propone <strong>\u00abPoemas en la ma\u00f1ana\u00bb<\/strong>. Volviendo a sus or\u00edgenes parece haber solucionado un problema: anudando felizmente im\u00e1genes e ideas, roza la ligereza del esp\u00edritu, la levedad musical.<\/p>\n\n\n<hr>\n<p style=\"text-align: justify;\"><strong>Tonada del transe\u00fante<\/strong>, contiene: <i><strong>Canci\u00f3n de oto\u00f1o<\/strong><\/i>; <i><strong>Gusano<\/strong><\/i>; <i><strong>\u00c1ngelus<\/strong><\/i>; <i><strong>Atardecer<\/strong><\/i>; <i><strong>Abs<\/strong><\/i>; <i><strong>Palabras a mi coraz\u00f3n<\/strong><\/i>; <i><strong>Balada de la primavera<\/strong><\/i>; <i><strong>Mar\u00eda Estela<\/strong><\/i>; <i><strong>La palabra \u00faltima<\/strong><\/i>; <i><strong>Abismos<\/strong><\/i>; <i><strong>Sonambulismo<\/strong><\/i>; <i><strong>Viernes<\/strong><\/i>; <i><strong>Plaza de juegos<\/strong><\/i>; <i><strong>La hembra<\/strong><\/i>; <i><strong>Matilde<\/strong><\/i>; <i><strong>Tonada del transe\u00fante<\/strong><\/i> y <i><strong>Poemas en la ma\u00f1ana<\/strong><\/i>.<\/p>\n<\/td>\n<\/tr>\n<\/tbody>\n<\/table>\n[tabbyending]","_et_gb_content_width":"","footnotes":""},"class_list":["post-4871","page","type-page","status-publish","has-post-thumbnail","hentry"],"_links":{"self":[{"href":"https:\/\/manuelrojas.cl\/index.php\/wp-json\/wp\/v2\/pages\/4871","targetHints":{"allow":["GET"]}}],"collection":[{"href":"https:\/\/manuelrojas.cl\/index.php\/wp-json\/wp\/v2\/pages"}],"about":[{"href":"https:\/\/manuelrojas.cl\/index.php\/wp-json\/wp\/v2\/types\/page"}],"author":[{"embeddable":true,"href":"https:\/\/manuelrojas.cl\/index.php\/wp-json\/wp\/v2\/users\/1"}],"replies":[{"embeddable":true,"href":"https:\/\/manuelrojas.cl\/index.php\/wp-json\/wp\/v2\/comments?post=4871"}],"version-history":[{"count":15,"href":"https:\/\/manuelrojas.cl\/index.php\/wp-json\/wp\/v2\/pages\/4871\/revisions"}],"predecessor-version":[{"id":11564,"href":"https:\/\/manuelrojas.cl\/index.php\/wp-json\/wp\/v2\/pages\/4871\/revisions\/11564"}],"wp:featuredmedia":[{"embeddable":true,"href":"https:\/\/manuelrojas.cl\/index.php\/wp-json\/"}],"wp:attachment":[{"href":"https:\/\/manuelrojas.cl\/index.php\/wp-json\/wp\/v2\/media?parent=4871"}],"curies":[{"name":"wp","href":"https:\/\/api.w.org\/{rel}","templated":true}]}}