{"id":5038,"date":"2015-04-28T21:55:12","date_gmt":"2015-04-29T00:55:12","guid":{"rendered":"http:\/\/www.manuelrojas.cl\/?page_id=5038"},"modified":"2024-11-12T01:48:13","modified_gmt":"2024-11-12T01:48:13","slug":"el-vaso-de-leche","status":"publish","type":"page","link":"https:\/\/manuelrojas.cl\/index.php\/el-vaso-de-leche\/","title":{"rendered":"El vaso de leche"},"content":{"rendered":"<p>[et_pb_section fb_built=&#8221;1&#8243; _builder_version=&#8221;4.17.4&#8243; _module_preset=&#8221;default&#8221; background_color=&#8221;RGBA(255,255,255,0)&#8221; custom_margin=&#8221;0px||0px||false|false&#8221; custom_padding=&#8221;0px||0px||false|false&#8221; global_colors_info=&#8221;{}&#8221;][et_pb_row _builder_version=&#8221;4.17.4&#8243; _module_preset=&#8221;default&#8221; background_color=&#8221;#FFFFFF&#8221; max_width=&#8221;1277px&#8221; custom_margin=&#8221;0px||0px||false|false&#8221; custom_padding=&#8221;0px||0px||false|false&#8221; global_colors_info=&#8221;{}&#8221;][et_pb_column type=&#8221;4_4&#8243; _builder_version=&#8221;4.17.4&#8243; _module_preset=&#8221;default&#8221; global_colors_info=&#8221;{}&#8221;][et_pb_text _builder_version=&#8221;4.17.4&#8243; _module_preset=&#8221;default&#8221; text_font=&#8221;Alegreya||||||||&#8221; header_3_font=&#8221;Alegreya|600|||||||&#8221; header_3_text_color=&#8221;#005B84&#8243; custom_margin=&#8221;|20px|5px||false|false&#8221; custom_padding=&#8221;20px|20px|||false|false&#8221; border_width_bottom=&#8221;1px&#8221; border_color_bottom=&#8221;#cccccc&#8221; border_style_bottom=&#8221;dotted&#8221; border_width_left=&#8221;3px&#8221; border_color_left=&#8221;#005B84&#8243; global_colors_info=&#8221;{}&#8221;]<\/p>\n<h3>\u00a0 <span style=\"color: rgba(53, 53, 53, 0.63);\">Obra \/<\/span> <a href=\"https:\/\/manuelrojas.cl\/index.php\/obras_libro\/cuentos-libro\/\">Cuentos<\/a> \/ El vaso de leche<\/h3>\n<p>[\/et_pb_text][\/et_pb_column][\/et_pb_row][et_pb_row column_structure=&#8221;2_5,3_5&#8243; _builder_version=&#8221;4.17.4&#8243; _module_preset=&#8221;default&#8221; background_color=&#8221;#FFFFFF&#8221; background_image=&#8221;https:\/\/manuelrojas.cl\/wp-content\/uploads\/2023\/05\/com-spliter.png&#8221; background_size=&#8221;initial&#8221; background_repeat=&#8221;repeat&#8221; width_tablet=&#8221;90%&#8221; width_phone=&#8221;90%&#8221; width_last_edited=&#8221;on|phone&#8221; max_width_tablet=&#8221;&#8221; max_width_phone=&#8221;&#8221; max_width_last_edited=&#8221;on|phone&#8221; custom_padding=&#8221;|30px||30px|false|false&#8221; global_colors_info=&#8221;{}&#8221;][et_pb_column type=&#8221;2_5&#8243; _builder_version=&#8221;4.17.4&#8243; _module_preset=&#8221;default&#8221; global_colors_info=&#8221;{}&#8221;][et_pb_image src=&#8221;https:\/\/manuelrojas.cl\/wp-content\/uploads\/2023\/06\/manuelrojaselvasodelecheysusmejorescuentos59.jpg&#8221; title_text=&#8221;manuelrojaselvasodelecheysusmejorescuentos59&#8243; align=&#8221;center&#8221; _builder_version=&#8221;4.17.4&#8243; _module_preset=&#8221;default&#8221; height=&#8221;500px&#8221; height_tablet=&#8221;500px&#8221; height_phone=&#8221;&#8221; height_last_edited=&#8221;on|phone&#8221; max_height=&#8221;500px&#8221; max_height_tablet=&#8221;500px&#8221; max_height_phone=&#8221;&#8221; max_height_last_edited=&#8221;on|phone&#8221; border_radii=&#8221;on|3px|3px|3px|3px&#8221; border_width_all=&#8221;1px&#8221; border_color_all=&#8221;RGBA(48,48,48,0.77)&#8221; box_shadow_style=&#8221;preset1&#8243; box_shadow_blur=&#8221;5px&#8221; global_colors_info=&#8221;{}&#8221;][\/et_pb_image][et_pb_image src=&#8221;https:\/\/manuelrojas.cl\/wp-content\/uploads\/2024\/11\/Manuel-Rojas-El-vaso-de-leche.png&#8221; title_text=&#8221;Manuel Rojas &#8211; El vaso de leche&#8221; align=&#8221;center&#8221; _builder_version=&#8221;4.17.4&#8243; _module_preset=&#8221;default&#8221; height=&#8221;500px&#8221; height_tablet=&#8221;500px&#8221; height_phone=&#8221;&#8221; height_last_edited=&#8221;on|phone&#8221; max_height=&#8221;500px&#8221; max_height_tablet=&#8221;500px&#8221; max_height_phone=&#8221;&#8221; max_height_last_edited=&#8221;on|phone&#8221; hover_enabled=&#8221;0&#8243; border_radii=&#8221;on|3px|3px|3px|3px&#8221; border_width_all=&#8221;1px&#8221; border_color_all=&#8221;RGBA(48,48,48,0.77)&#8221; box_shadow_style=&#8221;preset1&#8243; box_shadow_blur=&#8221;5px&#8221; global_colors_info=&#8221;{}&#8221; url=&#8221;https:\/\/www.fondodeculturaeconomica.com\/Ficha\/9786071677679\/F&#8221; url_new_window=&#8221;on&#8221; sticky_enabled=&#8221;0&#8243;][\/et_pb_image][\/et_pb_column][et_pb_column type=&#8221;3_5&#8243; _builder_version=&#8221;4.17.4&#8243; _module_preset=&#8221;default&#8221; global_colors_info=&#8221;{}&#8221;][et_pb_text _builder_version=&#8221;4.17.4&#8243; _module_preset=&#8221;default&#8221; text_font=&#8221;Alegreya||||||||&#8221; text_font_size=&#8221;18px&#8221; text_line_height=&#8221;1.8em&#8221; background_color=&#8221;#FFFFFF&#8221; width_tablet=&#8221;&#8221; width_phone=&#8221;&#8221; width_last_edited=&#8221;on|phone&#8221; max_width_tablet=&#8221;&#8221; max_width_phone=&#8221;100%&#8221; max_width_last_edited=&#8221;on|phone&#8221; custom_padding=&#8221;10px|10px|10px|10px|false|false&#8221; hover_enabled=&#8221;0&#8243; text_font_tablet=&#8221;Alegreya||||||||&#8221; text_font_phone=&#8221;Alegreya||||||||&#8221; text_font_last_edited=&#8221;off|desktop&#8221; text_font_size_tablet=&#8221;17px&#8221; text_font_size_phone=&#8221;10px&#8221; text_font_size_last_edited=&#8221;on|phone&#8221; border_radii=&#8221;on|1px|1px|1px|1px&#8221; border_width_all=&#8221;1px&#8221; border_color_all=&#8221;RGBA(0,91,132,0.8)&#8221; border_style_all=&#8221;dotted&#8221; global_colors_info=&#8221;{}&#8221; sticky_enabled=&#8221;0&#8243;]<\/p>\n<div class=\"content clearfix\">\n<div class=\"content clearfix\">\n<p><strong>Primera edici\u00f3n:<\/strong> Ed. Nascimento &#8211; Santiago de Chile, 1957<br \/><a href=\"https:\/\/www.fondodeculturaeconomica.com\/Ficha\/9786071677679\/F\" target=\"_blank\" rel=\"noopener\" title=\"Cuentos - El vaso de leche\"><strong>\u00daltima edici\u00f3n:<\/strong> Editorial FCE &#8211; Santiago de Chile, 2022<\/a><\/p>\n<h2>Rese\u00f1a<\/h2>\n<p class=\"dropcap\" style=\"text-align: justify;\">\u00abManuel Rojas trae al cuento chileno la fina observaci\u00f3n de un Somerset Mauham y la t\u00e9cnica y sutil objetividad de un Maupassant. No hay nada espectacular en <strong>El vaso de leche<\/strong>. En efecto, la acci\u00f3n es sencill\u00edsima, y, sin embrago, en su manera calma y tranquila Rojas desarrolla en su cuento un drama mordaz en que se encuentran las grandes emociones del coraz\u00f3n humano. Estudiado de cerca el cuento revela el talento de su autor. Chekov aconseja al cuentista que emplee alg\u00fan aspecto de la naturaleza para dar perspectiva a sus personajes; por otro lado, un precepto cardinal en lo eterno del arte es la lucha: hombre contra naturaleza, es decir, la lucha del hombre contra las fuerzas superiores. Todo esto se re\u00fane en este cuento, formando lo que es en realidad una peque\u00f1a epopeya de la juventud invicta.<\/p>\n<p style=\"text-align: justify;\">No s\u00e9 si <strong>El vaso de leche<\/strong> es autobiogr\u00e1fico o no, y en todo caso poco nos importa saberlo. Lo que s\u00ed nos importa saber es que Rojas, gracias a sus experiencias como estibador en los muelles de Valpara\u00edso, conoci\u00f3 sin duda a j\u00f3venes marineros hambrientos, lejos de su hogar y su familia, expuestos a lo ancho y ajeno de una gran ciudad desconocida, y observ\u00e1ndolos con entendimiento y simpat\u00eda pudo trasladarlos a la inmortalidad del arte en la persona del joven an\u00f3nimo del cuento.\u00bb<\/p>\n<p style=\"text-align: justify;\"><i>Introducci\u00f3n de <strong>C. Malcolm Batchelor<\/strong> al cuento<\/i> El Vaso de Leche <i>en la selecci\u00f3n <strong>Cuentos de aqu\u00ed y de all\u00e1<\/strong>, Houghton Miffil Ed. Yale University &amp; Cambridge, Massachusetts \u2013 USA, 1953.<\/i><\/p>\n<hr \/>\n<p style=\"text-align: justify;\"><strong>El vaso de leche y sus mejores cuentos<\/strong>, contiene los cuentos: <i><strong>Laguna<\/strong><\/i>; <i><strong>El delincuente<\/strong><\/i>; <i><strong>El vaso de leche<\/strong><\/i>; <i><strong>Un ladr\u00f3n y su mujer<\/strong><\/i>; <i><strong>El colocolo<\/strong><\/i>; <i><strong>Canto y baile<\/strong><\/i>; <i><strong>El hombre de la rosa<\/strong><\/i>; <i><strong>El bonete maulino<\/strong><\/i> y <i><strong>El le\u00f3n y el hombre<\/strong><\/i>.<\/p>\n<\/div>\n<\/div>\n<p>[\/et_pb_text][et_pb_text _builder_version=&#8221;4.17.4&#8243; _module_preset=&#8221;default&#8221; text_font=&#8221;Alegreya||||||||&#8221; text_font_size=&#8221;18px&#8221; text_line_height=&#8221;1.8em&#8221; background_color=&#8221;#FFFFFF&#8221; width_tablet=&#8221;&#8221; width_phone=&#8221;&#8221; width_last_edited=&#8221;on|phone&#8221; max_width_tablet=&#8221;&#8221; max_width_phone=&#8221;100%&#8221; max_width_last_edited=&#8221;on|phone&#8221; custom_padding=&#8221;10px|10px|10px|10px|false|false&#8221; text_font_tablet=&#8221;Alegreya||||||||&#8221; text_font_phone=&#8221;Alegreya||||||||&#8221; text_font_last_edited=&#8221;off|desktop&#8221; text_font_size_tablet=&#8221;17px&#8221; text_font_size_phone=&#8221;10px&#8221; text_font_size_last_edited=&#8221;on|phone&#8221; border_radii=&#8221;on|1px|1px|1px|1px&#8221; border_width_all=&#8221;1px&#8221; border_color_all=&#8221;RGBA(0,91,132,0.8)&#8221; border_style_all=&#8221;dotted&#8221; global_colors_info=&#8221;{}&#8221;]<\/p>\n<div class=\"content clearfix\">\n<div class=\"content clearfix\">\n<h2>Traducciones<\/h2>\n<table border=\"1\" style=\"border-collapse: collapse; width: 100%;\">\n<tbody>\n<tr>\n<td style=\"width: 50%;\"><img loading=\"lazy\" decoding=\"async\" src=\"https:\/\/manuelrojas.cl\/wp-content\/uploads\/2023\/06\/spanishamericanshortstory1-200x300.jpg\" width=\"200\" height=\"300\" alt=\"\" class=\"wp-image-10965 alignleft size-medium\" style=\"float: right;\" srcset=\"https:\/\/manuelrojas.cl\/wp-content\/uploads\/2023\/06\/spanishamericanshortstory1-200x300.jpg 200w, https:\/\/manuelrojas.cl\/wp-content\/uploads\/2023\/06\/spanishamericanshortstory1.jpg 398w\" sizes=\"auto, (max-width: 200px) 100vw, 200px\" \/><\/td>\n<td style=\"width: 50%;\">\n<p style=\"text-align: justify;\">The Glass of Milk &#8211; In Seymour Menton: The Spanish American Short Story. University of California Press, 1982. pp. 245-254.<\/p>\n<\/td>\n<\/tr>\n<\/tbody>\n<\/table>\n<\/div>\n<\/div>\n<p>[\/et_pb_text][\/et_pb_column][\/et_pb_row][\/et_pb_section]<\/p>\n","protected":false},"excerpt":{"rendered":"<p>\u00a0 Obra \/ Cuentos \/ El vaso de leche Primera edici\u00f3n: Ed. Nascimento &#8211; Santiago de Chile, 1957\u00daltima edici\u00f3n: Editorial FCE &#8211; Santiago de Chile, 2022 Rese\u00f1a \u00abManuel Rojas trae al cuento chileno la fina observaci\u00f3n de un Somerset Mauham y la t\u00e9cnica y sutil objetividad de un Maupassant. No hay nada espectacular en El [&hellip;]<\/p>\n","protected":false},"author":1,"featured_media":5040,"parent":0,"menu_order":0,"comment_status":"closed","ping_status":"closed","template":"","meta":{"_et_pb_use_builder":"on","_et_pb_old_content":"[tabby title=\"Libro y Rese\u00f1a\"]\n<table class=\"table\">\n<tbody>\n<tr>\n<td style=\"text-align: left; vertical-align: top;\"><strong><a href=\"http:\/\/www.manuelrojas.cl\/wp-content\/uploads\/manuelrojaselvasodelecheysusmejorescuentos59.jpg\" rel=\"attachment wp-att-4428\"><img class=\"margin-top: 5px;margin-bottom: 5px;margin-right: 5px;margin-left: 5px; alignleft wp-image-5596\" src=\"http:\/\/www.manuelrojas.cl\/wp-content\/uploads\/manuelrojaselvasodelecheysusmejorescuentos59.jpg\" alt=\"\" width=\"150\" height=\"225\"><\/a><\/strong><\/td>\n<td style=\"vertical-align: top;\" rowspan=\"2\"><strong>Primera edici\u00f3n:<\/strong> Ed. Nascimento - Santiago de Chile, 1957\n<strong>\u00daltima edici\u00f3n:<\/strong> Editorial Zig-Zag - Santiago de Chile, 2015\n<h2>Rese\u00f1a<\/h2>\n<p class=\"dropcap\" style=\"text-align: justify;\">\u00abManuel Rojas trae al cuento chileno la fina observaci\u00f3n de un Somerset Mauham y la t\u00e9cnica y sutil objetividad de un Maupassant. No hay nada espectacular en <strong>El vaso de leche<\/strong>. En efecto, la acci\u00f3n es sencill\u00edsima, y, sin embrago, en su manera calma y tranquila Rojas desarrolla en su cuento un drama mordaz en que se encuentran las grandes emociones del coraz\u00f3n humano. Estudiado de cerca el cuento revela el talento de su autor. Chekov aconseja al cuentista que emplee alg\u00fan aspecto de la naturaleza para dar perspectiva a sus personajes; por otro lado, un precepto cardinal en lo eterno del arte es la lucha: hombre contra naturaleza, es decir, la lucha del hombre contra las fuerzas superiores. Todo esto se re\u00fane en este cuento, formando lo que es en realidad una peque\u00f1a epopeya de la juventud invicta.<\/p>\n<p style=\"text-align: justify;\">No s\u00e9 si <strong>El vaso de leche<\/strong> es autobiogr\u00e1fico o no, y en todo caso poco nos importa saberlo. Lo que s\u00ed nos importa saber es que Rojas, gracias a sus experiencias como estibador en los muelles de Valpara\u00edso, conoci\u00f3 sin duda a j\u00f3venes marineros hambrientos, lejos de su hogar y su familia, expuestos a lo ancho y ajeno de una gran ciudad desconocida, y observ\u00e1ndolos con entendimiento y simpat\u00eda pudo trasladarlos a la inmortalidad del arte en la persona del joven an\u00f3nimo del cuento.\u00bb<\/p>\n<p style=\"text-align: justify;\"><i>Introducci\u00f3n de <strong>C. Malcolm Batchelor<\/strong> al cuento<\/i> El Vaso de Leche <i>en la selecci\u00f3n <strong>Cuentos de aqu\u00ed y de all\u00e1<\/strong>, Houghton Miffil Ed. Yale University &amp; Cambridge, Massachusetts \u2013 USA, 1953.<\/i><\/p>\n\n\n<hr>\n<p style=\"text-align: justify;\"><strong>El vaso de leche y sus mejores cuentos<\/strong>, contiene los cuentos: <i><strong>Laguna<\/strong><\/i>; <i><strong>El delincuente<\/strong><\/i>; <i><strong>El vaso de leche<\/strong><\/i>; <i><strong>Un ladr\u00f3n y su mujer<\/strong><\/i>; <i><strong>El colocolo<\/strong><\/i>; <i><strong>Canto y baile<\/strong><\/i>; <i><strong>El hombre de la rosa<\/strong><\/i>; <i><strong>El bonete maulino<\/strong><\/i> y <i><strong>El le\u00f3n y el hombre<\/strong><\/i>.<\/p>\n<\/td>\n<\/tr>\n<tr>\n<td style=\"text-align: left; vertical-align: top;\"><a href=\"http:\/\/www.manuelrojas.cl\/wp-content\/uploads\/manuelrojaseldelincuente20121.jpg\" rel=\"attachment wp-att-5040\"><img class=\"margin-top: 5px;margin-bottom: 5px;margin-right: 5px;margin-left: 5px; alignleft wp-image-5600\" src=\"http:\/\/www.manuelrojas.cl\/wp-content\/uploads\/manuelrojaseldelincuente20121.jpg\" alt=\"\" width=\"150\" height=\"225\"><\/a><\/td>\n<\/tr>\n<\/tbody>\n<\/table>\n[tabby title=\"Traducciones\"]\n<table class=\"table\">\n<tbody>\n<tr>\n<td><a href=\"http:\/\/www.manuelrojas.cl\/wp-content\/uploads\/spanishamericanshortstory1.jpg\" rel=\"attachment wp-att-5127\"><img class=\"margin-top: 5px;margin-bottom: 5px;margin-right: 5px;margin-left: 5px; alignleft wp-image-5599\" src=\"http:\/\/www.manuelrojas.cl\/wp-content\/uploads\/spanishamericanshortstory1.jpg\" alt=\"\" width=\"150\" height=\"225\"><\/a><\/td>\n<td>\n<p style=\"text-align: justify;\">The Glass of Milk<\/p>\nIn Seymour Menton: The Spanish American Short Story. University of California Press, 1982. pp. 245-254.<\/td>\n<\/tr>\n<\/tbody>\n<\/table>\n[tabbyending]","_et_gb_content_width":"","footnotes":""},"class_list":["post-5038","page","type-page","status-publish","has-post-thumbnail","hentry"],"_links":{"self":[{"href":"https:\/\/manuelrojas.cl\/index.php\/wp-json\/wp\/v2\/pages\/5038","targetHints":{"allow":["GET"]}}],"collection":[{"href":"https:\/\/manuelrojas.cl\/index.php\/wp-json\/wp\/v2\/pages"}],"about":[{"href":"https:\/\/manuelrojas.cl\/index.php\/wp-json\/wp\/v2\/types\/page"}],"author":[{"embeddable":true,"href":"https:\/\/manuelrojas.cl\/index.php\/wp-json\/wp\/v2\/users\/1"}],"replies":[{"embeddable":true,"href":"https:\/\/manuelrojas.cl\/index.php\/wp-json\/wp\/v2\/comments?post=5038"}],"version-history":[{"count":9,"href":"https:\/\/manuelrojas.cl\/index.php\/wp-json\/wp\/v2\/pages\/5038\/revisions"}],"predecessor-version":[{"id":11571,"href":"https:\/\/manuelrojas.cl\/index.php\/wp-json\/wp\/v2\/pages\/5038\/revisions\/11571"}],"wp:featuredmedia":[{"embeddable":true,"href":"https:\/\/manuelrojas.cl\/index.php\/wp-json\/"}],"wp:attachment":[{"href":"https:\/\/manuelrojas.cl\/index.php\/wp-json\/wp\/v2\/media?parent=5038"}],"curies":[{"name":"wp","href":"https:\/\/api.w.org\/{rel}","templated":true}]}}