{"id":5045,"date":"2015-04-28T22:29:28","date_gmt":"2015-04-29T01:29:28","guid":{"rendered":"http:\/\/www.manuelrojas.cl\/?page_id=5045"},"modified":"2024-11-15T15:53:48","modified_gmt":"2024-11-15T15:53:48","slug":"el-hombre-de-la-rosa","status":"publish","type":"page","link":"https:\/\/manuelrojas.cl\/index.php\/el-hombre-de-la-rosa\/","title":{"rendered":"El hombre de la rosa"},"content":{"rendered":"<p>[et_pb_section fb_built=&#8221;1&#8243; _builder_version=&#8221;4.17.4&#8243; _module_preset=&#8221;default&#8221; background_color=&#8221;RGBA(255,255,255,0)&#8221; custom_margin=&#8221;0px||0px||false|false&#8221; custom_padding=&#8221;0px||0px||false|false&#8221; global_colors_info=&#8221;{}&#8221;][et_pb_row _builder_version=&#8221;4.17.4&#8243; _module_preset=&#8221;default&#8221; background_color=&#8221;#FFFFFF&#8221; max_width=&#8221;1277px&#8221; custom_margin=&#8221;0px||0px||false|false&#8221; custom_padding=&#8221;0px||0px||false|false&#8221; global_colors_info=&#8221;{}&#8221;][et_pb_column type=&#8221;4_4&#8243; _builder_version=&#8221;4.17.4&#8243; _module_preset=&#8221;default&#8221; global_colors_info=&#8221;{}&#8221;][et_pb_text _builder_version=&#8221;4.17.4&#8243; _module_preset=&#8221;default&#8221; text_font=&#8221;Alegreya||||||||&#8221; header_3_font=&#8221;Alegreya|600|||||||&#8221; header_3_text_color=&#8221;#005B84&#8243; custom_margin=&#8221;|20px|5px||false|false&#8221; custom_padding=&#8221;20px|20px|||false|false&#8221; border_width_bottom=&#8221;1px&#8221; border_color_bottom=&#8221;#cccccc&#8221; border_style_bottom=&#8221;dotted&#8221; border_width_left=&#8221;3px&#8221; border_color_left=&#8221;#005B84&#8243; global_colors_info=&#8221;{}&#8221;]<\/p>\n<h3>\u00a0 <span style=\"color: rgba(53, 53, 53, 0.63);\">Obra \/<\/span> <a href=\"https:\/\/manuelrojas.cl\/index.php\/obras_libro\/cuentos-libro\/\">Cuentos<\/a> \/ El hombre de la rosa<\/h3>\n<p>[\/et_pb_text][\/et_pb_column][\/et_pb_row][et_pb_row column_structure=&#8221;2_5,3_5&#8243; _builder_version=&#8221;4.17.4&#8243; _module_preset=&#8221;default&#8221; background_color=&#8221;#FFFFFF&#8221; background_image=&#8221;https:\/\/manuelrojas.cl\/wp-content\/uploads\/2023\/05\/com-spliter.png&#8221; background_size=&#8221;initial&#8221; background_repeat=&#8221;repeat&#8221; width_tablet=&#8221;90%&#8221; width_phone=&#8221;90%&#8221; width_last_edited=&#8221;on|phone&#8221; max_width_tablet=&#8221;1258px&#8221; max_width_phone=&#8221;&#8221; max_width_last_edited=&#8221;on|phone&#8221; custom_padding=&#8221;|30px||30px|false|false&#8221; global_colors_info=&#8221;{}&#8221;][et_pb_column type=&#8221;2_5&#8243; _builder_version=&#8221;4.17.4&#8243; _module_preset=&#8221;default&#8221; global_colors_info=&#8221;{}&#8221;][et_pb_image src=&#8221;https:\/\/manuelrojas.cl\/wp-content\/uploads\/2023\/06\/manuelrojaselhombredelarosa.jpg&#8221; title_text=&#8221;manuelrojaselhombredelarosa&#8221; align=&#8221;center&#8221; _builder_version=&#8221;4.17.4&#8243; _module_preset=&#8221;default&#8221; height=&#8221;500px&#8221; height_tablet=&#8221;500px&#8221; height_phone=&#8221;&#8221; height_last_edited=&#8221;on|phone&#8221; max_height=&#8221;500px&#8221; max_height_tablet=&#8221;500px&#8221; max_height_phone=&#8221;&#8221; max_height_last_edited=&#8221;on|phone&#8221; border_radii=&#8221;on|3px|3px|3px|3px&#8221; border_width_all=&#8221;1px&#8221; border_color_all=&#8221;RGBA(48,48,48,0.77)&#8221; box_shadow_style=&#8221;preset1&#8243; box_shadow_blur=&#8221;5px&#8221; global_colors_info=&#8221;{}&#8221;][\/et_pb_image][et_pb_image src=&#8221;https:\/\/manuelrojas.cl\/wp-content\/uploads\/2023\/06\/Manuel-Rojas-El-hombre-de-la-rosa.jpeg&#8221; title_text=&#8221;Manuel-Rojas-El-hombre-de-la-rosa&#8221; align=&#8221;center&#8221; _builder_version=&#8221;4.17.4&#8243; _module_preset=&#8221;default&#8221; height=&#8221;500px&#8221; height_tablet=&#8221;500px&#8221; height_phone=&#8221;500px&#8221; height_last_edited=&#8221;on|phone&#8221; max_height=&#8221;500px&#8221; max_height_tablet=&#8221;500px&#8221; max_height_phone=&#8221;500px&#8221; max_height_last_edited=&#8221;on|phone&#8221; hover_enabled=&#8221;0&#8243; border_radii=&#8221;on|3px|3px|3px|3px&#8221; border_width_all=&#8221;1px&#8221; border_color_all=&#8221;RGBA(48,48,48,0.77)&#8221; box_shadow_style=&#8221;preset1&#8243; box_shadow_blur=&#8221;5px&#8221; global_colors_info=&#8221;{}&#8221; url=&#8221;https:\/\/www.buscalibre.com\/int-es\/libro-el-hombre-de-la-rosa-y-otros-cuentos\/9789561218628\/p\/54642861&#8243; url_new_window=&#8221;on&#8221; sticky_enabled=&#8221;0&#8243;][\/et_pb_image][\/et_pb_column][et_pb_column type=&#8221;3_5&#8243; _builder_version=&#8221;4.17.4&#8243; _module_preset=&#8221;default&#8221; global_colors_info=&#8221;{}&#8221;][et_pb_text _builder_version=&#8221;4.17.4&#8243; _module_preset=&#8221;default&#8221; text_font=&#8221;Alegreya||||||||&#8221; text_font_size=&#8221;18px&#8221; text_line_height=&#8221;1.8em&#8221; background_color=&#8221;#FFFFFF&#8221; width_tablet=&#8221;&#8221; width_phone=&#8221;100%&#8221; width_last_edited=&#8221;on|phone&#8221; max_width_tablet=&#8221;&#8221; max_width_phone=&#8221;100%&#8221; max_width_last_edited=&#8221;on|phone&#8221; custom_padding=&#8221;10px|10px|10px|10px|false|false&#8221; hover_enabled=&#8221;0&#8243; text_font_tablet=&#8221;Alegreya||||||||&#8221; text_font_phone=&#8221;Alegreya||||||||&#8221; text_font_last_edited=&#8221;off|desktop&#8221; text_font_size_tablet=&#8221;17px&#8221; text_font_size_phone=&#8221;10px&#8221; text_font_size_last_edited=&#8221;on|phone&#8221; border_radii=&#8221;on|1px|1px|1px|1px&#8221; border_width_all=&#8221;1px&#8221; border_color_all=&#8221;RGBA(0,91,132,0.8)&#8221; border_style_all=&#8221;dotted&#8221; global_colors_info=&#8221;{}&#8221; sticky_enabled=&#8221;0&#8243;]<\/p>\n<div class=\"content clearfix\">\n<div class=\"content clearfix\">\n<p><strong>Primera edici\u00f3n:<\/strong> Editorial Losada, Buenos Aires &#8211; Argentina, 1963 <strong><br \/><a href=\"https:\/\/www.buscalibre.com\/int-es\/libro-el-hombre-de-la-rosa-y-otros-cuentos\/9789561218628\/p\/54642861\" target=\"_blank\" rel=\"noopener\" title=\"Cuentos - El hombre de la rosa\">\u00daltima edici\u00f3n:<\/a><\/strong><a href=\"https:\/\/www.buscalibre.com\/int-es\/libro-el-hombre-de-la-rosa-y-otros-cuentos\/9789561218628\/p\/54642861\" target=\"_blank\" rel=\"noopener\" title=\"Cuentos - El hombre de la rosa\"> Editorial Zig-Zag &#8211; Santiago de Chile, 2019<\/a><\/p>\n<h2>Rese\u00f1a<\/h2>\n<p class=\"dropcap\" style=\"text-align: justify;\"><strong>El hombre de la rosa<\/strong> fue publicado en Buenos Aires, en 1963. De este cuento Manuel Rojas dir\u00eda: <i>\u00abes un asunto tomado del folclor chileno. Buscando temas, hall\u00e9 en un libro del folclorista don Ram\u00f3n A. Laval, <\/i>Cuentos populares chilenos<i>, la ra\u00edz de ese cuento. En el libro de Laval se titulaba \u201cLa rosa de las monjas claras\u201d y no tra\u00eda nota alguna que se\u00f1alara concordancia con alg\u00fan otro cuento folcl\u00f3rico europeo o americano. Parec\u00eda una historia puramente chilena\u00bb.<\/i><\/p>\n<p style=\"text-align: justify;\">Esta recopilaci\u00f3n incluye dos cuentos nuevos que no hab\u00edan aparecido anteriormente: <strong>\u00abOro en el sur\u00bb<\/strong> y <strong>\u00abZapatos subdesarrollados\u00bb<\/strong>. El primero cuenta el cruce improbable entre dos hermanos artistas y un yacimiento de oro en el Maule; el segundo las reflexiones de un narrador a prop\u00f3sito de los zapatos que pueden verse en un servicio de hospital. En ambos es claro el dominio de la prosa que Rojas ha logrado a partir de su trabajo como novelista, y de hecho dependen mucho m\u00e1s de las reflexiones y el flujo de la conciencia narrativa que de la an\u00e9cdota.<\/p>\n<hr \/>\n<p style=\"text-align: justify;\"><strong>El hombre de la rosa y otros cuentos<\/strong>, contiene los cuentos <i><strong>El hombre de la rosa<\/strong><\/i>; <i><strong>Un esp\u00edritu inquieto<\/strong><\/i>; <i><strong>El fantasma del patio<\/strong><\/i>; <i><strong>Pedro, el Pequenero<\/strong><\/i>; <i><strong>Oro en el sur<\/strong><\/i>; <i><strong>El rancho en la monta\u00f1a<\/strong><\/i>; <i><strong>Historia de hospital<\/strong><\/i>; <i><strong>El vaso de leche<\/strong><\/i>; <i><strong>El delincuente<\/strong><\/i>; <i><strong>Un ladr\u00f3n y su mujer<\/strong><\/i>; <i><strong>Poco sueldo<\/strong><\/i> y <i><strong>Zapatos subdesarrollados<\/strong><\/i>.<\/p>\n<\/div>\n<\/div>\n<p>[\/et_pb_text][et_pb_text _builder_version=&#8221;4.17.4&#8243; _module_preset=&#8221;default&#8221; text_font=&#8221;Alegreya||||||||&#8221; text_font_size=&#8221;18px&#8221; text_line_height=&#8221;1.8em&#8221; background_color=&#8221;#FFFFFF&#8221; width_tablet=&#8221;&#8221; width_phone=&#8221;&#8221; width_last_edited=&#8221;on|phone&#8221; max_width_tablet=&#8221;&#8221; max_width_phone=&#8221;&#8221; max_width_last_edited=&#8221;on|phone&#8221; custom_padding=&#8221;10px|10px|10px|10px|false|false&#8221; text_font_tablet=&#8221;Alegreya||||||||&#8221; text_font_phone=&#8221;Alegreya||||||||&#8221; text_font_last_edited=&#8221;off|desktop&#8221; text_font_size_tablet=&#8221;17px&#8221; text_font_size_phone=&#8221;10px&#8221; text_font_size_last_edited=&#8221;on|phone&#8221; border_radii=&#8221;on|1px|1px|1px|1px&#8221; border_width_all=&#8221;1px&#8221; border_color_all=&#8221;RGBA(0,91,132,0.8)&#8221; border_style_all=&#8221;dotted&#8221; global_colors_info=&#8221;{}&#8221;]<\/p>\n<h2>Traducciones<\/h2>\n<table border=\"1\" style=\"border-collapse: collapse; width: 100%;\">\n<tbody>\n<tr>\n<td style=\"width: 50%;\"><img loading=\"lazy\" decoding=\"async\" src=\"https:\/\/manuelrojas.cl\/wp-content\/uploads\/2023\/06\/manuelrojaselhombredelarosaclowiekzroza1-200x300.jpg\" width=\"200\" height=\"300\" alt=\"\" class=\"wp-image-10953 alignleft size-medium\" style=\"float: right;\" srcset=\"https:\/\/manuelrojas.cl\/wp-content\/uploads\/2023\/06\/manuelrojaselhombredelarosaclowiekzroza1-200x300.jpg 200w, https:\/\/manuelrojas.cl\/wp-content\/uploads\/2023\/06\/manuelrojaselhombredelarosaclowiekzroza1.jpg 398w\" sizes=\"auto, (max-width: 200px) 100vw, 200px\" \/><\/td>\n<td style=\"width: 50%;\">\n<p style=\"text-align: center;\">Titulo: Czlowiek z R\u00f6za &#8211; Wydawnictwo Literackie, Krak\u00f3v \u2013 Polska, 1971<\/p>\n<\/td>\n<\/tr>\n<tr>\n<td style=\"width: 50%;\"><img loading=\"lazy\" decoding=\"async\" src=\"https:\/\/manuelrojas.cl\/wp-content\/uploads\/2023\/06\/latinamericanliteraryreview1-200x300.jpg\" width=\"200\" height=\"300\" alt=\"\" class=\"wp-image-10954 alignleft size-medium\" style=\"float: right;\" srcset=\"https:\/\/manuelrojas.cl\/wp-content\/uploads\/2023\/06\/latinamericanliteraryreview1-200x300.jpg 200w, https:\/\/manuelrojas.cl\/wp-content\/uploads\/2023\/06\/latinamericanliteraryreview1.jpg 398w\" sizes=\"auto, (max-width: 200px) 100vw, 200px\" \/><\/td>\n<td style=\"width: 50%;\">Man and The Rose &#8211;\u00a0 Latin American Literary Review. Vol 18, N\u00ba36, 1990. Trd. Crafton J. Conliffe<\/td>\n<\/tr>\n<\/tbody>\n<\/table>\n<p>[\/et_pb_text][\/et_pb_column][\/et_pb_row][\/et_pb_section]<\/p>\n","protected":false},"excerpt":{"rendered":"<p>\u00a0 Obra \/ Cuentos \/ El hombre de la rosa Primera edici\u00f3n: Editorial Losada, Buenos Aires &#8211; Argentina, 1963 \u00daltima edici\u00f3n: Editorial Zig-Zag &#8211; Santiago de Chile, 2019 Rese\u00f1a El hombre de la rosa fue publicado en Buenos Aires, en 1963. De este cuento Manuel Rojas dir\u00eda: \u00abes un asunto tomado del folclor chileno. Buscando [&hellip;]<\/p>\n","protected":false},"author":1,"featured_media":7089,"parent":0,"menu_order":0,"comment_status":"closed","ping_status":"closed","template":"","meta":{"_et_pb_use_builder":"on","_et_pb_old_content":"[tabby title=\"Libro y Rese\u00f1a\"]\n<table class=\"table\">\n<tbody>\n<tr>\n<td style=\"text-align: left; vertical-align: top;\"><strong><a href=\"http:\/\/www.manuelrojas.cl\/wp-content\/uploads\/manuelrojaselhombredelarosa.jpg\" rel=\"attachment wp-att-4430\"><img class=\"margin-top: 5px;margin-bottom: 5px;margin-right: 5px;margin-left: 5px; alignleft wp-image-4430\" src=\"http:\/\/www.manuelrojas.cl\/wp-content\/uploads\/manuelrojaselhombredelarosa.jpg\" alt=\"manuelrojaselhombredelarosa\" width=\"150\" height=\"225\"><\/a><\/strong><\/td>\n<td rowspan=\"3\"><strong>Primera edici\u00f3n:<\/strong> Editorialc Losada, Buenos Aires - Argentina, 1963 <strong>\n\u00daltima edici\u00f3n:<\/strong> Editorial Zig-Zag - Santiago de Chile, 2019\n<h2>Rese\u00f1a<\/h2>\n<p class=\"dropcap\" style=\"text-align: justify;\"><strong>El hombre de la rosa<\/strong> fue publicado en Buenos Aires, en 1963. De este cuento Manuel Rojas dir\u00eda: <i>\u00abes un asunto tomado del folclor chileno. Buscando temas, hall\u00e9 en un libro del folclorista don Ram\u00f3n A. Laval, <\/i>Cuentos populares chilenos<i>, la ra\u00edz de ese cuento. En el libro de Laval se titulaba \u201cLa rosa de las monjas claras\u201d y no tra\u00eda nota alguna que se\u00f1alara concordancia con alg\u00fan otro cuento folcl\u00f3rico europeo o americano. Parec\u00eda una historia puramente chilena\u00bb.<\/i><\/p>\n<p style=\"text-align: justify;\">Esta recopilaci\u00f3n incluye dos cuentos nuevos que no hab\u00edan aparecido anteriormente: <strong>\u00abOro en el sur\u00bb<\/strong> y <strong>\u00abZapatos subdesarrollados\u00bb<\/strong>. El primero cuenta el cruce improbable entre dos hermanos artistas y un yacimiento de oro en el Maule; el segundo las reflexiones de un narrador a prop\u00f3sito de los zapatos que pueden verse en un servicio de hospital. En ambos es claro el dominio de la prosa que Rojas ha logrado a partir de su trabajo como novelista, y de hecho dependen mucho m\u00e1s de las reflexiones y el flujo de la conciencia narrativa que de la an\u00e9cdota.<\/p>\n\n\n<hr>\n<p style=\"text-align: justify;\"><strong>El hombre de la rosa y otros cuentos<\/strong>, contiene los cuentos <i><strong>El hombre de la rosa<\/strong><\/i>; <i><strong>Un esp\u00edritu inquieto<\/strong><\/i>; <i><strong>El fantasma del patio<\/strong><\/i>; <i><strong>Pedro, el Pequenero<\/strong><\/i>; <i><strong>Oro en el sur<\/strong><\/i>; <i><strong>El rancho en la monta\u00f1a<\/strong><\/i>; <i><strong>Historia de hospital<\/strong><\/i>; <i><strong>El vaso de leche<\/strong><\/i>; <i><strong>El delincuente<\/strong><\/i>; <i><strong>Un ladr\u00f3n y su mujer<\/strong><\/i>; <i><strong>Poco sueldo<\/strong><\/i> y <i><strong>Zapatos subdesarrollados<\/strong><\/i>.<\/p>\n<\/td>\n<\/tr>\n<tr>\n<td style=\"text-align: left; vertical-align: top;\"><a href=\"http:\/\/www.manuelrojas.cl\/wp-content\/uploads\/Manuel-Rojas-El-hombre-de-la-rosa.jpeg\" rel=\"attachment wp-att-5048\"><img class=\"margin-top: 5px;margin-bottom: 5px;margin-right: 5px;margin-left: 5px; alignleft wp-image-5604\" src=\"http:\/\/www.manuelrojas.cl\/wp-content\/uploads\/Manuel-Rojas-El-hombre-de-la-rosa.jpeg\" alt=\"\" width=\"150\" height=\"225\"><\/a><\/td>\n<\/tr>\n<\/tbody>\n<\/table>\n[tabby title=\"Traducciones\"]\n<table style=\"height: 62px;\" width=\"389\">\n<tbody>\n<tr>\n<td><a href=\"http:\/\/www.manuelrojas.cl\/wp-content\/uploads\/manuelrojaselhombredelarosaclowiekzroza1.jpg\" rel=\"attachment wp-att-5141\"><img class=\"margin-top: 5px;margin-bottom: 5px;margin-right: 5px;margin-left: 5px; alignleft wp-image-5605\" src=\"http:\/\/www.manuelrojas.cl\/wp-content\/uploads\/manuelrojaselhombredelarosaclowiekzroza1.jpg\" alt=\"\" width=\"150\" height=\"225\"><\/a><\/td>\n<td>\n<p style=\"text-align: left;\">Titulo: Czlowiek z R\u00f6za<\/p>\nWydawnictwo Literackie, Krak\u00f3v \u2013 Polska, 1971<\/td>\n<\/tr>\n<tr>\n<td><a href=\"http:\/\/www.manuelrojas.cl\/wp-content\/uploads\/latinamericanliteraryreview1.jpg\" rel=\"attachment wp-att-5142\"><img class=\"margin-top: 5px;margin-bottom: 5px;margin-right: 5px;margin-left: 5px; alignleft wp-image-5606\" src=\"http:\/\/www.manuelrojas.cl\/wp-content\/uploads\/latinamericanliteraryreview1.jpg\" alt=\"\" width=\"150\" height=\"225\"><\/a><\/td>\n<td>Titulo: The Man and The Rose Latin American Literary Review. Vol 18, N\u00ba36, 1990. Trd. Crafton J. Conliffe<\/td>\n<\/tr>\n<\/tbody>\n<\/table>\n[tabbyending]","_et_gb_content_width":"","footnotes":""},"class_list":["post-5045","page","type-page","status-publish","has-post-thumbnail","hentry"],"_links":{"self":[{"href":"https:\/\/manuelrojas.cl\/index.php\/wp-json\/wp\/v2\/pages\/5045","targetHints":{"allow":["GET"]}}],"collection":[{"href":"https:\/\/manuelrojas.cl\/index.php\/wp-json\/wp\/v2\/pages"}],"about":[{"href":"https:\/\/manuelrojas.cl\/index.php\/wp-json\/wp\/v2\/types\/page"}],"author":[{"embeddable":true,"href":"https:\/\/manuelrojas.cl\/index.php\/wp-json\/wp\/v2\/users\/1"}],"replies":[{"embeddable":true,"href":"https:\/\/manuelrojas.cl\/index.php\/wp-json\/wp\/v2\/comments?post=5045"}],"version-history":[{"count":10,"href":"https:\/\/manuelrojas.cl\/index.php\/wp-json\/wp\/v2\/pages\/5045\/revisions"}],"predecessor-version":[{"id":11579,"href":"https:\/\/manuelrojas.cl\/index.php\/wp-json\/wp\/v2\/pages\/5045\/revisions\/11579"}],"wp:featuredmedia":[{"embeddable":true,"href":"https:\/\/manuelrojas.cl\/index.php\/wp-json\/"}],"wp:attachment":[{"href":"https:\/\/manuelrojas.cl\/index.php\/wp-json\/wp\/v2\/media?parent=5045"}],"curies":[{"name":"wp","href":"https:\/\/api.w.org\/{rel}","templated":true}]}}