{"id":5199,"date":"2015-05-04T22:11:52","date_gmt":"2015-05-05T01:11:52","guid":{"rendered":"http:\/\/www.manuelrojas.cl\/?page_id=5199"},"modified":"2023-06-30T03:16:08","modified_gmt":"2023-06-30T03:16:08","slug":"novelas","status":"publish","type":"page","link":"https:\/\/manuelrojas.cl\/index.php\/novelas\/","title":{"rendered":"Novelas"},"content":{"rendered":"<p>[et_pb_section admin_label=&#8221;section&#8221;]<br \/>\n\t\t\t[et_pb_row admin_label=&#8221;row&#8221;]<br \/>\n\t\t\t\t[et_pb_column type=&#8221;4_4&#8243;][et_pb_text admin_label=&#8221;Text&#8221;]<\/p>\n<p class=\"dropcap\" style=\"text-align: justify;\"><i>&#8220;Escrib\u00ed poes\u00edas, porque un amigo me anim\u00f3 a que lo hiciera; cuentista, porque quise ganar, estando en muy mala situaci\u00f3n econ\u00f3mica, un premio en un concurso; novelista, porque ya no pod\u00eda detenerme.&#8221;<\/i><\/p>\n<p style=\"text-align: justify;\">Desde el relato breve, Manuel Rojas transita a la novela como un paso natural y l\u00f3gico, donde el material literario proviene mayoritariamente de las experiencias de su propia vida. Primero en <span style=\"color: #0f4674;\"><i>Lanchas en la bah\u00eda<\/i><\/span>, con tintes l\u00edricos que hablan de sus inicios en la literatura y luego en <span style=\"color: #0f4674;\"><i>Hijo de ladr\u00f3n<\/i><\/span> que inicia su tetralog\u00eda fundamental, completada por <span style=\"color: #0f4674;\"><i>Mejor que el vino<\/i><\/span>;<span style=\"color: #0f4674;\"><i> Sombras contra el muro <\/i><\/span>y la <span style=\"color: #0f4674;\"><i>Oscura vida radiante<\/i><\/span>. Escritas y publicadas en un periodo de dos d\u00e9cadas, las cuatro novelas relatan la vida de su protagonista Aniceto Hevia \u2013alter ego literario de su autor\u2013 desde su infancia hasta la edad madura. El a\u00f1o 2015 la editorial Zig-Zag public\u00f3 la tetralog\u00eda de Rojas bajo el t\u00edtulo de <span style=\"color: #0f4674;\"><i>Tiempo irremediable<\/i><\/span>.<\/p>\n<p style=\"text-align: justify;\">Completan la producci\u00f3n novel\u00edstica <span style=\"color: #0f4674;\"><i>La ciudad de los c\u00e9sares<\/i><\/span>, ejercicio de imaginaci\u00f3n, no del todo logrado seg\u00fan el propio autor y <span style=\"color: #0f4674;\"><i>Punta de rieles<\/i><\/span>, \u00e1gil, penetrante y humano contrapunto sicol\u00f3gico y vivencial entre seres socialmente distantes, pero hermanados en la degradaci\u00f3n.<\/p>\n<table class=\"table\" style=\"width: 100%;\">\n<tbody>\n<tr>\n<td>&nbsp;<\/p>\n<p><a title=\"Lanchas en la bah\u00eda\" href=\"http:\/\/www.manuelrojas.cl\/?page_id=5117\"><img loading=\"lazy\" decoding=\"async\" class=\"margin-top: 5px;margin-bottom: 5px;margin-right: 5px;margin-left: 5px; wp-image-5208 alignnone\" src=\"http:\/\/www.manuelrojas.cl\/wp-content\/uploads\/manuelrojaslanchasenlabahia55.jpg\" alt=\"Lanchas en la bah\u00eda\" width=\"150\" height=\"225\" \/><\/a><\/p>\n<h5><a href=\"http:\/\/www.manuelrojas.cl\/?page_id=5117\/?lang=es\">Lanchas en la bah\u00eda<\/a><\/h5>\n<\/td>\n<td>&nbsp;<\/p>\n<p><a title=\"La ciudad de los c\u00e9sares\" href=\"http:\/\/www.manuelrojas.cl\/?page_id=5219\/?lang=es\" rel=\"attachment wp-att-4441\"><img loading=\"lazy\" decoding=\"async\" class=\"wp-image-4441 alignnone\" src=\"http:\/\/www.manuelrojas.cl\/wp-content\/uploads\/manuelrojaslaciudaddeloscesares193632.jpg\" alt=\"La ciudad de los c\u00e9sares\" width=\"150\" height=\"225\" \/><\/a><\/p>\n<h5><a href=\"http:\/\/www.manuelrojas.cl\/?page_id=5219\/?lang=es\">La ciudad de los C\u00e9sares<\/a><\/h5>\n<\/td>\n<td>&nbsp;<\/p>\n<p><a title=\"Hijo de ladr\u00f3n\" href=\"http:\/\/www.manuelrojas.cl\/hijo-de-ladron\/\" rel=\"attachment wp-att-4405\"><img loading=\"lazy\" decoding=\"async\" class=\"wp-image-4405 alignnone\" src=\"http:\/\/www.manuelrojas.cl\/wp-content\/uploads\/1361657809_magicfields_imagen_portada_traduccion_1_1.png\" alt=\"Hijo de ladr\u00f3n\" width=\"150\" height=\"225\" \/><\/a><\/p>\n<h5><a href=\"http:\/\/www.manuelrojas.cl\/hijo-de-ladron\/\">Hijo de ladr\u00f3n<\/a><\/h5>\n<\/td>\n<td>&nbsp;<\/p>\n<p><a title=\"Mejor que el vino\" href=\"http:\/\/www.manuelrojas.cl\/?page_id=5269\/?lang=es\" rel=\"attachment wp-att-4444\"><img loading=\"lazy\" decoding=\"async\" class=\"wp-image-4444 alignnone\" src=\"http:\/\/www.manuelrojas.cl\/wp-content\/uploads\/manuelrojasmejorqueelvino.jpg\" alt=\"Mejor que el vino\" width=\"150\" height=\"225\" \/><\/a><\/p>\n<h5><a href=\"http:\/\/www.manuelrojas.cl\/?page_id=5269\/?lang=es\">Mejor que el vino<\/a><\/h5>\n<\/td>\n<\/tr>\n<tr>\n<td>&nbsp;<\/p>\n<p><a title=\"Punta de rieles\" href=\"http:\/\/www.manuelrojas.cl\/?page_id=5278\/?lang=es\" rel=\"attachment wp-att-4446\"><img loading=\"lazy\" decoding=\"async\" class=\"wp-image-4446 alignnone\" src=\"http:\/\/www.manuelrojas.cl\/wp-content\/uploads\/manuelrojaspuntaderieles13.jpg\" alt=\"Punta de rieles\" width=\"150\" height=\"225\" \/><\/a><\/p>\n<h5><a href=\"http:\/\/www.manuelrojas.cl\/?page_id=5278\/?lang=es\">Punta de rieles<\/a><\/h5>\n<\/td>\n<td>&nbsp;<\/p>\n<p><a title=\"Sombras contra el muro\" href=\"http:\/\/www.manuelrojas.cl\/?page_id=5290\/?lang=es\" rel=\"attachment wp-att-4448\"><img loading=\"lazy\" decoding=\"async\" class=\"wp-image-4448 alignnone\" src=\"http:\/\/www.manuelrojas.cl\/wp-content\/uploads\/manuelrojassombrascontraelmuro.jpg\" alt=\"Sombras contra el muro\" width=\"150\" height=\"225\" \/><\/a><\/p>\n<h5><a href=\"http:\/\/www.manuelrojas.cl\/?page_id=5290\/?lang=es\">Sombras contra el muro<\/a><\/h5>\n<\/td>\n<td>&nbsp;<\/p>\n<p><a title=\"La oscura vida radiante\" href=\"http:\/\/www.manuelrojas.cl\/?page_id=5296\/?lang=es\" rel=\"attachment wp-att-4450\"><img loading=\"lazy\" decoding=\"async\" class=\"wp-image-4450 alignnone\" src=\"http:\/\/www.manuelrojas.cl\/wp-content\/uploads\/manuelrojaslaoscuravidaradiante.jpg\" alt=\"La oscura vida radiante\" width=\"150\" height=\"225\" \/><\/a><\/p>\n<h5><a href=\"http:\/\/www.manuelrojas.cl\/?page_id=5296\/?lang=es\">La oscura vida radiante<\/a><\/h5>\n<\/td>\n<td>&nbsp;<\/p>\n<p><a title=\"Tiempo irremediable\" href=\"http:\/\/www.manuelrojas.cl\/tiempo-irremediable\/\" rel=\"attachment wp-att-4450\"><img loading=\"lazy\" decoding=\"async\" class=\"wp-image-4450 alignnone\" src=\"http:\/\/www.manuelrojas.cl\/wp-content\/uploads\/Manuel-Rojas-Tiempo-irremediable.jpeg\" alt=\"Tiempo irremediable\" width=\"150\" height=\"225\" \/><\/a><\/p>\n<h5><a href=\"http:\/\/www.manuelrojas.cl\/tiempo-irremediable\/\">Tiempo irremediable<\/a><\/h5>\n<\/td>\n<td><\/td>\n<\/tr>\n<\/tbody>\n<\/table>\n<table class=\"table\">\n<tbody>\n<tr>\n<td><a title=\"Lanchas en la Bah\u00eda\" href=\"http:\/\/www.manuelrojas.cl\/?page_id=5117\"><img loading=\"lazy\" decoding=\"async\" class=\"margin-top: 5px;margin-bottom: 5px;margin-right: 5px;margin-left: 5px; alignleft wp-image-5208\" src=\"http:\/\/www.manuelrojas.cl\/wp-content\/uploads\/manuelrojaslanchasenlabahia55.jpg\" alt=\"Lanchas en la Bah\u00eda\" width=\"150\" height=\"225\" \/><\/a><\/td>\n<td><a href=\"http:\/\/www.manuelrojas.cl\/?page_id=5219\/?lang=en\" rel=\"attachment wp-att-4441\"><img loading=\"lazy\" decoding=\"async\" class=\"alignleft wp-image-4441\" src=\"http:\/\/www.manuelrojas.cl\/wp-content\/uploads\/manuelrojaslaciudaddeloscesares193632.jpg\" alt=\"manuelrojaslaciudaddeloscesares193632\" width=\"150\" height=\"225\" \/><\/a><\/td>\n<td><a href=\"http:\/\/www.manuelrojas.cl\/?page_id=5245\/?lang=en\" rel=\"attachment wp-att-4405\"><img loading=\"lazy\" decoding=\"async\" class=\"alignleft wp-image-4405\" src=\"http:\/\/www.manuelrojas.cl\/wp-content\/uploads\/1361657809_magicfields_imagen_portada_traduccion_1_1.png\" alt=\"Hijo de Ladr\u00f3n\" width=\"150\" height=\"225\" \/><\/a><\/td>\n<td><a href=\"http:\/\/www.manuelrojas.cl\/?page_id=5269\/?lang=en\" rel=\"attachment wp-att-4444\"><img loading=\"lazy\" decoding=\"async\" class=\"alignleft wp-image-4444\" src=\"http:\/\/www.manuelrojas.cl\/wp-content\/uploads\/manuelrojasmejorqueelvino.jpg\" alt=\"manuelrojasmejorqueelvino\" width=\"150\" height=\"225\" \/><\/a><\/td>\n<\/tr>\n<tr>\n<td><a href=\"http:\/\/www.manuelrojas.cl\/?page_id=5117\/?lang=en\"><strong>Lanchas en la bah\u00eda<\/strong><\/a><\/td>\n<td><strong><a href=\"http:\/\/www.manuelrojas.cl\/?page_id=5219\/?lang=en\">La ciudad de los C\u00e9sares<\/a><\/strong><\/td>\n<td><strong><a href=\"http:\/\/www.manuelrojas.cl\/?page_id=5245\/?lang=en\">Hijo de ladr\u00f3n<\/a><\/strong><\/td>\n<td><strong><a href=\"http:\/\/www.manuelrojas.cl\/?page_id=5269\/?lang=en\">Mejor que el vino<\/a><\/strong><\/td>\n<\/tr>\n<tr>\n<td><a href=\"http:\/\/www.manuelrojas.cl\/?page_id=5278\/?lang=en\" rel=\"attachment wp-att-4446\"><img loading=\"lazy\" decoding=\"async\" class=\"alignleft wp-image-4446\" src=\"http:\/\/www.manuelrojas.cl\/wp-content\/uploads\/manuelrojaspuntaderieles13.jpg\" alt=\"manuelrojaspuntaderieles13\" width=\"150\" height=\"225\" \/><\/a><\/td>\n<td><a href=\"http:\/\/www.manuelrojas.cl\/?page_id=5290\/?lang=en\" rel=\"attachment wp-att-4448\"><img loading=\"lazy\" decoding=\"async\" class=\"alignleft wp-image-4448\" src=\"http:\/\/www.manuelrojas.cl\/wp-content\/uploads\/manuelrojassombrascontraelmuro.jpg\" alt=\"manuelrojassombrascontraelmuro\" width=\"150\" height=\"225\" \/><\/a><\/td>\n<td><a href=\"http:\/\/www.manuelrojas.cl\/?page_id=5296\/?lang=en\" rel=\"attachment wp-att-4450\"><img loading=\"lazy\" decoding=\"async\" class=\"alignleft wp-image-4450\" src=\"http:\/\/www.manuelrojas.cl\/wp-content\/uploads\/manuelrojaslaoscuravidaradiante.jpg\" alt=\"manuelrojaslaoscuravidaradiante\" width=\"150\" height=\"225\" \/><\/a><\/td>\n<td><\/td>\n<\/tr>\n<tr>\n<td><strong><a href=\"http:\/\/www.manuelrojas.cl\/?page_id=5278\/?lang=en\">Punta de rieles<\/a><\/strong><\/td>\n<td><strong><a href=\"http:\/\/www.manuelrojas.cl\/?page_id=5290\/?lang=en\">Sombras contra el muro<\/a><\/strong><\/td>\n<td><strong><a href=\"http:\/\/www.manuelrojas.cl\/?page_id=5296\/?lang=en\">La oscura vida radiante<\/a><\/strong><\/td>\n<td><\/td>\n<\/tr>\n<\/tbody>\n<\/table>\n<p>[\/et_pb_text][\/et_pb_column]<br \/>\n\t\t\t[\/et_pb_row]<br \/>\n\t\t[\/et_pb_section]<\/p>\n","protected":false},"excerpt":{"rendered":"<p>&#8220;Escrib\u00ed poes\u00edas, porque un amigo me anim\u00f3 a que lo hiciera; cuentista, porque quise ganar, estando en muy mala situaci\u00f3n econ\u00f3mica, un premio en un concurso; novelista, porque ya no pod\u00eda detenerme.&#8221; Desde el relato breve, Manuel Rojas transita a la novela como un paso natural y l\u00f3gico, donde el material literario proviene mayoritariamente de [&hellip;]<\/p>\n","protected":false},"author":1,"featured_media":7795,"parent":0,"menu_order":0,"comment_status":"closed","ping_status":"closed","template":"","meta":{"_et_pb_use_builder":"on","_et_pb_old_content":"<p class=\"dropcap\" style=\"text-align: justify;\"><i>\"Escrib\u00ed poes\u00edas, porque un amigo me anim\u00f3 a que lo hiciera; cuentista, porque quise ganar, estando en muy mala situaci\u00f3n econ\u00f3mica, un premio en un concurso; novelista, porque ya no pod\u00eda detenerme.\"<\/i><\/p>\n<p style=\"text-align: justify;\">Desde el relato breve, Manuel Rojas transita a la novela como un paso natural y l\u00f3gico, donde el material literario proviene mayoritariamente de las experiencias de su propia vida. Primero en <span style=\"color: #0f4674;\"><i>Lanchas en la bah\u00eda<\/i><\/span>, con tintes l\u00edricos que hablan de sus inicios en la literatura y luego en <span style=\"color: #0f4674;\"><i>Hijo de ladr\u00f3n<\/i><\/span> que inicia su tetralog\u00eda fundamental, completada por <span style=\"color: #0f4674;\"><i>Mejor que el vino<\/i><\/span>;<span style=\"color: #0f4674;\"><i> Sombras contra el muro <\/i><\/span>y la <span style=\"color: #0f4674;\"><i>Oscura vida radiante<\/i><\/span>. Escritas y publicadas en un periodo de dos d\u00e9cadas, las cuatro novelas relatan la vida de su protagonista Aniceto Hevia \u2013alter ego literario de su autor\u2013 desde su infancia hasta la edad madura. El a\u00f1o 2015 la editorial Zig-Zag public\u00f3 la tetralog\u00eda de Rojas bajo el t\u00edtulo de <span style=\"color: #0f4674;\"><i>Tiempo irremediable<\/i><\/span>.<\/p>\n<p style=\"text-align: justify;\">Completan la producci\u00f3n novel\u00edstica <span style=\"color: #0f4674;\"><i>La ciudad de los c\u00e9sares<\/i><\/span>, ejercicio de imaginaci\u00f3n, no del todo logrado seg\u00fan el propio autor y <span style=\"color: #0f4674;\"><i>Punta de rieles<\/i><\/span>, \u00e1gil, penetrante y humano contrapunto sicol\u00f3gico y vivencial entre seres socialmente distantes, pero hermanados en la degradaci\u00f3n.<\/p>\n\n<table class=\"table\" style=\"width: 100%;\">\n<tbody>\n<tr>\n<td>&nbsp;\n\n<a title=\"Lanchas en la bah\u00eda\" href=\"http:\/\/www.manuelrojas.cl\/?page_id=5117\"><img class=\"margin-top: 5px;margin-bottom: 5px;margin-right: 5px;margin-left: 5px; wp-image-5208 alignnone\" src=\"http:\/\/www.manuelrojas.cl\/wp-content\/uploads\/manuelrojaslanchasenlabahia55.jpg\" alt=\"Lanchas en la bah\u00eda\" width=\"150\" height=\"225\" \/><\/a>\n<h5><a href=\"http:\/\/www.manuelrojas.cl\/?page_id=5117\/?lang=es\">Lanchas en la bah\u00eda<\/a><\/h5>\n<\/td>\n<td>&nbsp;\n\n<a title=\"La ciudad de los c\u00e9sares\" href=\"http:\/\/www.manuelrojas.cl\/?page_id=5219\/?lang=es\" rel=\"attachment wp-att-4441\"><img class=\"wp-image-4441 alignnone\" src=\"http:\/\/www.manuelrojas.cl\/wp-content\/uploads\/manuelrojaslaciudaddeloscesares193632.jpg\" alt=\"La ciudad de los c\u00e9sares\" width=\"150\" height=\"225\" \/><\/a>\n<h5><a href=\"http:\/\/www.manuelrojas.cl\/?page_id=5219\/?lang=es\">La ciudad de los C\u00e9sares<\/a><\/h5>\n<\/td>\n<td>&nbsp;\n\n<a title=\"Hijo de ladr\u00f3n\" href=\"http:\/\/www.manuelrojas.cl\/hijo-de-ladron\/\" rel=\"attachment wp-att-4405\"><img class=\"wp-image-4405 alignnone\" src=\"http:\/\/www.manuelrojas.cl\/wp-content\/uploads\/1361657809_magicfields_imagen_portada_traduccion_1_1.png\" alt=\"Hijo de ladr\u00f3n\" width=\"150\" height=\"225\" \/><\/a>\n<h5><a href=\"http:\/\/www.manuelrojas.cl\/hijo-de-ladron\/\">Hijo de ladr\u00f3n<\/a><\/h5>\n<\/td>\n<td>&nbsp;\n\n<a title=\"Mejor que el vino\" href=\"http:\/\/www.manuelrojas.cl\/?page_id=5269\/?lang=es\" rel=\"attachment wp-att-4444\"><img class=\"wp-image-4444 alignnone\" src=\"http:\/\/www.manuelrojas.cl\/wp-content\/uploads\/manuelrojasmejorqueelvino.jpg\" alt=\"Mejor que el vino\" width=\"150\" height=\"225\" \/><\/a>\n<h5><a href=\"http:\/\/www.manuelrojas.cl\/?page_id=5269\/?lang=es\">Mejor que el vino<\/a><\/h5>\n<\/td>\n<\/tr>\n<tr>\n<td>&nbsp;\n\n<a title=\"Punta de rieles\" href=\"http:\/\/www.manuelrojas.cl\/?page_id=5278\/?lang=es\" rel=\"attachment wp-att-4446\"><img class=\"wp-image-4446 alignnone\" src=\"http:\/\/www.manuelrojas.cl\/wp-content\/uploads\/manuelrojaspuntaderieles13.jpg\" alt=\"Punta de rieles\" width=\"150\" height=\"225\" \/><\/a>\n<h5><a href=\"http:\/\/www.manuelrojas.cl\/?page_id=5278\/?lang=es\">Punta de rieles<\/a><\/h5>\n<\/td>\n<td>&nbsp;\n\n<a title=\"Sombras contra el muro\" href=\"http:\/\/www.manuelrojas.cl\/?page_id=5290\/?lang=es\" rel=\"attachment wp-att-4448\"><img class=\"wp-image-4448 alignnone\" src=\"http:\/\/www.manuelrojas.cl\/wp-content\/uploads\/manuelrojassombrascontraelmuro.jpg\" alt=\"Sombras contra el muro\" width=\"150\" height=\"225\" \/><\/a>\n<h5><a href=\"http:\/\/www.manuelrojas.cl\/?page_id=5290\/?lang=es\">Sombras contra el muro<\/a><\/h5>\n<\/td>\n<td>&nbsp;\n\n<a title=\"La oscura vida radiante\" href=\"http:\/\/www.manuelrojas.cl\/?page_id=5296\/?lang=es\" rel=\"attachment wp-att-4450\"><img class=\"wp-image-4450 alignnone\" src=\"http:\/\/www.manuelrojas.cl\/wp-content\/uploads\/manuelrojaslaoscuravidaradiante.jpg\" alt=\"La oscura vida radiante\" width=\"150\" height=\"225\" \/><\/a>\n<h5><a href=\"http:\/\/www.manuelrojas.cl\/?page_id=5296\/?lang=es\">La oscura vida radiante<\/a><\/h5>\n<\/td>\n<td>&nbsp;\n\n<a title=\"Tiempo irremediable\" href=\"http:\/\/www.manuelrojas.cl\/tiempo-irremediable\/\" rel=\"attachment wp-att-4450\"><img class=\"wp-image-4450 alignnone\" src=\"http:\/\/www.manuelrojas.cl\/wp-content\/uploads\/Manuel-Rojas-Tiempo-irremediable.jpeg\" alt=\"Tiempo irremediable\" width=\"150\" height=\"225\" \/><\/a>\n<h5><a href=\"http:\/\/www.manuelrojas.cl\/tiempo-irremediable\/\">Tiempo irremediable<\/a><\/h5><\/td>\n<td><\/td>\n<\/tr>\n<\/tbody>\n<\/table>\n<table class=\"table\">\n<tbody>\n<tr>\n<td><a title=\"Lanchas en la Bah\u00eda\" href=\"http:\/\/www.manuelrojas.cl\/?page_id=5117\"><img class=\"margin-top: 5px;margin-bottom: 5px;margin-right: 5px;margin-left: 5px; alignleft wp-image-5208\" src=\"http:\/\/www.manuelrojas.cl\/wp-content\/uploads\/manuelrojaslanchasenlabahia55.jpg\" alt=\"Lanchas en la Bah\u00eda\" width=\"150\" height=\"225\" \/><\/a><\/td>\n<td><a href=\"http:\/\/www.manuelrojas.cl\/?page_id=5219\/?lang=en\" rel=\"attachment wp-att-4441\"><img class=\"alignleft wp-image-4441\" src=\"http:\/\/www.manuelrojas.cl\/wp-content\/uploads\/manuelrojaslaciudaddeloscesares193632.jpg\" alt=\"manuelrojaslaciudaddeloscesares193632\" width=\"150\" height=\"225\" \/><\/a><\/td>\n<td><a href=\"http:\/\/www.manuelrojas.cl\/?page_id=5245\/?lang=en\" rel=\"attachment wp-att-4405\"><img class=\"alignleft wp-image-4405\" src=\"http:\/\/www.manuelrojas.cl\/wp-content\/uploads\/1361657809_magicfields_imagen_portada_traduccion_1_1.png\" alt=\"Hijo de Ladr\u00f3n\" width=\"150\" height=\"225\" \/><\/a><\/td>\n<td><a href=\"http:\/\/www.manuelrojas.cl\/?page_id=5269\/?lang=en\" rel=\"attachment wp-att-4444\"><img class=\"alignleft wp-image-4444\" src=\"http:\/\/www.manuelrojas.cl\/wp-content\/uploads\/manuelrojasmejorqueelvino.jpg\" alt=\"manuelrojasmejorqueelvino\" width=\"150\" height=\"225\" \/><\/a><\/td>\n<\/tr>\n<tr>\n<td><a href=\"http:\/\/www.manuelrojas.cl\/?page_id=5117\/?lang=en\"><strong>Lanchas en la bah\u00eda<\/strong><\/a><\/td>\n<td><strong><a href=\"http:\/\/www.manuelrojas.cl\/?page_id=5219\/?lang=en\">La ciudad de los C\u00e9sares<\/a><\/strong><\/td>\n<td><strong><a href=\"http:\/\/www.manuelrojas.cl\/?page_id=5245\/?lang=en\">Hijo de ladr\u00f3n<\/a><\/strong><\/td>\n<td><strong><a href=\"http:\/\/www.manuelrojas.cl\/?page_id=5269\/?lang=en\">Mejor que el vino<\/a><\/strong><\/td>\n<\/tr>\n<tr>\n<td><a href=\"http:\/\/www.manuelrojas.cl\/?page_id=5278\/?lang=en\" rel=\"attachment wp-att-4446\"><img class=\"alignleft wp-image-4446\" src=\"http:\/\/www.manuelrojas.cl\/wp-content\/uploads\/manuelrojaspuntaderieles13.jpg\" alt=\"manuelrojaspuntaderieles13\" width=\"150\" height=\"225\" \/><\/a><\/td>\n<td><a href=\"http:\/\/www.manuelrojas.cl\/?page_id=5290\/?lang=en\" rel=\"attachment wp-att-4448\"><img class=\"alignleft wp-image-4448\" src=\"http:\/\/www.manuelrojas.cl\/wp-content\/uploads\/manuelrojassombrascontraelmuro.jpg\" alt=\"manuelrojassombrascontraelmuro\" width=\"150\" height=\"225\" \/><\/a><\/td>\n<td><a href=\"http:\/\/www.manuelrojas.cl\/?page_id=5296\/?lang=en\" rel=\"attachment wp-att-4450\"><img class=\"alignleft wp-image-4450\" src=\"http:\/\/www.manuelrojas.cl\/wp-content\/uploads\/manuelrojaslaoscuravidaradiante.jpg\" alt=\"manuelrojaslaoscuravidaradiante\" width=\"150\" height=\"225\" \/><\/a><\/td>\n<td><\/td>\n<\/tr>\n<tr>\n<td><strong><a href=\"http:\/\/www.manuelrojas.cl\/?page_id=5278\/?lang=en\">Punta de rieles<\/a><\/strong><\/td>\n<td><strong><a href=\"http:\/\/www.manuelrojas.cl\/?page_id=5290\/?lang=en\">Sombras contra el muro<\/a><\/strong><\/td>\n<td><strong><a href=\"http:\/\/www.manuelrojas.cl\/?page_id=5296\/?lang=en\">La oscura vida radiante<\/a><\/strong><\/td>\n<td><\/td>\n<\/tr>\n<\/tbody>\n<\/table>","_et_gb_content_width":"","footnotes":""},"class_list":["post-5199","page","type-page","status-publish","has-post-thumbnail","hentry"],"_links":{"self":[{"href":"https:\/\/manuelrojas.cl\/index.php\/wp-json\/wp\/v2\/pages\/5199","targetHints":{"allow":["GET"]}}],"collection":[{"href":"https:\/\/manuelrojas.cl\/index.php\/wp-json\/wp\/v2\/pages"}],"about":[{"href":"https:\/\/manuelrojas.cl\/index.php\/wp-json\/wp\/v2\/types\/page"}],"author":[{"embeddable":true,"href":"https:\/\/manuelrojas.cl\/index.php\/wp-json\/wp\/v2\/users\/1"}],"replies":[{"embeddable":true,"href":"https:\/\/manuelrojas.cl\/index.php\/wp-json\/wp\/v2\/comments?post=5199"}],"version-history":[{"count":1,"href":"https:\/\/manuelrojas.cl\/index.php\/wp-json\/wp\/v2\/pages\/5199\/revisions"}],"predecessor-version":[{"id":11023,"href":"https:\/\/manuelrojas.cl\/index.php\/wp-json\/wp\/v2\/pages\/5199\/revisions\/11023"}],"wp:featuredmedia":[{"embeddable":true,"href":"https:\/\/manuelrojas.cl\/index.php\/wp-json\/wp\/v2\/posts\/7795"}],"wp:attachment":[{"href":"https:\/\/manuelrojas.cl\/index.php\/wp-json\/wp\/v2\/media?parent=5199"}],"curies":[{"name":"wp","href":"https:\/\/api.w.org\/{rel}","templated":true}]}}