{"id":5269,"date":"2015-05-04T23:47:30","date_gmt":"2015-05-05T02:47:30","guid":{"rendered":"http:\/\/www.manuelrojas.cl\/?page_id=5269"},"modified":"2024-12-01T22:24:04","modified_gmt":"2024-12-01T22:24:04","slug":"mejor-que-el-vino","status":"publish","type":"page","link":"https:\/\/manuelrojas.cl\/index.php\/mejor-que-el-vino\/","title":{"rendered":"Mejor que el vino"},"content":{"rendered":"<p>[et_pb_section fb_built=&#8221;1&#8243; _builder_version=&#8221;4.17.4&#8243; _module_preset=&#8221;default&#8221; background_color=&#8221;RGBA(255,255,255,0)&#8221; custom_margin=&#8221;0px||0px||false|false&#8221; custom_padding=&#8221;0px||0px||false|false&#8221; global_colors_info=&#8221;{}&#8221;][et_pb_row _builder_version=&#8221;4.17.4&#8243; _module_preset=&#8221;default&#8221; background_color=&#8221;#FFFFFF&#8221; max_width=&#8221;1277px&#8221; custom_margin=&#8221;0px||0px||false|false&#8221; custom_padding=&#8221;0px||0px||false|false&#8221; global_colors_info=&#8221;{}&#8221;][et_pb_column type=&#8221;4_4&#8243; _builder_version=&#8221;4.17.4&#8243; _module_preset=&#8221;default&#8221; global_colors_info=&#8221;{}&#8221;][et_pb_text _builder_version=&#8221;4.17.4&#8243; _module_preset=&#8221;default&#8221; text_font=&#8221;Alegreya||||||||&#8221; header_3_font=&#8221;Alegreya|600|||||||&#8221; header_3_text_color=&#8221;#005B84&#8243; custom_margin=&#8221;|20px|5px||false|false&#8221; custom_padding=&#8221;20px|20px|||false|false&#8221; border_width_bottom=&#8221;1px&#8221; border_color_bottom=&#8221;#cccccc&#8221; border_style_bottom=&#8221;dotted&#8221; border_width_left=&#8221;3px&#8221; border_color_left=&#8221;#005B84&#8243; global_colors_info=&#8221;{}&#8221;]<\/p>\n<h3>\u00a0 <span style=\"color: rgba(53, 53, 53, 0.63);\">Obra \/<\/span> <a href=\"https:\/\/manuelrojas.cl\/index.php\/novelas\/\">Novelas<\/a> \/ Mejor que el vino<\/h3>\n<p>[\/et_pb_text][\/et_pb_column][\/et_pb_row][et_pb_row column_structure=&#8221;2_5,3_5&#8243; _builder_version=&#8221;4.17.4&#8243; _module_preset=&#8221;default&#8221; background_color=&#8221;#FFFFFF&#8221; background_image=&#8221;https:\/\/manuelrojas.cl\/wp-content\/uploads\/2023\/05\/com-spliter.png&#8221; background_size=&#8221;initial&#8221; background_repeat=&#8221;repeat&#8221; width_tablet=&#8221;&#8221; width_phone=&#8221;90%&#8221; width_last_edited=&#8221;on|phone&#8221; custom_padding=&#8221;|30px||30px|false|false&#8221; hover_enabled=&#8221;0&#8243; global_colors_info=&#8221;{}&#8221; sticky_enabled=&#8221;0&#8243; max_width_last_edited=&#8221;on|phone&#8221;][et_pb_column type=&#8221;2_5&#8243; _builder_version=&#8221;4.17.4&#8243; _module_preset=&#8221;default&#8221; global_colors_info=&#8221;{}&#8221;][et_pb_image src=&#8221;https:\/\/manuelrojas.cl\/wp-content\/uploads\/2023\/06\/manuelrojasmejorqueelvino42.jpg&#8221; title_text=&#8221;manuelrojasmejorqueelvino42&#8243; align=&#8221;center&#8221; _builder_version=&#8221;4.17.4&#8243; _module_preset=&#8221;default&#8221; height=&#8221;500px&#8221; height_tablet=&#8221;500px&#8221; height_phone=&#8221;&#8221; height_last_edited=&#8221;on|phone&#8221; max_height=&#8221;500px&#8221; max_height_tablet=&#8221;500px&#8221; max_height_phone=&#8221;&#8221; max_height_last_edited=&#8221;on|phone&#8221; border_radii=&#8221;on|3px|3px|3px|3px&#8221; border_width_all=&#8221;1px&#8221; border_color_all=&#8221;RGBA(48,48,48,0.77)&#8221; box_shadow_style=&#8221;preset1&#8243; box_shadow_blur=&#8221;5px&#8221; global_colors_info=&#8221;{}&#8221;][\/et_pb_image][et_pb_image src=&#8221;https:\/\/manuelrojas.cl\/wp-content\/uploads\/2023\/06\/manuelrojasmejorqueelvino2008.jpg&#8221; title_text=&#8221;manuelrojasmejorqueelvino2008&#8243; url=&#8221;https:\/\/www.buscalibre.cl\/libro-mejor-que-el-vino\/9789562829793\/p\/1098075?srsltid=AfmBOopX9rVdUOObQmLrqY37qK40bzMe3QZmR_VVgMoO8J7VgfBLtf9Q&#8221; url_new_window=&#8221;on&#8221; align=&#8221;center&#8221; _builder_version=&#8221;4.17.4&#8243; _module_preset=&#8221;default&#8221; height=&#8221;500px&#8221; height_tablet=&#8221;500px&#8221; height_phone=&#8221;&#8221; height_last_edited=&#8221;on|phone&#8221; max_height=&#8221;500px&#8221; max_height_tablet=&#8221;500px&#8221; max_height_phone=&#8221;&#8221; max_height_last_edited=&#8221;on|phone&#8221; border_radii=&#8221;on|3px|3px|3px|3px&#8221; border_width_all=&#8221;1px&#8221; border_color_all=&#8221;RGBA(48,48,48,0.77)&#8221; box_shadow_style=&#8221;preset1&#8243; box_shadow_blur=&#8221;5px&#8221; global_colors_info=&#8221;{}&#8221;][\/et_pb_image][\/et_pb_column][et_pb_column type=&#8221;3_5&#8243; _builder_version=&#8221;4.17.4&#8243; _module_preset=&#8221;default&#8221; global_colors_info=&#8221;{}&#8221;][et_pb_text _builder_version=&#8221;4.17.4&#8243; _module_preset=&#8221;default&#8221; text_font=&#8221;Alegreya||||||||&#8221; text_font_size=&#8221;18px&#8221; text_line_height=&#8221;1.8em&#8221; background_color=&#8221;#FFFFFF&#8221; width_tablet=&#8221;&#8221; width_phone=&#8221;&#8221; width_last_edited=&#8221;on|phone&#8221; max_width_tablet=&#8221;&#8221; max_width_phone=&#8221;&#8221; max_width_last_edited=&#8221;on|phone&#8221; custom_padding=&#8221;10px|10px|10px|10px|false|false&#8221; text_font_tablet=&#8221;Alegreya||||||||&#8221; text_font_phone=&#8221;Alegreya||||||||&#8221; text_font_last_edited=&#8221;off|desktop&#8221; text_font_size_tablet=&#8221;17px&#8221; text_font_size_phone=&#8221;10px&#8221; text_font_size_last_edited=&#8221;on|phone&#8221; border_radii=&#8221;on|1px|1px|1px|1px&#8221; border_width_all=&#8221;1px&#8221; border_color_all=&#8221;RGBA(0,91,132,0.8)&#8221; border_style_all=&#8221;dotted&#8221; global_colors_info=&#8221;{}&#8221;]<\/p>\n<div class=\"content clearfix\">\n<div class=\"content clearfix\">\n<p><strong>Primera edici\u00f3n:<\/strong> Editorial Zig-Zag &#8211; Santiago de Chile, 1958<br \/><a href=\"https:\/\/www.buscalibre.cl\/libro-mejor-que-el-vino\/9789562829793\/p\/1098075?srsltid=AfmBOopX9rVdUOObQmLrqY37qK40bzMe3QZmR_VVgMoO8J7VgfBLtf9Q\" target=\"_blank\" rel=\"noopener\" title=\"Novelas - Mejor que el vino\"><strong>\u00daltima edici\u00f3n:<\/strong> Ediciones LOM &#8211; Santiago de Chile, 2008<\/a><\/p>\n<h2>Rese\u00f1a<\/h2>\n<p class=\"dropcap\" style=\"text-align: justify;\">La segunda novela de la tetralog\u00eda de <i>Aniceto Hevia<\/i> se mueve por el territorio del desenga\u00f1o. El juego en su t\u00edtulo ya descoloca: siendo conocida, para la fecha de su publicaci\u00f3n, tanto la prosa como la cr\u00edtica social de Rojas, anticipa nuevas incursiones del personaje por los m\u00e1rgenes de la sociedad. De forma casi inmediata, el ep\u00edgrafe del <i>\u00abCantar de los cantares\u00bb<\/i> nos arroja en otra direcci\u00f3n: las caricias, el amor. Expectativas dislocadas que, sin embargo, en el desarrollo de la novela encuentran un cauce com\u00fan.<\/p>\n<p style=\"text-align: justify;\">Se trata de tres incursiones en la vida normal, o mejor, normada, que intenta <i>Aniceto Hevia<\/i>, donde se entrelaza la inserci\u00f3n laboral con la vida en pareja. Tres incursiones que fracasan, pero donde el fracaso no se lo lleva el afecto, sino las formas que dicta una estructura social tan impositiva como es vac\u00eda de sentido. El desenga\u00f1o que vive <i>Hevia<\/i> nace de la experiencia social del amor, donde las normas que lo circundan acaban por vaciarlo del sentido que invitar\u00eda a celebrarlo.<\/p>\n<p style=\"text-align: justify;\">Con todo, el t\u00edtulo <strong>Mejor que el vino<\/strong> no decepciona: la novela, como el libro b\u00edblico, es una celebraci\u00f3n del amor. Ocurre que aqu\u00ed su retrato se hace por defecto, en la dislocaci\u00f3n que impone su experiencia normada. De esta forma, la experiencia del desenga\u00f1o tanto laboral como conyugal que cuenta la novela, vuelve sobre la idea de comunidad que conocimos en <strong><a title=\"Novelas - Hijo de ladr\u00f3n\" href=\"https:\/\/manuelrojas.cl\/index.php\/hijo-de-ladron\/\" target=\"_blank\" rel=\"noopener\">Hijo de ladr\u00f3n<\/a><\/strong>, como un momento de aprendizaje en el que se reafirma el afecto como centro y fundamento de esa otra comunidad posible.<\/p>\n<\/div>\n<\/div>\n<p>[\/et_pb_text][et_pb_text _builder_version=&#8221;4.17.4&#8243; _module_preset=&#8221;default&#8221; text_font=&#8221;Alegreya||||||||&#8221; text_font_size=&#8221;18px&#8221; text_line_height=&#8221;1.8em&#8221; background_color=&#8221;#FFFFFF&#8221; width_tablet=&#8221;&#8221; width_phone=&#8221;&#8221; width_last_edited=&#8221;on|phone&#8221; max_width_tablet=&#8221;&#8221; max_width_phone=&#8221;&#8221; max_width_last_edited=&#8221;on|phone&#8221; custom_padding=&#8221;10px|10px|10px|10px|false|false&#8221; text_font_tablet=&#8221;Alegreya||||||||&#8221; text_font_phone=&#8221;Alegreya||||||||&#8221; text_font_last_edited=&#8221;off|desktop&#8221; text_font_size_tablet=&#8221;17px&#8221; text_font_size_phone=&#8221;10px&#8221; text_font_size_last_edited=&#8221;on|phone&#8221; border_radii=&#8221;on|1px|1px|1px|1px&#8221; border_width_all=&#8221;1px&#8221; border_color_all=&#8221;RGBA(0,91,132,0.8)&#8221; border_style_all=&#8221;dotted&#8221; global_colors_info=&#8221;{}&#8221;]<\/p>\n<div class=\"content clearfix\">\n<div class=\"content clearfix\">\n<h2>Traducciones<\/h2>\n<table border=\"1\" style=\"border-collapse: collapse; width: 100%;\">\n<tbody>\n<tr>\n<td style=\"width: 50%;\"><a href=\"https:\/\/manuelrojas.cl\/wp-content\/uploads\/2023\/06\/manuelrojashijodeladronmejorqueelvinoruso196553-1.jpg\"><img loading=\"lazy\" decoding=\"async\" src=\"https:\/\/manuelrojas.cl\/wp-content\/uploads\/2023\/06\/manuelrojashijodeladronmejorqueelvinoruso196553-1-200x300.jpg\" width=\"200\" height=\"300\" alt=\"\" class=\"wp-image-11004 alignleft size-medium\" style=\"float: right;\" srcset=\"https:\/\/manuelrojas.cl\/wp-content\/uploads\/2023\/06\/manuelrojashijodeladronmejorqueelvinoruso196553-1-200x300.jpg 200w, https:\/\/manuelrojas.cl\/wp-content\/uploads\/2023\/06\/manuelrojashijodeladronmejorqueelvinoruso196553-1.jpg 398w\" sizes=\"auto, (max-width: 200px) 100vw, 200px\" \/><\/a><\/td>\n<td style=\"width: 50%;\">\n<p style=\"text-align: justify;\">Cblh Bopa &#8211; Crame Buha &#8211; Editorial Literatura Art\u00edstica, Mosc\u00fa \u2013 Rusia, 1965<\/p>\n<\/td>\n<\/tr>\n<tr>\n<td style=\"width: 50%;\"><a href=\"https:\/\/manuelrojas.cl\/wp-content\/uploads\/2023\/06\/manuelrojashijodeladronsynzlodeja_19xxcheco.jpg\"><img loading=\"lazy\" decoding=\"async\" src=\"https:\/\/manuelrojas.cl\/wp-content\/uploads\/2023\/06\/manuelrojashijodeladronsynzlodeja_19xxcheco-200x300.jpg\" width=\"200\" height=\"300\" alt=\"\" class=\"wp-image-11008 alignleft size-medium\" style=\"float: right;\" srcset=\"https:\/\/manuelrojas.cl\/wp-content\/uploads\/2023\/06\/manuelrojashijodeladronsynzlodeja_19xxcheco-200x300.jpg 200w, https:\/\/manuelrojas.cl\/wp-content\/uploads\/2023\/06\/manuelrojashijodeladronsynzlodeja_19xxcheco.jpg 398w\" sizes=\"auto, (max-width: 200px) 100vw, 200px\" \/><\/a><\/td>\n<td style=\"width: 50%;\">\n<p style=\"text-align: justify;\">Zagla dels &#8211; Saldaka par vinu &#8211; Riga \u2013 Letonia, 1968<\/p>\n<\/td>\n<\/tr>\n<\/tbody>\n<\/table>\n<\/div>\n<\/div>\n<p>[\/et_pb_text][\/et_pb_column][\/et_pb_row][\/et_pb_section]<\/p>\n","protected":false},"excerpt":{"rendered":"<p>\u00a0 Obra \/ Novelas \/ Mejor que el vino Primera edici\u00f3n: Editorial Zig-Zag &#8211; Santiago de Chile, 1958\u00daltima edici\u00f3n: Ediciones LOM &#8211; Santiago de Chile, 2008 Rese\u00f1a La segunda novela de la tetralog\u00eda de Aniceto Hevia se mueve por el territorio del desenga\u00f1o. El juego en su t\u00edtulo ya descoloca: siendo conocida, para la fecha [&hellip;]<\/p>\n","protected":false},"author":1,"featured_media":5271,"parent":0,"menu_order":0,"comment_status":"closed","ping_status":"closed","template":"","meta":{"_et_pb_use_builder":"on","_et_pb_old_content":"[tabby title=\"Libro y Rese\u00f1a\"]\n<table class=\"table\">\n<tbody>\n<tr>\n<td style=\"text-align: left; vertical-align: top;\"><a href=\"http:\/\/www.manuelrojas.cl\/wp-content\/uploads\/manuelrojasmejorqueelvino42.jpg\" rel=\"attachment wp-att-5270\"><img class=\"margin-top: 5px;margin-bottom: 5px;margin-right: 5px;margin-left: 5px; alignleft wp-image-5270\" src=\"http:\/\/www.manuelrojas.cl\/wp-content\/uploads\/manuelrojasmejorqueelvino42.jpg\" alt=\"Mejor que el Vino\" width=\"150\" height=\"225\"><\/a><\/td>\n<td style=\"vertical-align: top;\" rowspan=\"3\"><strong>Primera edici\u00f3n:<\/strong> Editorial Zig-Zag - Santiago de Chile, 1958\n<strong>\u00daltima edici\u00f3n:<\/strong> Ediciones LOM - Santiago de Chile, 2008\n<h2>Rese\u00f1a<\/h2>\n<p class=\"dropcap\" style=\"text-align: justify;\">La segunda novela de la tetralog\u00eda de <i>Aniceto Hevia<\/i> se mueve por el territorio del desenga\u00f1o. El juego en su t\u00edtulo ya descoloca: siendo conocida, para la fecha de su publicaci\u00f3n, tanto la prosa como la cr\u00edtica social de Rojas, anticipa nuevas incursiones del personaje por los m\u00e1rgenes de la sociedad. De forma casi inmediata, el ep\u00edgrafe del <i>\u00abCantar de los cantares\u00bb<\/i> nos arroja en otra direcci\u00f3n: las caricias, el amor. Expectativas dislocadas que, sin embargo, en el desarrollo de la novela encuentran un cauce com\u00fan.<\/p>\n<p style=\"text-align: justify;\">Se trata de tres incursiones en la vida normal, o mejor, normada, que intenta <i>Aniceto Hevia<\/i>, donde se entrelaza la inserci\u00f3n laboral con la vida en pareja. Tres incursiones que fracasan, pero donde el fracaso no se lo lleva el afecto, sino las formas que dicta una estructura social tan impositiva como es vac\u00eda de sentido. El desenga\u00f1o que vive <i>Hevia<\/i> nace de la experiencia social del amor, donde las normas que lo circundan acaban por vaciarlo del sentido que invitar\u00eda a celebrarlo.<\/p>\n<p style=\"text-align: justify;\">Con todo, el t\u00edtulo <strong>Mejor que el vino<\/strong> no decepciona: la novela, como el libro b\u00edblico, es una celebraci\u00f3n del amor. Ocurre que aqu\u00ed su retrato se hace por defecto, en la dislocaci\u00f3n que impone su experiencia normada. De esta forma, la experiencia del desenga\u00f1o tanto laboral como conyugal que cuenta la novela, vuelve sobre la idea de comunidad que conocimos en <strong><a title=\"Novelas - Hijo de ladr\u00f3n\" href=\"http:\/\/www.manuelrojas.cl\/hijo-de-ladron\/?lang=es\">Hijo de ladr\u00f3n<\/a><\/strong>, como un momento de aprendizaje en el que se reafirma el afecto como centro y fundamento de esa otra comunidad posible.<\/p>\n<\/td>\n<\/tr>\n<tr>\n<td style=\"text-align: left; vertical-align: top;\"><a href=\"http:\/\/www.manuelrojas.cl\/wp-content\/uploads\/manuelrojasmejorqueelvino2008.jpg\" rel=\"attachment wp-att-5271\"><img class=\"margin-top: 5px;margin-bottom: 5px;margin-right: 5px;margin-left: 5px; alignleft wp-image-5271\" src=\"http:\/\/www.manuelrojas.cl\/wp-content\/uploads\/manuelrojasmejorqueelvino2008.jpg\" alt=\"Mejor que el Vino\" width=\"150\" height=\"225\"><\/a><\/td>\n<\/tr>\n<\/tbody>\n<\/table>\n[tabby title=\"Traducciones\"]\n<table style=\"height: 470px;\" width=\"412\">\n<tbody>\n<tr>\n<td style=\"vertical-align: top;\"><a href=\"http:\/\/www.manuelrojas.cl\/wp-content\/uploads\/manuelrojashijodeladronmejorqueelvinoruso196553.jpg\" rel=\"attachment wp-att-5259\"><img class=\"margin-top: 5px;margin-bottom: 5px;margin-right: 5px;margin-left: 5px; alignleft wp-image-5259\" src=\"http:\/\/www.manuelrojas.cl\/wp-content\/uploads\/manuelrojashijodeladronmejorqueelvinoruso196553.jpg\" alt=\"Hijo de Ladr\u00f3n\" width=\"150\" height=\"225\"><\/a><\/td>\n<td>Cblh Bopa - Crame Buha\nEditorial Literatura Art\u00edstica, Mosc\u00fa \u2013 Rusia, 1965<\/td>\n<\/tr>\n<tr>\n<td style=\"text-align: left; vertical-align: top;\"><a href=\"http:\/\/www.manuelrojas.cl\/wp-content\/uploads\/manuelrojashijodeladronmejorqueelvinozagladelzsaldakaparvinuleton35.jpg\" rel=\"attachment wp-att-5273\"><img class=\"margin-top: 5px;margin-bottom: 5px;margin-right: 5px;margin-left: 5px; alignleft wp-image-5273\" src=\"http:\/\/www.manuelrojas.cl\/wp-content\/uploads\/manuelrojashijodeladronmejorqueelvinozagladelzsaldakaparvinuleton35.jpg\" alt=\"Mejor que el Vino\" width=\"150\" height=\"225\"><\/a><\/td>\n<td style=\"text-align: left;\">Zagla dels - Saldaka par vinu\nRiga \u2013 Letonia, 1968<\/td>\n<\/tr>\n<\/tbody>\n<\/table>\n[tabbyending]","_et_gb_content_width":"","footnotes":""},"class_list":["post-5269","page","type-page","status-publish","has-post-thumbnail","hentry"],"_links":{"self":[{"href":"https:\/\/manuelrojas.cl\/index.php\/wp-json\/wp\/v2\/pages\/5269","targetHints":{"allow":["GET"]}}],"collection":[{"href":"https:\/\/manuelrojas.cl\/index.php\/wp-json\/wp\/v2\/pages"}],"about":[{"href":"https:\/\/manuelrojas.cl\/index.php\/wp-json\/wp\/v2\/types\/page"}],"author":[{"embeddable":true,"href":"https:\/\/manuelrojas.cl\/index.php\/wp-json\/wp\/v2\/users\/1"}],"replies":[{"embeddable":true,"href":"https:\/\/manuelrojas.cl\/index.php\/wp-json\/wp\/v2\/comments?post=5269"}],"version-history":[{"count":10,"href":"https:\/\/manuelrojas.cl\/index.php\/wp-json\/wp\/v2\/pages\/5269\/revisions"}],"predecessor-version":[{"id":11691,"href":"https:\/\/manuelrojas.cl\/index.php\/wp-json\/wp\/v2\/pages\/5269\/revisions\/11691"}],"wp:featuredmedia":[{"embeddable":true,"href":"https:\/\/manuelrojas.cl\/index.php\/wp-json\/"}],"wp:attachment":[{"href":"https:\/\/manuelrojas.cl\/index.php\/wp-json\/wp\/v2\/media?parent=5269"}],"curies":[{"name":"wp","href":"https:\/\/api.w.org\/{rel}","templated":true}]}}