{"id":5325,"date":"2015-05-05T21:38:28","date_gmt":"2015-05-06T00:38:28","guid":{"rendered":"http:\/\/www.manuelrojas.cl\/?page_id=5325"},"modified":"2015-05-05T21:38:28","modified_gmt":"2015-05-06T00:38:28","slug":"autobiografias-viajes","status":"publish","type":"page","link":"https:\/\/manuelrojas.cl\/index.php\/autobiografias-viajes\/","title":{"rendered":"Autobiograf\u00edas &#038; Viajes"},"content":{"rendered":"<p class=\"dropcap\" style=\"text-align: justify;\">El material literario de gran parte de la obra de Manuel Rojas es de car\u00e1cter autobiogr\u00e1fico. En 1931 inicia su proyecto memorial\u00edstico publicando <strong>\u00abIm\u00e1genes de Buenos Aires: Barrio Boedo\u00bb<\/strong> en la revista <em>Atenea<\/em>. Al a\u00f1o siguiente aparece en un peri\u00f3dico de Santiago un texto, pr\u00e1cticamente desconocido, titulado <strong>\u00abIm\u00e1genes de Santiago: El ni\u00f1o y el tranv\u00eda\u00bb<\/strong>. M\u00e1s tarde, en 1955, se edita <span style=\"color: #0f4674;\"><i>Im\u00e1genes de infancia<\/i><\/span> que, en 1983, se completar\u00e1 con la obra p\u00f3stuma <span style=\"color: #0f4674;\"><i>Im\u00e1genes de infancia y adolescencia<\/i><\/span>. Por \u00faltimo es en <span style=\"color: #0f4674;\"><i>Antolog\u00eda autobiogr\u00e1fica<\/i><\/span> donde Manuel Rojas presenta la genealog\u00eda de sus obras m\u00e1s conocidas, distinguiendo los hechos y personajes reales de los ficticios.<\/p>\n<p style=\"text-align: justify;\">La experiencia de sus viajes por Chile, Latinoam\u00e9rica y otras latitudes, es relatada por Manuel Rojas primeramente en cr\u00f3nicas publicadas en peri\u00f3dicos y en breves ensayos que ser\u00e1n luego recopilados en diversas ediciones. Sus excursiones a la Cordillera de los Andes y a distintas localidades de Chile se re\u00fanen en <span style=\"color: #0f4674;\"><i>A pie por Chile<\/i><\/span> y sus primeras visitas a Cuba y Puerto Rico en <i><span style=\"color: #0f4674;\">El \u00e1rbol siempre verde<\/span><\/i>. Su estad\u00eda y recorrido por M\u00e9xico, entre 1962 y 1963, es presentada en <i><span style=\"color: #0f4674;\">Pas\u00e9 por M\u00e9xico un d\u00eda<\/span><\/i>, obra que no constituye un diario de viaje, sino que es la reuni\u00f3n de las impresiones del paisaje, del habitante y su historia, organizadas cronol\u00f3gicamente. Similar estructura presenta <span style=\"color: #0f4674;\"><i>Viaje al pa\u00eds de los profetas<\/i><\/span>, donde Manuel Rojas comenta su visita a Israel, aceptando la invitaci\u00f3n que se le hiciera en 1968. En muchos de estos t\u00edtulos las impresiones de nuevos paisajes, costumbres y personajes motivan reflexiones en torno a la realidad social y cultural de su pa\u00eds.<\/p>\n<table class=\"table\" style=\"width: 100%;\">\n<tbody>\n<tr>\n<td><a title=\"A pie por Chile\" href=\"http:\/\/www.manuelrojas.cl\/?page_id=5088\/?lang=es\"><img loading=\"lazy\" decoding=\"async\" class=\"wp-image-4417 alignnone\" src=\"http:\/\/www.manuelrojas.cl\/wp-content\/uploads\/manuelrojasapieporchile.jpg\" alt=\"A pie por Chile\" width=\"150\" height=\"222\" \/><\/a><\/p>\n<h5><a href=\"http:\/\/www.manuelrojas.cl\/?page_id=5088\/?lang=es\">A pie por Chile<\/a><\/h5>\n<\/td>\n<td><a title=\"Antolog\u00eda autobiogr\u00e1fica\" href=\"http:\/\/www.manuelrojas.cl\/?page_id=5076\"><img loading=\"lazy\" decoding=\"async\" class=\"wp-image-4413 alignnone\" src=\"http:\/\/www.manuelrojas.cl\/wp-content\/uploads\/manuelrojasantologiaautobiografica15.jpg\" alt=\"Antolog\u00eda autobiogr\u00e1fica\" width=\"150\" height=\"225\" \/><\/a><\/p>\n<h5><a href=\"http:\/\/www.manuelrojas.cl\/?page_id=5076\">Antolog\u00eda autobiogr\u00e1fica<\/a><\/h5>\n<\/td>\n<td><a title=\"Pas\u00e9 por M\u00e9xico un d\u00eda\" href=\"http:\/\/www.manuelrojas.cl\/?page_id=5083\/?lang=es\"><img loading=\"lazy\" decoding=\"async\" class=\"wp-image-4415 alignnone\" src=\"http:\/\/www.manuelrojas.cl\/wp-content\/uploads\/manuelrojaspasepormexicoundia73.jpg\" alt=\"Pas\u00e9 por M\u00e9xico un d\u00eda\" width=\"150\" height=\"225\" \/><\/a><\/p>\n<h5><a href=\"http:\/\/www.manuelrojas.cl\/?page_id=5083\/?lang=es\">Pas\u00e9 por M\u00e9xico un d\u00eda<\/a><\/h5>\n<\/td>\n<td><a title=\"Viaje al pa\u00eds de los profetas\" href=\"http:\/\/www.manuelrojas.cl\/?page_id=5094\/?lang=es\"><img loading=\"lazy\" decoding=\"async\" class=\"wp-image-4420 alignnone\" src=\"http:\/\/www.manuelrojas.cl\/wp-content\/uploads\/manuelrojasviajealpaisdelosprofetas.jpg\" alt=\"Viaje al pa\u00eds de los profetas\" width=\"150\" height=\"225\" \/><\/a><\/p>\n<h5><a href=\"http:\/\/www.manuelrojas.cl\/?page_id=5094\/?lang=es\">Viaje al pa\u00eds de los profetas<\/a><\/h5>\n<\/td>\n<\/tr>\n<tr>\n<td><a title=\"Im\u00e1genes de infancia y adolescencia\" href=\"http:\/\/www.manuelrojas.cl\/imagenes-de-infancia-y-adolescencia\/?lang=es\"><img loading=\"lazy\" decoding=\"async\" class=\"wp-image-5100 alignnone\" src=\"http:\/\/www.manuelrojas.cl\/wp-content\/uploads\/manuelrojasimagenesdeinfancia.jpg\" alt=\"Im\u00e1genes de infancia y adolescencia\" width=\"150\" height=\"225\" \/><\/a><\/p>\n<h5><a href=\"http:\/\/www.manuelrojas.cl\/?page_id=5099\/?lang=es\">Im\u00e1genes de infancia&#8230;<\/a><\/h5>\n<\/td>\n<td><\/td>\n<td><\/td>\n<\/tr>\n<\/tbody>\n<\/table>\n<table class=\"table\">\n<tbody>\n<tr>\n<td style=\"vertical-align: bottom;\"><a href=\"http:\/\/www.manuelrojas.cl\/?page_id=5088\/?lang=es\"><img loading=\"lazy\" decoding=\"async\" class=\"alignleft wp-image-4417\" src=\"http:\/\/www.manuelrojas.cl\/wp-content\/uploads\/manuelrojasapieporchile.jpg\" alt=\"A Pie por Chile\" width=\"150\" height=\"222\" \/><\/a><\/td>\n<td style=\"vertical-align: bottom;\"><a href=\"http:\/\/www.manuelrojas.cl\/?page_id=5071\/?lang=es\"><img loading=\"lazy\" decoding=\"async\" class=\"alignleft wp-image-4411\" src=\"http:\/\/www.manuelrojas.cl\/wp-content\/uploads\/manuelrojasimagenesdeinfancia.jpg\" alt=\"Im\u00e1genes de Infancia\" width=\"150\" height=\"225\" \/><\/a><\/td>\n<td style=\"vertical-align: bottom;\"><a href=\"http:\/\/www.manuelrojas.cl\/?page_id=5076\"><img loading=\"lazy\" decoding=\"async\" class=\"alignleft wp-image-4413\" src=\"http:\/\/www.manuelrojas.cl\/wp-content\/uploads\/manuelrojasantologiaautobiografica15.jpg\" alt=\"Antolog\u00eda Autobiogr\u00e1fica\" width=\"150\" height=\"225\" \/><\/a><\/td>\n<td style=\"vertical-align: bottom;\"><a href=\"http:\/\/www.manuelrojas.cl\/?page_id=5083\/?lang=es\"><img loading=\"lazy\" decoding=\"async\" class=\"alignleft wp-image-4415\" src=\"http:\/\/www.manuelrojas.cl\/wp-content\/uploads\/manuelrojaspasepormexicoundia73.jpg\" alt=\"Pas\u00e9 por M\u00e9xico un d\u00eda\" width=\"150\" height=\"225\" \/><\/a><\/td>\n<\/tr>\n<tr>\n<td><strong><a href=\"http:\/\/www.manuelrojas.cl\/?page_id=5088\/?lang=es\">A pi\u00e9 por Chile<\/a><\/strong><\/td>\n<td><strong><a href=\"http:\/\/www.manuelrojas.cl\/?page_id=5071\/?lang=es\">Im\u00e1genes de infancia<\/a><\/strong><\/td>\n<td><strong><a title=\"Antolog\u00eda Autobiogr\u00e1fica\" href=\"http:\/\/www.manuelrojas.cl\/?page_id=5076\">Antolog\u00eda autobiogr\u00e1fica<\/a><\/strong><\/td>\n<td><strong><a href=\"http:\/\/www.manuelrojas.cl\/?page_id=5083\/?lang=es\">Pas\u00e9 por M\u00e9xico un d\u00eda<\/a><\/strong><\/td>\n<\/tr>\n<tr>\n<td style=\"vertical-align: bottom;\"><a href=\"http:\/\/www.manuelrojas.cl\/?page_id=5094\/?lang=es\"><img loading=\"lazy\" decoding=\"async\" class=\"alignleft wp-image-4420\" src=\"http:\/\/www.manuelrojas.cl\/wp-content\/uploads\/manuelrojasviajealpaisdelosprofetas.jpg\" alt=\"Viaje al Pa\u00eds de los Profetas\" width=\"150\" height=\"225\" \/><\/a><\/td>\n<td style=\"vertical-align: bottom;\"><a href=\"http:\/\/www.manuelrojas.cl\/?page_id=5099\/?lang=es\"><img loading=\"lazy\" decoding=\"async\" class=\"alignleft wp-image-5100\" src=\"http:\/\/www.manuelrojas.cl\/wp-content\/uploads\/manuelrojasimagenesdeinfanciayadolescencia11.jpg\" alt=\"manuelrojasimagenesdeinfanciayadolescencia11\" width=\"150\" height=\"225\" \/><\/a><\/td>\n<td style=\"vertical-align: bottom;\"><\/td>\n<\/tr>\n<tr>\n<td><strong><a href=\"http:\/\/www.manuelrojas.cl\/?page_id=5094\/?lang=es\">Viaje al pa\u00eds de los profetas<\/a><\/strong><\/td>\n<td><strong><a href=\"http:\/\/www.manuelrojas.cl\/?page_id=5099\/?lang=es\">Im\u00e1genes de infancia<br \/>\ny adolescencia<\/a><\/strong><\/td>\n<td><\/td>\n<\/tr>\n<\/tbody>\n<\/table>\n","protected":false},"excerpt":{"rendered":"<p>El material literario de gran parte de la obra de Manuel Rojas es de car\u00e1cter autobiogr\u00e1fico. En 1931 inicia su proyecto memorial\u00edstico publicando \u00abIm\u00e1genes de Buenos Aires: Barrio Boedo\u00bb en la revista Atenea. Al a\u00f1o siguiente aparece en un peri\u00f3dico de Santiago un texto, pr\u00e1cticamente desconocido, titulado \u00abIm\u00e1genes de Santiago: El ni\u00f1o y el tranv\u00eda\u00bb. [&hellip;]<\/p>\n","protected":false},"author":1,"featured_media":6343,"parent":0,"menu_order":0,"comment_status":"closed","ping_status":"closed","template":"","meta":{"_et_pb_use_builder":"","_et_pb_old_content":"","_et_gb_content_width":"","footnotes":""},"class_list":["post-5325","page","type-page","status-publish","has-post-thumbnail","hentry"],"_links":{"self":[{"href":"https:\/\/manuelrojas.cl\/index.php\/wp-json\/wp\/v2\/pages\/5325","targetHints":{"allow":["GET"]}}],"collection":[{"href":"https:\/\/manuelrojas.cl\/index.php\/wp-json\/wp\/v2\/pages"}],"about":[{"href":"https:\/\/manuelrojas.cl\/index.php\/wp-json\/wp\/v2\/types\/page"}],"author":[{"embeddable":true,"href":"https:\/\/manuelrojas.cl\/index.php\/wp-json\/wp\/v2\/users\/1"}],"replies":[{"embeddable":true,"href":"https:\/\/manuelrojas.cl\/index.php\/wp-json\/wp\/v2\/comments?post=5325"}],"version-history":[{"count":0,"href":"https:\/\/manuelrojas.cl\/index.php\/wp-json\/wp\/v2\/pages\/5325\/revisions"}],"wp:featuredmedia":[{"embeddable":true,"href":"https:\/\/manuelrojas.cl\/index.php\/wp-json\/"}],"wp:attachment":[{"href":"https:\/\/manuelrojas.cl\/index.php\/wp-json\/wp\/v2\/media?parent=5325"}],"curies":[{"name":"wp","href":"https:\/\/api.w.org\/{rel}","templated":true}]}}