{"id":5349,"date":"2015-05-05T22:45:09","date_gmt":"2015-05-06T01:45:09","guid":{"rendered":"http:\/\/www.manuelrojas.cl\/?page_id=5349"},"modified":"2024-12-03T00:01:27","modified_gmt":"2024-12-03T00:01:27","slug":"alberto-edwards-cuentos-fantasticos","status":"publish","type":"page","link":"https:\/\/manuelrojas.cl\/index.php\/alberto-edwards-cuentos-fantasticos\/","title":{"rendered":"Alberto Edwards &#8211; Cuentos fant\u00e1sticos"},"content":{"rendered":"<p>[et_pb_section fb_built=&#8221;1&#8243; _builder_version=&#8221;4.17.4&#8243; _module_preset=&#8221;default&#8221; background_color=&#8221;RGBA(255,255,255,0)&#8221; custom_margin=&#8221;0px||0px||false|false&#8221; custom_padding=&#8221;0px||0px||false|false&#8221; global_colors_info=&#8221;{}&#8221;][et_pb_row _builder_version=&#8221;4.17.4&#8243; _module_preset=&#8221;default&#8221; background_color=&#8221;#FFFFFF&#8221; max_width=&#8221;1277px&#8221; custom_margin=&#8221;0px||0px||false|false&#8221; custom_padding=&#8221;0px||0px||false|false&#8221; global_colors_info=&#8221;{}&#8221;][et_pb_column type=&#8221;4_4&#8243; _builder_version=&#8221;4.17.4&#8243; _module_preset=&#8221;default&#8221; global_colors_info=&#8221;{}&#8221;][et_pb_text _builder_version=&#8221;4.17.4&#8243; _module_preset=&#8221;default&#8221; text_font=&#8221;Alegreya||||||||&#8221; header_3_font=&#8221;Alegreya|600|||||||&#8221; header_3_text_color=&#8221;#005B84&#8243; custom_margin=&#8221;|20px|5px||false|false&#8221; custom_padding=&#8221;20px|20px|||false|false&#8221; hover_enabled=&#8221;0&#8243; border_width_bottom=&#8221;1px&#8221; border_color_bottom=&#8221;#cccccc&#8221; border_style_bottom=&#8221;dotted&#8221; border_width_left=&#8221;3px&#8221; border_color_left=&#8221;#005B84&#8243; global_colors_info=&#8221;{}&#8221; sticky_enabled=&#8221;0&#8243;]<\/p>\n<h3>\u00a0 <span style=\"color: rgba(53, 53, 53, 0.63);\">Obra \/<\/span> <a href=\"https:\/\/manuelrojas.cl\/index.php\/ensayos-2\/\">Ensayos<\/a> \/ Alberto Edwards &#8211; Cuentos fant\u00e1sticos<\/h3>\n<p>[\/et_pb_text][\/et_pb_column][\/et_pb_row][et_pb_row column_structure=&#8221;2_5,3_5&#8243; _builder_version=&#8221;4.17.4&#8243; _module_preset=&#8221;default&#8221; background_color=&#8221;#FFFFFF&#8221; background_image=&#8221;https:\/\/manuelrojas.cl\/wp-content\/uploads\/2023\/05\/com-spliter.png&#8221; background_size=&#8221;initial&#8221; background_repeat=&#8221;repeat&#8221; custom_padding=&#8221;|30px||30px|false|false&#8221; hover_enabled=&#8221;0&#8243; global_colors_info=&#8221;{}&#8221; sticky_enabled=&#8221;0&#8243;][et_pb_column type=&#8221;2_5&#8243; _builder_version=&#8221;4.17.4&#8243; _module_preset=&#8221;default&#8221; global_colors_info=&#8221;{}&#8221;][et_pb_image src=&#8221;https:\/\/manuelrojas.cl\/wp-content\/uploads\/2023\/07\/manuelrojasalbertoedwards31.jpg&#8221; title_text=&#8221;manuelrojasalbertoedwards31&#8243; align=&#8221;center&#8221; _builder_version=&#8221;4.17.4&#8243; _module_preset=&#8221;default&#8221; height=&#8221;500px&#8221; max_height=&#8221;500px&#8221; hover_enabled=&#8221;0&#8243; border_radii=&#8221;on|3px|3px|3px|3px&#8221; border_width_all=&#8221;1px&#8221; border_color_all=&#8221;RGBA(48,48,48,0.77)&#8221; box_shadow_style=&#8221;preset1&#8243; box_shadow_blur=&#8221;5px&#8221; global_colors_info=&#8221;{}&#8221; height_last_edited=&#8221;on|phone&#8221; sticky_enabled=&#8221;0&#8243; max_height_last_edited=&#8221;on|phone&#8221; height_tablet=&#8221;500px&#8221; height_phone=&#8221;500px&#8221; max_height_tablet=&#8221;500px&#8221; max_height_phone=&#8221;500px&#8221;][\/et_pb_image][\/et_pb_column][et_pb_column type=&#8221;3_5&#8243; _builder_version=&#8221;4.17.4&#8243; _module_preset=&#8221;default&#8221; global_colors_info=&#8221;{}&#8221;][et_pb_text _builder_version=&#8221;4.17.4&#8243; _module_preset=&#8221;default&#8221; text_font=&#8221;Alegreya||||||||&#8221; text_font_size=&#8221;18px&#8221; text_line_height=&#8221;1.8em&#8221; background_color=&#8221;#FFFFFF&#8221; width_tablet=&#8221;&#8221; width_phone=&#8221;&#8221; width_last_edited=&#8221;on|phone&#8221; max_width_tablet=&#8221;&#8221; max_width_phone=&#8221;&#8221; max_width_last_edited=&#8221;on|phone&#8221; custom_padding=&#8221;10px|10px|10px|10px|false|false&#8221; hover_enabled=&#8221;0&#8243; text_font_tablet=&#8221;Alegreya||||||||&#8221; text_font_phone=&#8221;Alegreya||||||||&#8221; text_font_last_edited=&#8221;off|desktop&#8221; text_font_size_tablet=&#8221;17px&#8221; text_font_size_phone=&#8221;10px&#8221; text_font_size_last_edited=&#8221;on|phone&#8221; border_radii=&#8221;on|1px|1px|1px|1px&#8221; border_width_all=&#8221;1px&#8221; border_color_all=&#8221;RGBA(0,91,132,0.8)&#8221; border_style_all=&#8221;dotted&#8221; global_colors_info=&#8221;{}&#8221; sticky_enabled=&#8221;0&#8243;]<\/p>\n<div class=\"content clearfix\">\n<div class=\"content clearfix\">\n<p><strong>Primera edici\u00f3n:<\/strong> Editorial Zig-Zag &#8211; Santiago de Chile, 1957<\/p>\n<p style=\"text-align: justify;\"><a title=\"Pr\u00f3logo de Manuel Rojas: Alberto Edwards - Cuentos fant\u00e1sticos\" href=\"https:\/\/manuelrojas.cl\/wp-content\/uploads\/2023\/07\/Manuel-Rojas-Alberto-Edwards-Cuentos-fantasticos.pdf\" target=\"_blank\" rel=\"noopener noreferrer\">Acceda al pr\u00f3logo de Manuel Rojas de 1957<\/a><\/p>\n<h2>Rese\u00f1a<\/h2>\n<p class=\"dropcap\" style=\"text-align: justify;\">Con este breve estudio y selecci\u00f3n, Manuel Rojas presenta la faceta menos conocida del escritor y pol\u00edtico conservador Alberto Edwards (1874 &#8211; 1932): sus relatos de car\u00e1cter policial y fant\u00e1stico, publicados entre 1913 a 1921. Anteriormente Rojas ya se hab\u00eda encargado de este autor al dedicarle un breve ensayo: <strong><i>\u00abLa tragedia de Alberto Edwards\u00bb<\/i><\/strong>, que se publicara en 1938, en <strong><a title=\"Ensayos - De la poes\u00eda a la revoluci\u00f3n\" href=\"https:\/\/manuelrojas.cl\/index.php\/de-la-poesia-a-la-revolucion\/\" target=\"_blank\" rel=\"noopener\">De la poes\u00eda a la revoluci\u00f3n<\/a><\/strong>. En el g\u00e9nero de la literatura fant\u00e1stica, Edwards lleg\u00f3 a crear un personaje llamado <i>Julio T\u00e9llez<\/i>, dot\u00e1ndolo de unas caracter\u00edsticas tales que lo convierten en una suerte de superh\u00e9roe.<\/p>\n<p style=\"text-align: justify;\">Manuel Rojas destaca la agilidad de las tramas, con acciones cercanas a lo cinematogr\u00e1fico, lo que hace a este autor muy atractivo para las generaciones j\u00f3venes de esa \u00e9poca. Sin embargo, Rojas lamenta que Edwards no haya perseverado en desarrollar su oficio literario desaprovechando la oportunidad de convertirse en un destacado narrador.<\/p>\n<hr \/>\n<p style=\"text-align: justify;\"><strong>Alberto Edwards \u2013 Cuentos fant\u00e1sticos<\/strong>, contiene un <a title=\"Pr\u00f3logo de Manuel Rojas: Alberto Edwards - Cuentos fant\u00e1sticos\" href=\"https:\/\/manuelrojas.cl\/wp-content\/uploads\/2023\/07\/Manuel-Rojas-Alberto-Edwards-Cuentos-fantasticos.pdf\" target=\"_blank\" rel=\"noopener noreferrer\">Pr\u00f3logo de Manuel Rojas <\/a>y los siguientes diez relatos de Alberto Edwards: <i><strong>Julio T\u00e9llez<\/strong><\/i>; <i><strong>El doctor Sch\u00f6neman<\/strong><\/i>; <i><strong>En el pa\u00eds de la leyenda<\/strong><\/i>; <i><strong>La princesa de Krisnagar<\/strong><\/i>; <i><strong>La invasi\u00f3n<\/strong><\/i>; <i><strong>La locura de la verdad<\/strong><\/i>; <i><strong>Los caballeros salteadores<\/strong><\/i>; <i><strong>El hechicero<\/strong><\/i>; <i><strong>La que venci\u00f3 al destino<\/strong><\/i>; <i><strong>La sentencia de muerte<\/strong><\/i> y <i><strong>La luz en el monte<\/strong><\/i>.<\/p>\n<\/div>\n<\/div>\n<p>[\/et_pb_text][\/et_pb_column][\/et_pb_row][\/et_pb_section]<\/p>\n","protected":false},"excerpt":{"rendered":"<p>\u00a0 Obra \/ Ensayos \/ Alberto Edwards &#8211; Cuentos fant\u00e1sticos Primera edici\u00f3n: Editorial Zig-Zag &#8211; Santiago de Chile, 1957 Acceda al pr\u00f3logo de Manuel Rojas de 1957 Rese\u00f1a Con este breve estudio y selecci\u00f3n, Manuel Rojas presenta la faceta menos conocida del escritor y pol\u00edtico conservador Alberto Edwards (1874 &#8211; 1932): sus relatos de car\u00e1cter [&hellip;]<\/p>\n","protected":false},"author":1,"featured_media":4458,"parent":0,"menu_order":0,"comment_status":"closed","ping_status":"closed","template":"","meta":{"_et_pb_use_builder":"on","_et_pb_old_content":"[tabby title=\"Libro y Rese\u00f1a\"]\n<table class=\"table\">\n<tbody>\n<tr>\n<td style=\"text-align: left; vertical-align: top;\"><a href=\"http:\/\/www.manuelrojas.cl\/wp-content\/uploads\/manuelrojasalbertoedwards31.jpg\" rel=\"attachment wp-att-4458\"><img class=\"margin-top: 5px;margin-bottom: 5px;margin-right: 5px;margin-left: 5px; alignleft wp-image-4458\" src=\"http:\/\/www.manuelrojas.cl\/wp-content\/uploads\/manuelrojasalbertoedwards31.jpg\" alt=\"Alberto Edwards - Cuentos Fant\u00e1sticos\" width=\"150\" height=\"225\"><\/a><\/td>\n<td style=\"vertical-align: top;\" rowspan=\"2\"><strong>Primera edici\u00f3n:<\/strong> Editorial Zig-Zag - Santiago de Chile, 1957\n<p style=\"text-align: justify;\"><a title=\"Pr\u00f3logo de Manuel Rojas: Alberto Edwards - Cuentos fant\u00e1sticos\" href=\"http:\/\/www.manuelrojas.cl\/wp-content\/uploads\/Manuel-Rojas-Alberto-Edwards-Cuentos-fantasticos.pdf\" target=\"_blank\" rel=\"noopener noreferrer\">Acceda al pr\u00f3logo de Manuel Rojas de 1957<\/a><\/p>\n\n<h2>Rese\u00f1a<\/h2>\n<p class=\"dropcap\" style=\"text-align: justify;\">Con este breve estudio y selecci\u00f3n, Manuel Rojas presenta la faceta menos conocida del escritor y pol\u00edtico conservador Alberto Edwards (1874 - 1932): sus relatos de car\u00e1cter policial y fant\u00e1stico, publicados entre 1913 a 1921. Anteriormente Rojas ya se hab\u00eda encargado de este autor al dedicarle un breve ensayo: <strong><i>\u00abLa tragedia de Alberto Edwards\u00bb<\/i><\/strong>, que se publicara en 1938, en <strong><a title=\"Ensayos - De la poes\u00eda a la revoluci\u00f3n\" href=\"http:\/\/www.manuelrojas.cl\/de-la-poesia-a-la-revolucion\/?lang=es\">De la poes\u00eda a la revoluci\u00f3n<\/a><\/strong>. En el g\u00e9nero de la literatura fant\u00e1stica, Edwards lleg\u00f3 a crear un personaje llamado <i>Julio T\u00e9llez<\/i>, dot\u00e1ndolo de unas caracter\u00edsticas tales que lo convierten en una suerte de superh\u00e9roe.<\/p>\n<p style=\"text-align: justify;\">Manuel Rojas destaca la agilidad de las tramas, con acciones cercanas a lo cinematogr\u00e1fico, lo que hace a este autor muy atractivo para las generaciones j\u00f3venes de esa \u00e9poca. Sin embargo, Rojas lamenta que Edwards no haya perseverado en desarrollar su oficio literario desaprovechando la oportunidad de convertirse en un destacado narrador.<\/p>\n\n\n<hr>\n<p style=\"text-align: justify;\"><strong>Alberto Edwards \u2013 Cuentos fant\u00e1sticos<\/strong>, contiene un <a title=\"Pr\u00f3logo de Manuel Rojas: Alberto Edwards - Cuentos fant\u00e1sticos\" href=\"http:\/\/www.manuelrojas.cl\/wp-content\/uploads\/Manuel-Rojas-Alberto-Edwards-Cuentos-fantasticos.pdf\" target=\"_blank\" rel=\"noopener noreferrer\">Pr\u00f3logo de Manuel Rojas <\/a>y los siguientes diez relatos de Alberto Edwards: <i><strong>Julio T\u00e9llez<\/strong><\/i>; <i><strong>El doctor Sch\u00f6neman<\/strong><\/i>; <i><strong>En el pa\u00eds de la leyenda<\/strong><\/i>; <i><strong>La princesa de Krisnagar<\/strong><\/i>; <i><strong>La invasi\u00f3n<\/strong><\/i>; <i><strong>La locura de la verdad<\/strong><\/i>; <i><strong>Los caballeros salteadores<\/strong><\/i>; <i><strong>El hechicero<\/strong><\/i>; <i><strong>La que venci\u00f3 al destino<\/strong><\/i>; <i><strong>La sentencia de muerte<\/strong><\/i> y <i><strong>La luz en el monte<\/strong><\/i>.<\/p>\n<\/td>\n<\/tr>\n<tr>\n<td style=\"text-align: left; vertical-align: top;\"><\/td>\n<\/tr>\n<\/tbody>\n<\/table>\n[tabbyending]","_et_gb_content_width":"","footnotes":""},"class_list":["post-5349","page","type-page","status-publish","has-post-thumbnail","hentry"],"_links":{"self":[{"href":"https:\/\/manuelrojas.cl\/index.php\/wp-json\/wp\/v2\/pages\/5349","targetHints":{"allow":["GET"]}}],"collection":[{"href":"https:\/\/manuelrojas.cl\/index.php\/wp-json\/wp\/v2\/pages"}],"about":[{"href":"https:\/\/manuelrojas.cl\/index.php\/wp-json\/wp\/v2\/types\/page"}],"author":[{"embeddable":true,"href":"https:\/\/manuelrojas.cl\/index.php\/wp-json\/wp\/v2\/users\/1"}],"replies":[{"embeddable":true,"href":"https:\/\/manuelrojas.cl\/index.php\/wp-json\/wp\/v2\/comments?post=5349"}],"version-history":[{"count":5,"href":"https:\/\/manuelrojas.cl\/index.php\/wp-json\/wp\/v2\/pages\/5349\/revisions"}],"predecessor-version":[{"id":11735,"href":"https:\/\/manuelrojas.cl\/index.php\/wp-json\/wp\/v2\/pages\/5349\/revisions\/11735"}],"wp:featuredmedia":[{"embeddable":true,"href":"https:\/\/manuelrojas.cl\/index.php\/wp-json\/"}],"wp:attachment":[{"href":"https:\/\/manuelrojas.cl\/index.php\/wp-json\/wp\/v2\/media?parent=5349"}],"curies":[{"name":"wp","href":"https:\/\/api.w.org\/{rel}","templated":true}]}}