{"id":5351,"date":"2015-05-05T23:11:28","date_gmt":"2015-05-05T23:11:28","guid":{"rendered":"http:\/\/www.manuelrojas.cl\/?page_id=5351"},"modified":"2022-11-10T01:38:59","modified_gmt":"2022-11-10T01:38:59","slug":"compilaciones","status":"publish","type":"page","link":"https:\/\/manuelrojas.cl\/index.php\/compilaciones\/","title":{"rendered":"Compilaciones"},"content":{"rendered":"\n[et_pb_section][et_pb_row][et_pb_column type=&#8221;4_4&#8243;][et_pb_text]<p class=\"dropcap\" style=\"text-align: justify;\">En 1961 aparecen las <span style=\"color: #0f4674;\"><i>Obras completas<\/i><\/span> de Manuel Rojas, t\u00edtulo inapropiado porque incluye s\u00f3lo parcialmente su producci\u00f3n literaria. M\u00e1s tarde se editan sus <span style=\"color: #0f4674;\"><i>Obras escogidas<\/i><\/span> en dos vol\u00famenes, donde, al contenido anterior, se agregan su novela <span style=\"color: #0f4674;\"><i>Sombras contra el muro<\/i><\/span> y su relato <span style=\"color: #0f4674;\"><i>Pas\u00e9 por M\u00e9xico un d\u00eda<\/i><\/span>.<\/p>\n<p style=\"text-align: justify;\">En la selecci\u00f3n de los escritos que se incluyeron en todas estas compilaciones particip\u00f3 activamente el propio autor y contienen la \u00faltima versi\u00f3n de sus obras m\u00e1s significativas, revisadas y corregidas por \u00e9l mismo. Finalmente se edita, en un volumen muy cuidado, la compilaci\u00f3n <span style=\"color: #0f4674;\"><i>Obras<\/i><\/span>; esta edici\u00f3n sali\u00f3 a circulaci\u00f3n en 1973, poco despu\u00e9s que Manuel Rojas falleciera e incluye un extenso pr\u00f3logo del escritor espa\u00f1ol Jorge Campos.<\/p>\n\n<table style=\"height: auto;\" width=\"100%\">\n<tbody>\n<tr>\n<td>&nbsp;<a title=\"Obras completas\" href=\"http:\/\/www.manuelrojas.cl\/?page_id=5374\"><img loading=\"lazy\" decoding=\"async\" class=\"wp-image-5387 alignnone\" src=\"http:\/\/www.manuelrojas.cl\/wp-content\/uploads\/manuelrojasobrascompletas165-e1430960419273.jpg\" alt=\"Obras completas\" width=\"160\" height=\"240\"><\/a>\n<h5><a href=\"http:\/\/www.manuelrojas.cl\/?page_id=5374\">Obras completas<\/a><\/h5>\n<\/td>\n<td>&nbsp;<a title=\"Obras escogidas\" href=\"http:\/\/www.manuelrojas.cl\/?page_id=5390\"><img loading=\"lazy\" decoding=\"async\" class=\"wp-image-4478 alignnone\" src=\"http:\/\/www.manuelrojas.cl\/wp-content\/uploads\/manuelrojasobrasescogidas_11.jpg\" alt=\"Obras escogidas\" width=\"150\" height=\"225\"><\/a>\n<h5><a href=\"http:\/\/www.manuelrojas.cl\/?page_id=5390\">Obras escogidas<\/a><\/h5>\n<\/td>\n<td>&nbsp;<a title=\"Obras\" href=\"http:\/\/www.manuelrojas.cl\/?page_id=5395\"><img loading=\"lazy\" decoding=\"async\" class=\"wp-image-4480 alignnone\" src=\"http:\/\/www.manuelrojas.cl\/wp-content\/uploads\/manuelrojasobras63.jpg\" alt=\"Obras\" width=\"150\" height=\"225\"><\/a>\n<h5><a href=\"http:\/\/www.manuelrojas.cl\/?page_id=5395\">Obras<\/a><\/h5>\n<\/td>\n<\/tr>\n<\/tbody>\n<\/table>\n<table style=\"height: auto;\" width=\"100%\">\n<tbody>\n<tr>\n<td><a href=\"http:\/\/www.manuelrojas.cl\/?page_id=5374\"><img loading=\"lazy\" decoding=\"async\" class=\"alignleft wp-image-5387\" src=\"http:\/\/www.manuelrojas.cl\/wp-content\/uploads\/manuelrojasobrascompletas165-e1430960419273.jpg\" alt=\"Obras Completas\" width=\"160\" height=\"240\"><\/a><\/td>\n<td><a href=\"http:\/\/www.manuelrojas.cl\/?page_id=5390\/?lang=en\"><img loading=\"lazy\" decoding=\"async\" class=\"alignleft wp-image-4478\" src=\"http:\/\/www.manuelrojas.cl\/wp-content\/uploads\/manuelrojasobrasescogidas_11.jpg\" alt=\"manuelrojasobrasescogidas_1\" width=\"150\" height=\"225\"><\/a><\/td>\n<td><a href=\"http:\/\/www.manuelrojas.cl\/?page_id=5395\/?lang=en\"><img loading=\"lazy\" decoding=\"async\" class=\"alignleft wp-image-4480\" src=\"http:\/\/www.manuelrojas.cl\/wp-content\/uploads\/manuelrojasobras63.jpg\" alt=\"manuelrojasobras63\" width=\"150\" height=\"225\"><\/a><\/td>\n<td><\/td>\n<\/tr>\n<tr>\n<td><a title=\"Obras Completas\" href=\"http:\/\/www.manuelrojas.cl\/?page_id=5374\">Obras completas<\/a><\/td>\n<td><a title=\"Obras Escogidas\" href=\"http:\/\/www.manuelrojas.cl\/?page_id=5390\/?lang=en\">Obras escogidas<\/a><\/td>\n<td><a title=\"Obras\" href=\"http:\/\/www.manuelrojas.cl\/?page_id=5395\/?lang=en\">Obras<\/a><\/td>\n<td><\/td>\n<\/tr>\n<\/tbody>\n<\/table>[\/et_pb_text][\/et_pb_column][\/et_pb_row][\/et_pb_section]\n","protected":false},"excerpt":{"rendered":"<p><div class=\"et_pb_section et_pb_section_0 et_section_regular\" >\n\t\t\t\t\n\t\t\t\t\n\t\t\t\t\n\t\t\t\t\n\t\t\t\t\n\t\t\t\t\n\t\t\t\t\n\t\t\t\t\n\t\t\t\t\n\t\t\t<\/div><div class=\"et_pb_row et_pb_row_0 et_pb_row_empty\">\n\t\t\t\t\n\t\t\t\t\n\t\t\t\t\n\t\t\t\t\n\t\t\t\t\n\t\t\t<\/div><div class=\"et_pb_module et_pb_text et_pb_text_0  et_pb_text_align_left et_pb_bg_layout_light\">\n\t\t\t\t\n\t\t\t\t\n\t\t\t\t\n\t\t\t\t\n\t\t\t\t\n\t\t\t<\/div>En 1961 aparecen las Obras completas de Manuel Rojas, t\u00edtulo inapropiado porque incluye s\u00f3lo parcialmente su producci\u00f3n literaria. M\u00e1s tarde se editan sus Obras escogidas en dos vol\u00famenes, donde, al contenido anterior, se agregan su novela Sombras contra el muro y su relato Pas\u00e9 por M\u00e9xico un d\u00eda. En la selecci\u00f3n de los escritos que [&hellip;]<\/p>\n","protected":false},"author":1,"featured_media":4478,"parent":0,"menu_order":0,"comment_status":"closed","ping_status":"closed","template":"","meta":{"_et_pb_use_builder":"on","_et_pb_old_content":"<p class=\"dropcap\" style=\"text-align: justify;\">En 1961 aparecen las <span style=\"color: #0f4674;\"><i>Obras completas<\/i><\/span> de Manuel Rojas, t\u00edtulo inapropiado porque incluye s\u00f3lo parcialmente su producci\u00f3n literaria. M\u00e1s tarde se editan sus <span style=\"color: #0f4674;\"><i>Obras escogidas<\/i><\/span> en dos vol\u00famenes, donde, al contenido anterior, se agregan su novela <span style=\"color: #0f4674;\"><i>Sombras contra el muro<\/i><\/span> y su relato <span style=\"color: #0f4674;\"><i>Pas\u00e9 por M\u00e9xico un d\u00eda<\/i><\/span>.<\/p>\n<p style=\"text-align: justify;\">En la selecci\u00f3n de los escritos que se incluyeron en todas estas compilaciones particip\u00f3 activamente el propio autor y contienen la \u00faltima versi\u00f3n de sus obras m\u00e1s significativas, revisadas y corregidas por \u00e9l mismo. Finalmente se edita, en un volumen muy cuidado, la compilaci\u00f3n <span style=\"color: #0f4674;\"><i>Obras<\/i><\/span>; esta edici\u00f3n sali\u00f3 a circulaci\u00f3n en 1973, poco despu\u00e9s que Manuel Rojas falleciera e incluye un extenso pr\u00f3logo del escritor espa\u00f1ol Jorge Campos.<\/p>\n\n<table style=\"height: auto;\" width=\"100%\">\n<tbody>\n<tr>\n<td>&nbsp;<a title=\"Obras completas\" href=\"http:\/\/www.manuelrojas.cl\/?page_id=5374\"><img class=\"wp-image-5387 alignnone\" src=\"http:\/\/www.manuelrojas.cl\/wp-content\/uploads\/manuelrojasobrascompletas165-e1430960419273.jpg\" alt=\"Obras completas\" width=\"160\" height=\"240\"><\/a>\n<h5><a href=\"http:\/\/www.manuelrojas.cl\/?page_id=5374\">Obras completas<\/a><\/h5>\n<\/td>\n<td>&nbsp;<a title=\"Obras escogidas\" href=\"http:\/\/www.manuelrojas.cl\/?page_id=5390\"><img class=\"wp-image-4478 alignnone\" src=\"http:\/\/www.manuelrojas.cl\/wp-content\/uploads\/manuelrojasobrasescogidas_11.jpg\" alt=\"Obras escogidas\" width=\"150\" height=\"225\"><\/a>\n<h5><a href=\"http:\/\/www.manuelrojas.cl\/?page_id=5390\">Obras escogidas<\/a><\/h5>\n<\/td>\n<td>&nbsp;<a title=\"Obras\" href=\"http:\/\/www.manuelrojas.cl\/?page_id=5395\"><img class=\"wp-image-4480 alignnone\" src=\"http:\/\/www.manuelrojas.cl\/wp-content\/uploads\/manuelrojasobras63.jpg\" alt=\"Obras\" width=\"150\" height=\"225\"><\/a>\n<h5><a href=\"http:\/\/www.manuelrojas.cl\/?page_id=5395\">Obras<\/a><\/h5>\n<\/td>\n<\/tr>\n<\/tbody>\n<\/table>\n<table style=\"height: auto;\" width=\"100%\">\n<tbody>\n<tr>\n<td><a href=\"http:\/\/www.manuelrojas.cl\/?page_id=5374\"><img class=\"alignleft wp-image-5387\" src=\"http:\/\/www.manuelrojas.cl\/wp-content\/uploads\/manuelrojasobrascompletas165-e1430960419273.jpg\" alt=\"Obras Completas\" width=\"160\" height=\"240\"><\/a><\/td>\n<td><a href=\"http:\/\/www.manuelrojas.cl\/?page_id=5390\/?lang=en\"><img class=\"alignleft wp-image-4478\" src=\"http:\/\/www.manuelrojas.cl\/wp-content\/uploads\/manuelrojasobrasescogidas_11.jpg\" alt=\"manuelrojasobrasescogidas_1\" width=\"150\" height=\"225\"><\/a><\/td>\n<td><a href=\"http:\/\/www.manuelrojas.cl\/?page_id=5395\/?lang=en\"><img class=\"alignleft wp-image-4480\" src=\"http:\/\/www.manuelrojas.cl\/wp-content\/uploads\/manuelrojasobras63.jpg\" alt=\"manuelrojasobras63\" width=\"150\" height=\"225\"><\/a><\/td>\n<td><\/td>\n<\/tr>\n<tr>\n<td><a title=\"Obras Completas\" href=\"http:\/\/www.manuelrojas.cl\/?page_id=5374\">Obras completas<\/a><\/td>\n<td><a title=\"Obras Escogidas\" href=\"http:\/\/www.manuelrojas.cl\/?page_id=5390\/?lang=en\">Obras escogidas<\/a><\/td>\n<td><a title=\"Obras\" href=\"http:\/\/www.manuelrojas.cl\/?page_id=5395\/?lang=en\">Obras<\/a><\/td>\n<td><\/td>\n<\/tr>\n<\/tbody>\n<\/table>","_et_gb_content_width":"","footnotes":""},"class_list":["post-5351","page","type-page","status-publish","has-post-thumbnail","hentry"],"_links":{"self":[{"href":"https:\/\/manuelrojas.cl\/index.php\/wp-json\/wp\/v2\/pages\/5351","targetHints":{"allow":["GET"]}}],"collection":[{"href":"https:\/\/manuelrojas.cl\/index.php\/wp-json\/wp\/v2\/pages"}],"about":[{"href":"https:\/\/manuelrojas.cl\/index.php\/wp-json\/wp\/v2\/types\/page"}],"author":[{"embeddable":true,"href":"https:\/\/manuelrojas.cl\/index.php\/wp-json\/wp\/v2\/users\/1"}],"replies":[{"embeddable":true,"href":"https:\/\/manuelrojas.cl\/index.php\/wp-json\/wp\/v2\/comments?post=5351"}],"version-history":[{"count":3,"href":"https:\/\/manuelrojas.cl\/index.php\/wp-json\/wp\/v2\/pages\/5351\/revisions"}],"predecessor-version":[{"id":7835,"href":"https:\/\/manuelrojas.cl\/index.php\/wp-json\/wp\/v2\/pages\/5351\/revisions\/7835"}],"wp:featuredmedia":[{"embeddable":true,"href":"https:\/\/manuelrojas.cl\/index.php\/wp-json\/"}],"wp:attachment":[{"href":"https:\/\/manuelrojas.cl\/index.php\/wp-json\/wp\/v2\/media?parent=5351"}],"curies":[{"name":"wp","href":"https:\/\/api.w.org\/{rel}","templated":true}]}}