{"id":5354,"date":"2015-05-05T23:17:05","date_gmt":"2015-05-06T02:17:05","guid":{"rendered":"http:\/\/www.manuelrojas.cl\/?page_id=5354"},"modified":"2024-12-02T23:51:30","modified_gmt":"2024-12-02T23:51:30","slug":"los-costumbristas-chilenos","status":"publish","type":"page","link":"https:\/\/manuelrojas.cl\/index.php\/los-costumbristas-chilenos\/","title":{"rendered":"Los costumbristas chilenos"},"content":{"rendered":"<p>[et_pb_section fb_built=&#8221;1&#8243; _builder_version=&#8221;4.17.4&#8243; _module_preset=&#8221;default&#8221; background_color=&#8221;RGBA(255,255,255,0)&#8221; custom_margin=&#8221;0px||0px||false|false&#8221; custom_padding=&#8221;0px||0px||false|false&#8221; global_colors_info=&#8221;{}&#8221;][et_pb_row _builder_version=&#8221;4.17.4&#8243; _module_preset=&#8221;default&#8221; background_color=&#8221;#FFFFFF&#8221; max_width=&#8221;1277px&#8221; custom_margin=&#8221;0px||0px||false|false&#8221; custom_padding=&#8221;0px||0px||false|false&#8221; global_colors_info=&#8221;{}&#8221;][et_pb_column type=&#8221;4_4&#8243; _builder_version=&#8221;4.17.4&#8243; _module_preset=&#8221;default&#8221; global_colors_info=&#8221;{}&#8221;][et_pb_text _builder_version=&#8221;4.17.4&#8243; _module_preset=&#8221;default&#8221; text_font=&#8221;Alegreya||||||||&#8221; header_3_font=&#8221;Alegreya|600|||||||&#8221; header_3_text_color=&#8221;#005B84&#8243; custom_margin=&#8221;|20px|5px||false|false&#8221; custom_padding=&#8221;20px|20px|||false|false&#8221; hover_enabled=&#8221;0&#8243; border_width_bottom=&#8221;1px&#8221; border_color_bottom=&#8221;#cccccc&#8221; border_style_bottom=&#8221;dotted&#8221; border_width_left=&#8221;3px&#8221; border_color_left=&#8221;#005B84&#8243; global_colors_info=&#8221;{}&#8221; sticky_enabled=&#8221;0&#8243;]<\/p>\n<h3>\u00a0 <span style=\"color: rgba(53, 53, 53, 0.63);\">Obra \/<\/span> <a href=\"https:\/\/manuelrojas.cl\/index.php\/ensayos-2\/\">Ensayos<\/a>\u00a0 \/ Los costumbristas chilenos<\/h3>\n<p>[\/et_pb_text][\/et_pb_column][\/et_pb_row][et_pb_row column_structure=&#8221;2_5,3_5&#8243; _builder_version=&#8221;4.17.4&#8243; _module_preset=&#8221;default&#8221; background_color=&#8221;#FFFFFF&#8221; background_image=&#8221;https:\/\/manuelrojas.cl\/wp-content\/uploads\/2023\/05\/com-spliter.png&#8221; background_size=&#8221;initial&#8221; background_repeat=&#8221;repeat&#8221; custom_padding=&#8221;|30px||30px|false|false&#8221; hover_enabled=&#8221;0&#8243; global_colors_info=&#8221;{}&#8221; max_width_last_edited=&#8221;on|desktop&#8221; width_last_edited=&#8221;on|phone&#8221; sticky_enabled=&#8221;0&#8243;][et_pb_column type=&#8221;2_5&#8243; _builder_version=&#8221;4.17.4&#8243; _module_preset=&#8221;default&#8221; global_colors_info=&#8221;{}&#8221;][et_pb_image src=&#8221;https:\/\/manuelrojas.cl\/wp-content\/uploads\/2023\/07\/manuelrojasloscostumbristaschilenos55.jpg&#8221; title_text=&#8221;manuelrojasloscostumbristaschilenos55&#8243; align=&#8221;center&#8221; _builder_version=&#8221;4.17.4&#8243; _module_preset=&#8221;default&#8221; height=&#8221;500px&#8221; max_height=&#8221;500px&#8221; hover_enabled=&#8221;0&#8243; border_radii=&#8221;on|3px|3px|3px|3px&#8221; border_width_all=&#8221;1px&#8221; border_color_all=&#8221;RGBA(48,48,48,0.77)&#8221; box_shadow_style=&#8221;preset1&#8243; box_shadow_blur=&#8221;5px&#8221; global_colors_info=&#8221;{}&#8221; height_last_edited=&#8221;on|phone&#8221; sticky_enabled=&#8221;0&#8243; max_height_last_edited=&#8221;on|phone&#8221; height_tablet=&#8221;500px&#8221; height_phone=&#8221;500px&#8221; max_height_tablet=&#8221;500px&#8221; max_height_phone=&#8221;500px&#8221;][\/et_pb_image][\/et_pb_column][et_pb_column type=&#8221;3_5&#8243; _builder_version=&#8221;4.17.4&#8243; _module_preset=&#8221;default&#8221; global_colors_info=&#8221;{}&#8221;][et_pb_text _builder_version=&#8221;4.17.4&#8243; _module_preset=&#8221;default&#8221; text_font=&#8221;Alegreya||||||||&#8221; text_font_size=&#8221;18px&#8221; text_line_height=&#8221;1.8em&#8221; background_color=&#8221;#FFFFFF&#8221; width_tablet=&#8221;&#8221; width_phone=&#8221;&#8221; width_last_edited=&#8221;on|phone&#8221; max_width_tablet=&#8221;&#8221; max_width_phone=&#8221;&#8221; max_width_last_edited=&#8221;on|phone&#8221; custom_padding=&#8221;10px|10px|10px|10px|false|false&#8221; hover_enabled=&#8221;0&#8243; text_font_tablet=&#8221;Alegreya||||||||&#8221; text_font_phone=&#8221;Alegreya||||||||&#8221; text_font_last_edited=&#8221;off|desktop&#8221; text_font_size_tablet=&#8221;17px&#8221; text_font_size_phone=&#8221;10px&#8221; text_font_size_last_edited=&#8221;on|phone&#8221; border_radii=&#8221;on|1px|1px|1px|1px&#8221; border_width_all=&#8221;1px&#8221; border_color_all=&#8221;RGBA(0,91,132,0.8)&#8221; border_style_all=&#8221;dotted&#8221; global_colors_info=&#8221;{}&#8221; sticky_enabled=&#8221;0&#8243;]<\/p>\n<div class=\"content clearfix\">\n<div class=\"content clearfix\">\n<p><strong>Primera edici\u00f3n:<\/strong> Editorial Zig-Zag &#8211; Santiago de Chile, 1957<\/p>\n<h2>Rese\u00f1a<\/h2>\n<p class=\"dropcap\" style=\"text-align: justify;\">En este estudio y selecci\u00f3n, realizados con la colaboraci\u00f3n de Mary Cannizzo, investigadora norteamericana de literatura hispanoamericana, Manuel Rojas revisa los aspectos m\u00e1s sobresalientes del Costumbrismo, cronol\u00f3gicamente la primera corriente literaria a la que adscribieron varios autores chilenos, desde mediados del siglo XIX, con el Movimiento Literario de 1842, hasta las dos primeras d\u00e9cadas del siglo XX.<\/p>\n<p style=\"text-align: justify;\">Seg\u00fan Rojas, este g\u00e9nero se desprende del Romanticismo y, por lo tanto, lo considera un g\u00e9nero subliterario que se ocupa de la descripci\u00f3n y estudio de las costumbres populares encontrando en el periodismo la vertiente m\u00e1s apropiada para desarrollarse. Advierte, sin embargo, que el Costumbrismo no es un g\u00e9nero f\u00e1cil de dominar: <i>\u00ab\u2026Se requieren mucha maestr\u00eda y conocimiento del idioma y del pueblo para pintar en pocas y diestras pinceladas un tipo o un ambiente, una costumbre\u00bb.<\/i><\/p>\n<p style=\"text-align: justify;\">En Chile la influencia espa\u00f1ola, a trav\u00e9s de autores como Mariano Jos\u00e9 de Larra y Ram\u00f3n de Mesonero Romanos, se hace evidente en autores como Jos\u00e9 Joaqu\u00edn Vallejo, Joaqu\u00edn D\u00edaz Garc\u00e9s y Ram\u00f3n Barros Grez, quienes no logran dar con los niveles de agudeza y la s\u00e1tira de sus maestros hispanos, qued\u00e1ndose s\u00f3lo en la cr\u00edtica social. En cambio, s\u00ed est\u00e1 presente el humor, entendido como broma o chiste, y ah\u00ed destacan Rom\u00e1n Vial y Manuel J. Ortiz. Estas dos caracter\u00edsticas, la cr\u00edtica social y el humor, asociadas a la descripci\u00f3n de las costumbres populares, son los rasgos m\u00e1s notables de los costumbristas chilenos que Rojas destaca.<\/p>\n<hr \/>\n<p style=\"text-align: justify;\"><strong>Los costumbristas chilenos<\/strong>, contiene cuatro estudios preliminares: <i><strong>Esquema del costumbrismo<\/strong><\/i>; <i><strong>Las costumbres chilenas descritas por los costumbristas<\/strong><\/i>; <i><strong>Lenguaje de los costumbristas<\/strong><\/i> y <i><strong>Algunos costumbristas menores<\/strong><\/i>. Se incluye una selecci\u00f3n de textos de nueve autores con sus respectivas <i><strong>Rese\u00f1as biogr\u00e1ficas<\/strong><\/i>. Entre otros figuran: Jos\u00e9 Joaqu\u00edn Vallejo \u2013 <i>Jotabeche<\/i>, Domingo Faustino Sarmiento, Pedro Ruiz Aldea, Daniel Barros Grez, Daniel Riquelme y Jos\u00e9 Joaqu\u00edn Garc\u00e9s.<\/p>\n<\/div>\n<\/div>\n<p>[\/et_pb_text][\/et_pb_column][\/et_pb_row][\/et_pb_section]<\/p>\n","protected":false},"excerpt":{"rendered":"<p>\u00a0 Obra \/ Ensayos\u00a0 \/ Los costumbristas chilenos Primera edici\u00f3n: Editorial Zig-Zag &#8211; Santiago de Chile, 1957 Rese\u00f1a En este estudio y selecci\u00f3n, realizados con la colaboraci\u00f3n de Mary Cannizzo, investigadora norteamericana de literatura hispanoamericana, Manuel Rojas revisa los aspectos m\u00e1s sobresalientes del Costumbrismo, cronol\u00f3gicamente la primera corriente literaria a la que adscribieron varios autores [&hellip;]<\/p>\n","protected":false},"author":1,"featured_media":5356,"parent":0,"menu_order":0,"comment_status":"closed","ping_status":"closed","template":"","meta":{"_et_pb_use_builder":"on","_et_pb_old_content":"[tabby title=\"Libro y Rese\u00f1a\"]\n<table class=\"table\">\n<tbody>\n<tr>\n<td style=\"text-align: left; vertical-align: top;\"><a href=\"http:\/\/www.manuelrojas.cl\/wp-content\/uploads\/manuelrojasloscostumbristaschilenos55.jpg\" rel=\"attachment wp-att-5356\"><img class=\"margin-top: 5px;margin-bottom: 5px;margin-right: 5px;margin-left: 5px; alignleft wp-image-5356\" src=\"http:\/\/www.manuelrojas.cl\/wp-content\/uploads\/manuelrojasloscostumbristaschilenos55.jpg\" alt=\"Los Costumbristas Chilenos\" width=\"150\" height=\"225\"><\/a><\/td>\n<td style=\"vertical-align: top;\" rowspan=\"2\"><strong>Primera edici\u00f3n:<\/strong> Editorial Zig-Zag - Santiago de Chile, 1957\n<h2>Rese\u00f1a<\/h2>\n<p class=\"dropcap\" style=\"text-align: justify;\">En este estudio y selecci\u00f3n, realizados con la colaboraci\u00f3n de Mary Cannizzo, investigadora norteamericana de literatura hispanoamericana, Manuel Rojas revisa los aspectos m\u00e1s sobresalientes del Costumbrismo, cronol\u00f3gicamente la primera corriente literaria a la que adscribieron varios autores chilenos, desde mediados del siglo XIX, con el Movimiento Literario de 1842, hasta las dos primeras d\u00e9cadas del siglo XX.<\/p>\n<p style=\"text-align: justify;\">Seg\u00fan Rojas, este g\u00e9nero se desprende del Romanticismo y, por lo tanto, lo considera un g\u00e9nero subliterario que se ocupa de la descripci\u00f3n y estudio de las costumbres populares encontrando en el periodismo la vertiente m\u00e1s apropiada para desarrollarse. Advierte, sin embargo, que el Costumbrismo no es un g\u00e9nero f\u00e1cil de dominar: <i>\u00ab\u2026Se requieren mucha maestr\u00eda y conocimiento del idioma y del pueblo para pintar en pocas y diestras pinceladas un tipo o un ambiente, una costumbre\u00bb.<\/i><\/p>\n<p style=\"text-align: justify;\">En Chile la influencia espa\u00f1ola, a trav\u00e9s de autores como Mariano Jos\u00e9 de Larra y Ram\u00f3n de Mesonero Romanos, se hace evidente en autores como Jos\u00e9 Joaqu\u00edn Vallejo, Joaqu\u00edn D\u00edaz Garc\u00e9s y Ram\u00f3n Barros Grez, quienes no logran dar con los niveles de agudeza y la s\u00e1tira de sus maestros hispanos, qued\u00e1ndose s\u00f3lo en la cr\u00edtica social. En cambio, s\u00ed est\u00e1 presente el humor, entendido como broma o chiste, y ah\u00ed destacan Rom\u00e1n Vial y Manuel J. Ortiz. Estas dos caracter\u00edsticas, la cr\u00edtica social y el humor, asociadas a la descripci\u00f3n de las costumbres populares, son los rasgos m\u00e1s notables de los costumbristas chilenos que Rojas destaca.<\/p>\n\n\n<hr>\n<p style=\"text-align: justify;\"><strong>Los costumbristas chilenos<\/strong>, contiene cuatro estudios preliminares: <i><strong>Esquema del costumbrismo<\/strong><\/i>; <i><strong>Las costumbres chilenas descritas por los costumbristas<\/strong><\/i>; <i><strong>Lenguaje de los costumbristas<\/strong><\/i> y <i><strong>Algunos costumbristas menores<\/strong><\/i>. Se incluye una selecci\u00f3n de textos de nueve autores con sus respectivas <i><strong>Rese\u00f1as biogr\u00e1ficas<\/strong><\/i>. Entre otros figuran: Jos\u00e9 Joaqu\u00edn Vallejo \u2013 <i>Jotabeche<\/i>, Domingo Faustino Sarmiento, Pedro Ruiz Aldea, Daniel Barros Grez, Daniel Riquelme y Jos\u00e9 Joaqu\u00edn Garc\u00e9s.<\/p>\n<\/td>\n<\/tr>\n<tr>\n<td style=\"text-align: left; vertical-align: top;\"><\/td>\n<\/tr>\n<\/tbody>\n<\/table>\n[tabbyending]","_et_gb_content_width":"","footnotes":""},"class_list":["post-5354","page","type-page","status-publish","has-post-thumbnail","hentry"],"_links":{"self":[{"href":"https:\/\/manuelrojas.cl\/index.php\/wp-json\/wp\/v2\/pages\/5354","targetHints":{"allow":["GET"]}}],"collection":[{"href":"https:\/\/manuelrojas.cl\/index.php\/wp-json\/wp\/v2\/pages"}],"about":[{"href":"https:\/\/manuelrojas.cl\/index.php\/wp-json\/wp\/v2\/types\/page"}],"author":[{"embeddable":true,"href":"https:\/\/manuelrojas.cl\/index.php\/wp-json\/wp\/v2\/users\/1"}],"replies":[{"embeddable":true,"href":"https:\/\/manuelrojas.cl\/index.php\/wp-json\/wp\/v2\/comments?post=5354"}],"version-history":[{"count":4,"href":"https:\/\/manuelrojas.cl\/index.php\/wp-json\/wp\/v2\/pages\/5354\/revisions"}],"predecessor-version":[{"id":11730,"href":"https:\/\/manuelrojas.cl\/index.php\/wp-json\/wp\/v2\/pages\/5354\/revisions\/11730"}],"wp:featuredmedia":[{"embeddable":true,"href":"https:\/\/manuelrojas.cl\/index.php\/wp-json\/"}],"wp:attachment":[{"href":"https:\/\/manuelrojas.cl\/index.php\/wp-json\/wp\/v2\/media?parent=5354"}],"curies":[{"name":"wp","href":"https:\/\/api.w.org\/{rel}","templated":true}]}}