{"id":5362,"date":"2015-05-05T23:46:31","date_gmt":"2015-05-06T02:46:31","guid":{"rendered":"http:\/\/www.manuelrojas.cl\/?page_id=5362"},"modified":"2024-12-03T22:02:39","modified_gmt":"2024-12-03T22:02:39","slug":"el-arbol-siempre-verde","status":"publish","type":"page","link":"https:\/\/manuelrojas.cl\/index.php\/el-arbol-siempre-verde\/","title":{"rendered":"El \u00e1rbol siempre verde"},"content":{"rendered":"<p>[et_pb_section fb_built=&#8221;1&#8243; _builder_version=&#8221;4.17.4&#8243; _module_preset=&#8221;default&#8221; background_color=&#8221;RGBA(255,255,255,0)&#8221; custom_margin=&#8221;0px||0px||false|false&#8221; custom_padding=&#8221;0px||0px||false|false&#8221; global_colors_info=&#8221;{}&#8221;][et_pb_row _builder_version=&#8221;4.17.4&#8243; _module_preset=&#8221;default&#8221; background_color=&#8221;#FFFFFF&#8221; max_width=&#8221;1277px&#8221; custom_margin=&#8221;0px||0px||false|false&#8221; custom_padding=&#8221;0px||0px||false|false&#8221; global_colors_info=&#8221;{}&#8221;][et_pb_column type=&#8221;4_4&#8243; _builder_version=&#8221;4.17.4&#8243; _module_preset=&#8221;default&#8221; global_colors_info=&#8221;{}&#8221;][et_pb_text _builder_version=&#8221;4.17.4&#8243; _module_preset=&#8221;default&#8221; text_font=&#8221;Alegreya||||||||&#8221; header_3_font=&#8221;Alegreya|600|||||||&#8221; header_3_text_color=&#8221;#005B84&#8243; custom_margin=&#8221;|20px|5px||false|false&#8221; custom_padding=&#8221;20px|20px|||false|false&#8221; hover_enabled=&#8221;0&#8243; border_width_bottom=&#8221;1px&#8221; border_color_bottom=&#8221;#cccccc&#8221; border_style_bottom=&#8221;dotted&#8221; border_width_left=&#8221;3px&#8221; border_color_left=&#8221;#005B84&#8243; global_colors_info=&#8221;{}&#8221; sticky_enabled=&#8221;0&#8243;]<\/p>\n<h3>\u00a0 <span style=\"color: rgba(53, 53, 53, 0.63);\">Obra \/<\/span> <a href=\"https:\/\/manuelrojas.cl\/index.php\/ensayos-2\/\">Ensayos<\/a> \/ El \u00e1rbol siempre verde<\/h3>\n<p>[\/et_pb_text][\/et_pb_column][\/et_pb_row][et_pb_row column_structure=&#8221;2_5,3_5&#8243; _builder_version=&#8221;4.17.4&#8243; _module_preset=&#8221;default&#8221; background_color=&#8221;#FFFFFF&#8221; background_image=&#8221;https:\/\/manuelrojas.cl\/wp-content\/uploads\/2023\/05\/com-spliter.png&#8221; background_size=&#8221;initial&#8221; background_repeat=&#8221;repeat&#8221; custom_padding=&#8221;|30px||30px|false|false&#8221; hover_enabled=&#8221;0&#8243; global_colors_info=&#8221;{}&#8221; sticky_enabled=&#8221;0&#8243;][et_pb_column type=&#8221;2_5&#8243; _builder_version=&#8221;4.17.4&#8243; _module_preset=&#8221;default&#8221; global_colors_info=&#8221;{}&#8221;][et_pb_image src=&#8221;https:\/\/manuelrojas.cl\/wp-content\/uploads\/2023\/07\/manuelrojaselarbolsiempreverde95.jpg&#8221; title_text=&#8221;manuelrojaselarbolsiempreverde95&#8243; align=&#8221;center&#8221; _builder_version=&#8221;4.17.4&#8243; _module_preset=&#8221;default&#8221; height=&#8221;500px&#8221; max_height=&#8221;500px&#8221; hover_enabled=&#8221;0&#8243; border_radii=&#8221;on|3px|3px|3px|3px&#8221; border_width_all=&#8221;1px&#8221; border_color_all=&#8221;RGBA(48,48,48,0.77)&#8221; box_shadow_style=&#8221;preset1&#8243; box_shadow_blur=&#8221;5px&#8221; global_colors_info=&#8221;{}&#8221; height_last_edited=&#8221;on|phone&#8221; sticky_enabled=&#8221;0&#8243; max_height_last_edited=&#8221;on|phone&#8221; height_tablet=&#8221;500px&#8221; height_phone=&#8221;500px&#8221; max_height_tablet=&#8221;500px&#8221; max_height_phone=&#8221;500px&#8221;][\/et_pb_image][\/et_pb_column][et_pb_column type=&#8221;3_5&#8243; _builder_version=&#8221;4.17.4&#8243; _module_preset=&#8221;default&#8221; global_colors_info=&#8221;{}&#8221;][et_pb_text _builder_version=&#8221;4.17.4&#8243; _module_preset=&#8221;default&#8221; text_font=&#8221;Alegreya||||||||&#8221; text_font_size=&#8221;18px&#8221; text_line_height=&#8221;1.8em&#8221; background_color=&#8221;#FFFFFF&#8221; width_tablet=&#8221;&#8221; width_phone=&#8221;&#8221; width_last_edited=&#8221;on|phone&#8221; max_width_tablet=&#8221;&#8221; max_width_phone=&#8221;&#8221; max_width_last_edited=&#8221;on|phone&#8221; custom_padding=&#8221;10px|10px|10px|10px|false|false&#8221; hover_enabled=&#8221;0&#8243; text_font_tablet=&#8221;Alegreya||||||||&#8221; text_font_phone=&#8221;Alegreya||||||||&#8221; text_font_last_edited=&#8221;off|desktop&#8221; text_font_size_tablet=&#8221;17px&#8221; text_font_size_phone=&#8221;10px&#8221; text_font_size_last_edited=&#8221;on|phone&#8221; border_radii=&#8221;on|1px|1px|1px|1px&#8221; border_width_all=&#8221;1px&#8221; border_color_all=&#8221;RGBA(0,91,132,0.8)&#8221; border_style_all=&#8221;dotted&#8221; global_colors_info=&#8221;{}&#8221; sticky_enabled=&#8221;0&#8243;]<\/p>\n<div class=\"content clearfix\">\n<div class=\"content clearfix\">\n<p><strong>Primera edici\u00f3n:<\/strong> Editorial Zig-Zag &#8211; Santiago de Chile, 1960<\/p>\n<h2>Rese\u00f1a<\/h2>\n<p class=\"dropcap\" style=\"text-align: justify;\"><strong>El \u00e1rbol siempre verde<\/strong> re\u00fane una serie de ensayos donde Manuel Rojas reflexiona sobre su propio oficio y aprendizaje literario, confirmando que el material para su obra proviene, en parte significativa, de las diversas y variadas experiencias de su propia vida y del conocimiento de lugares, paisajes y, sobre todo, de los diferentes tipos humanos que habitan Chile. En este sentido destacan los ensayos: <i><strong><a title=\"El \u00e1rbol siempre verde - Algo sobre mi experiencia literaria\" href=\"https:\/\/manuelrojas.cl\/wp-content\/uploads\/2023\/07\/Manuel-Rojas-Algo-sobre-mi-experiencia-literaria.pdf\" target=\"_blank\" rel=\"noopener noreferrer\">\u00abAlgo sobre mi experiencia literaria\u00bb<\/a><\/strong><\/i> y <i><strong>\u00abChile, pa\u00eds vivido\u00bb<\/strong><\/i>.<\/p>\n<p style=\"text-align: justify;\">Algunos de estos textos hab\u00edan sido publicados anteriormente, como es el caso de <i><strong>\u00abAcerca de la literatura chilena\u00bb<\/strong><\/i>, <i><strong>\u00abReflexiones sobre la literatura chilena\u00bb<\/strong><\/i> y <i><strong>\u00abHoracio Quiroga\u00bb<\/strong><\/i>, aparecidos en diversos n\u00fameros de la revista <i>Atenea<\/i> de Concepci\u00f3n, en la d\u00e9cada de los 30. Otros escritos corresponden a sus impresiones sobre situaciones vividas por \u00e9l en La Habana y Puerto Rico en visitas realizadas en 1951 y 1958, respectivamente.<\/p>\n<hr \/>\n<p style=\"text-align: justify;\"><strong>El \u00e1rbol siempre verde<\/strong>, contiene los ensayos: <i><strong>Acerca de la literatura chilena<\/strong><\/i>; <i><strong>Reflexiones sobre la literatura chilena<\/strong><\/i>; <i><strong><a title=\"El \u00e1rbol siempre verde - Algo sobre mi experiencia literaria\" href=\"https:\/\/manuelrojas.cl\/wp-content\/uploads\/2023\/07\/Manuel-Rojas-Algo-sobre-mi-experiencia-literaria.pdf\" target=\"_blank\" rel=\"noopener noreferrer\">Algo sobre mi experiencia literaria<\/a><\/strong><\/i>; <i><strong>Chile, pa\u00eds vivido<\/strong><\/i>; <i><strong>Adi\u00f3s a La Habana<\/strong><\/i>; <i><strong>Algo para Puerto Rico<\/strong><\/i>; <i><strong>Otra vez Puerto Rico<\/strong><\/i>; <i><strong>Un personaje novel\u00edstico latinoamericano<\/strong><\/i>; <i><strong>Horacio Quiroga<\/strong><\/i> y <i><strong>Aproximaciones a Mariano Latorre<\/strong><\/i>.<\/p>\n<p><strong style=\"font-size: 18px; text-align: justify;\">ra ellos<\/strong><span style=\"font-size: 18px; text-align: justify;\">, contiene los siguientes poemas: <\/span><i style=\"font-size: 18px; text-align: justify;\"><strong>Viento en la sierra<\/strong><\/i><span style=\"font-size: 18px; text-align: justify;\">; <\/span><i style=\"font-size: 18px; text-align: justify;\"><strong>Tarde de invierno<\/strong><\/i><span style=\"font-size: 18px; text-align: justify;\">; <\/span><i style=\"font-size: 18px; text-align: justify;\"><strong>Poema del d\u00eda<\/strong><\/i><span style=\"font-size: 18px; text-align: justify;\">; <\/span><i style=\"font-size: 18px; text-align: justify;\"><strong>La ni\u00f1a<\/strong><\/i><span style=\"font-size: 18px; text-align: justify;\">; <\/span><i style=\"font-size: 18px; text-align: justify;\"><strong>Amanecer<\/strong><\/i><span style=\"font-size: 18px; text-align: justify;\">; <\/span><i style=\"font-size: 18px; text-align: justify;\"><strong>En mi cuarto<\/strong><\/i><span style=\"font-size: 18px; text-align: justify;\">; <\/span><i style=\"font-size: 18px; text-align: justify;\"><strong>Luna<\/strong><\/i><span style=\"font-size: 18px; text-align: justify;\">; <\/span><i style=\"font-size: 18px; text-align: justify;\"><strong>Juegos en la playa<\/strong><\/i><span style=\"font-size: 18px; text-align: justify;\">; <\/span><i style=\"font-size: 18px; text-align: justify;\"><strong>Cantos<\/strong><\/i><span style=\"font-size: 18px; text-align: justify;\">; <\/span><i style=\"font-size: 18px; text-align: justify;\"><strong>Ropitas<\/strong><\/i><span style=\"font-size: 18px; text-align: justify;\">; <\/span><i style=\"font-size: 18px; text-align: justify;\"><strong>Coraz\u00f3n de narciso<\/strong><\/i><span style=\"font-size: 18px; text-align: justify;\">; <\/span><i style=\"font-size: 18px; text-align: justify;\"><strong>Palabritas<\/strong><\/i><span style=\"font-size: 18px; text-align: justify;\">; <\/span><i style=\"font-size: 18px; text-align: justify;\"><strong>Tiempo de oto\u00f1o<\/strong><\/i><span style=\"font-size: 18px; text-align: justify;\">; <\/span><i style=\"font-size: 18px; text-align: justify;\"><strong>Rosas<\/strong><\/i><span style=\"font-size: 18px; text-align: justify;\"> y <\/span><i style=\"font-size: 18px; text-align: justify;\"><strong>Recuerdos de Celmira<\/strong><\/i><span style=\"font-size: 18px; text-align: justify;\">.<\/span><\/p>\n<\/div>\n<\/div>\n<p>[\/et_pb_text][\/et_pb_column][\/et_pb_row][\/et_pb_section]<\/p>\n","protected":false},"excerpt":{"rendered":"<p>\u00a0 Obra \/ Ensayos \/ El \u00e1rbol siempre verde Primera edici\u00f3n: Editorial Zig-Zag &#8211; Santiago de Chile, 1960 Rese\u00f1a El \u00e1rbol siempre verde re\u00fane una serie de ensayos donde Manuel Rojas reflexiona sobre su propio oficio y aprendizaje literario, confirmando que el material para su obra proviene, en parte significativa, de las diversas y variadas [&hellip;]<\/p>\n","protected":false},"author":1,"featured_media":4464,"parent":0,"menu_order":0,"comment_status":"closed","ping_status":"closed","template":"","meta":{"_et_pb_use_builder":"on","_et_pb_old_content":"[tabby title=\"Libro y Rese\u00f1a\"]\n<table class=\"table\">\n<tbody>\n<tr>\n<td style=\"text-align: left; vertical-align: top;\"><a href=\"http:\/\/www.manuelrojas.cl\/wp-content\/uploads\/manuelrojaselarbolsiempreverde95.jpg\" rel=\"attachment wp-att-4464\"><img class=\"margin-top: 5px;margin-bottom: 5px;margin-right: 5px;margin-left: 5px; alignleft wp-image-4464\" src=\"http:\/\/www.manuelrojas.cl\/wp-content\/uploads\/manuelrojaselarbolsiempreverde95.jpg\" alt=\"El \u00c1rbol Siempre Verde\" width=\"150\" height=\"225\"><\/a><\/td>\n<td style=\"vertical-align: top;\" rowspan=\"2\"><strong>Primera edici\u00f3n:<\/strong> Editorial Zig-Zag - Santiago de Chile, 1960\n<h2>Rese\u00f1a<\/h2>\n<p class=\"dropcap\" style=\"text-align: justify;\"><strong>El \u00e1rbol siempre verde<\/strong> re\u00fane una serie de ensayos donde Manuel Rojas reflexiona sobre su propio oficio y aprendizaje literario, confirmando que el material para su obra proviene, en parte significativa, de las diversas y variadas experiencias de su propia vida y del conocimiento de lugares, paisajes y, sobre todo, de los diferentes tipos humanos que habitan Chile. En este sentido destacan los ensayos: <i><strong><a title=\"El \u00e1rbol siempre verde - Algo sobre mi experiencia literaria\" href=\"http:\/\/www.manuelrojas.cl\/wp-content\/uploads\/Manuel-Rojas-Algo-sobre-mi-experiencia-literaria.pdf\" target=\"_blank\" rel=\"noopener noreferrer\">\u00abAlgo sobre mi experiencia literaria\u00bb<\/a><\/strong><\/i> y <i><strong>\u00abChile, pa\u00eds vivido\u00bb<\/strong><\/i>.<\/p>\n<p style=\"text-align: justify;\">Algunos de estos textos hab\u00edan sido publicados anteriormente, como es el caso de <i><strong>\u00abAcerca de la literatura chilena\u00bb<\/strong><\/i>, <i><strong>\u00abReflexiones sobre la literatura chilena\u00bb<\/strong><\/i> y <i><strong>\u00abHoracio Quiroga\u00bb<\/strong><\/i>, aparecidos en diversos n\u00fameros de la revista <i>Atenea<\/i> de Concepci\u00f3n, en la d\u00e9cada de los 30. Otros escritos corresponden a sus impresiones sobre situaciones vividas por \u00e9l en La Habana y Puerto Rico en visitas realizadas en 1951 y 1958, respectivamente.<\/p>\n\n\n<hr>\n<p style=\"text-align: justify;\"><strong>El \u00e1rbol siempre verde<\/strong>, contiene los ensayos: <i><strong>Acerca de la literatura chilena<\/strong><\/i>; <i><strong>Reflexiones sobre la literatura chilena<\/strong><\/i>; <i><strong><a title=\"El \u00e1rbol siempre verde - Algo sobre mi experiencia literaria\" href=\"http:\/\/www.manuelrojas.cl\/wp-content\/uploads\/Manuel-Rojas-Algo-sobre-mi-experiencia-literaria.pdf\" target=\"_blank\" rel=\"noopener noreferrer\">Algo sobre mi experiencia literaria<\/a><\/strong><\/i>; <i><strong>Chile, pa\u00eds vivido<\/strong><\/i>; <i><strong>Adi\u00f3s a La Habana<\/strong><\/i>; <i><strong>Algo para Puerto Rico<\/strong><\/i>; <i><strong>Otra vez Puerto Rico<\/strong><\/i>; <i><strong>Un personaje novel\u00edstico latinoamericano<\/strong><\/i>; <i><strong>Horacio Quiroga<\/strong><\/i> y <i><strong>Aproximaciones a Mariano Latorre<\/strong><\/i>.<\/p>\n<\/td>\n<\/tr>\n<tr>\n<td style=\"text-align: left; vertical-align: top;\"><\/td>\n<\/tr>\n<\/tbody>\n<\/table>\n[tabbyending]","_et_gb_content_width":"","footnotes":""},"class_list":["post-5362","page","type-page","status-publish","has-post-thumbnail","hentry"],"_links":{"self":[{"href":"https:\/\/manuelrojas.cl\/index.php\/wp-json\/wp\/v2\/pages\/5362","targetHints":{"allow":["GET"]}}],"collection":[{"href":"https:\/\/manuelrojas.cl\/index.php\/wp-json\/wp\/v2\/pages"}],"about":[{"href":"https:\/\/manuelrojas.cl\/index.php\/wp-json\/wp\/v2\/types\/page"}],"author":[{"embeddable":true,"href":"https:\/\/manuelrojas.cl\/index.php\/wp-json\/wp\/v2\/users\/1"}],"replies":[{"embeddable":true,"href":"https:\/\/manuelrojas.cl\/index.php\/wp-json\/wp\/v2\/comments?post=5362"}],"version-history":[{"count":5,"href":"https:\/\/manuelrojas.cl\/index.php\/wp-json\/wp\/v2\/pages\/5362\/revisions"}],"predecessor-version":[{"id":11737,"href":"https:\/\/manuelrojas.cl\/index.php\/wp-json\/wp\/v2\/pages\/5362\/revisions\/11737"}],"wp:featuredmedia":[{"embeddable":true,"href":"https:\/\/manuelrojas.cl\/index.php\/wp-json\/"}],"wp:attachment":[{"href":"https:\/\/manuelrojas.cl\/index.php\/wp-json\/wp\/v2\/media?parent=5362"}],"curies":[{"name":"wp","href":"https:\/\/api.w.org\/{rel}","templated":true}]}}