{"id":5366,"date":"2015-05-05T23:54:51","date_gmt":"2015-05-06T02:54:51","guid":{"rendered":"http:\/\/www.manuelrojas.cl\/?page_id=5366"},"modified":"2024-12-03T22:07:30","modified_gmt":"2024-12-03T22:07:30","slug":"esencias-del-pais-chileno-poesias","status":"publish","type":"page","link":"https:\/\/manuelrojas.cl\/index.php\/esencias-del-pais-chileno-poesias\/","title":{"rendered":"Esencias del pa\u00eds chileno (Poes\u00edas)"},"content":{"rendered":"<p>[et_pb_section fb_built=&#8221;1&#8243; _builder_version=&#8221;4.17.4&#8243; _module_preset=&#8221;default&#8221; background_color=&#8221;RGBA(255,255,255,0)&#8221; custom_margin=&#8221;0px||0px||false|false&#8221; custom_padding=&#8221;0px||0px||false|false&#8221; global_colors_info=&#8221;{}&#8221;][et_pb_row _builder_version=&#8221;4.17.4&#8243; _module_preset=&#8221;default&#8221; background_color=&#8221;#FFFFFF&#8221; max_width=&#8221;1277px&#8221; custom_margin=&#8221;0px||0px||false|false&#8221; custom_padding=&#8221;0px||0px||false|false&#8221; global_colors_info=&#8221;{}&#8221;][et_pb_column type=&#8221;4_4&#8243; _builder_version=&#8221;4.17.4&#8243; _module_preset=&#8221;default&#8221; global_colors_info=&#8221;{}&#8221;][et_pb_text _builder_version=&#8221;4.17.4&#8243; _module_preset=&#8221;default&#8221; text_font=&#8221;Alegreya||||||||&#8221; header_3_font=&#8221;Alegreya|600|||||||&#8221; header_3_text_color=&#8221;#005B84&#8243; custom_margin=&#8221;|20px|5px||false|false&#8221; custom_padding=&#8221;20px|20px|||false|false&#8221; hover_enabled=&#8221;0&#8243; border_width_bottom=&#8221;1px&#8221; border_color_bottom=&#8221;#cccccc&#8221; border_style_bottom=&#8221;dotted&#8221; border_width_left=&#8221;3px&#8221; border_color_left=&#8221;#005B84&#8243; global_colors_info=&#8221;{}&#8221; sticky_enabled=&#8221;0&#8243;]<\/p>\n<h3>\u00a0 <span style=\"color: rgba(53, 53, 53, 0.63);\">Obra \/<\/span> <a href=\"https:\/\/manuelrojas.cl\/index.php\/ensayos-2\/\">Ensayos<\/a> \/ Esencias del pa\u00eds chileno (Poes\u00edas)<\/h3>\n<p>[\/et_pb_text][\/et_pb_column][\/et_pb_row][et_pb_row column_structure=&#8221;2_5,3_5&#8243; _builder_version=&#8221;4.17.4&#8243; _module_preset=&#8221;default&#8221; background_color=&#8221;#FFFFFF&#8221; background_image=&#8221;https:\/\/manuelrojas.cl\/wp-content\/uploads\/2023\/05\/com-spliter.png&#8221; background_size=&#8221;initial&#8221; background_repeat=&#8221;repeat&#8221; custom_padding=&#8221;|30px||30px|false|false&#8221; hover_enabled=&#8221;0&#8243; global_colors_info=&#8221;{}&#8221; sticky_enabled=&#8221;0&#8243;][et_pb_column type=&#8221;2_5&#8243; _builder_version=&#8221;4.17.4&#8243; _module_preset=&#8221;default&#8221; global_colors_info=&#8221;{}&#8221;][et_pb_image src=&#8221;https:\/\/manuelrojas.cl\/wp-content\/uploads\/2023\/07\/manuelrojasesenciadelpaischilenopoesia11.jpg&#8221; title_text=&#8221;manuelrojasesenciadelpaischilenopoesia11&#8243; align=&#8221;center&#8221; _builder_version=&#8221;4.17.4&#8243; _module_preset=&#8221;default&#8221; height=&#8221;500px&#8221; max_height=&#8221;500px&#8221; hover_enabled=&#8221;0&#8243; border_radii=&#8221;on|3px|3px|3px|3px&#8221; border_width_all=&#8221;1px&#8221; border_color_all=&#8221;RGBA(48,48,48,0.77)&#8221; box_shadow_style=&#8221;preset1&#8243; box_shadow_blur=&#8221;5px&#8221; global_colors_info=&#8221;{}&#8221; height_last_edited=&#8221;on|phone&#8221; sticky_enabled=&#8221;0&#8243; max_height_last_edited=&#8221;on|phone&#8221; height_tablet=&#8221;500px&#8221; height_phone=&#8221;500px&#8221; max_height_tablet=&#8221;500px&#8221; max_height_phone=&#8221;500px&#8221;][\/et_pb_image][\/et_pb_column][et_pb_column type=&#8221;3_5&#8243; _builder_version=&#8221;4.17.4&#8243; _module_preset=&#8221;default&#8221; global_colors_info=&#8221;{}&#8221;][et_pb_text _builder_version=&#8221;4.17.4&#8243; _module_preset=&#8221;default&#8221; text_font=&#8221;Alegreya||||||||&#8221; text_font_size=&#8221;18px&#8221; text_line_height=&#8221;1.8em&#8221; background_color=&#8221;#FFFFFF&#8221; width_tablet=&#8221;&#8221; width_phone=&#8221;&#8221; width_last_edited=&#8221;on|phone&#8221; max_width_tablet=&#8221;&#8221; max_width_phone=&#8221;&#8221; max_width_last_edited=&#8221;on|phone&#8221; custom_padding=&#8221;10px|10px|10px|10px|false|false&#8221; hover_enabled=&#8221;0&#8243; text_font_tablet=&#8221;Alegreya||||||||&#8221; text_font_phone=&#8221;Alegreya||||||||&#8221; text_font_last_edited=&#8221;off|desktop&#8221; text_font_size_tablet=&#8221;17px&#8221; text_font_size_phone=&#8221;10px&#8221; text_font_size_last_edited=&#8221;on|phone&#8221; border_radii=&#8221;on|1px|1px|1px|1px&#8221; border_width_all=&#8221;1px&#8221; border_color_all=&#8221;RGBA(0,91,132,0.8)&#8221; border_style_all=&#8221;dotted&#8221; global_colors_info=&#8221;{}&#8221; sticky_enabled=&#8221;0&#8243;]<\/p>\n<div class=\"content clearfix\">\n<div class=\"content clearfix\">\n<p><strong>Primera edici\u00f3n:<\/strong> Universidad Nacional Aut\u00f3noma, M\u00e9xico DF &#8211; M\u00e9xico, 1963<\/p>\n<p><a title=\"Esencias del pa\u00eds chileno - Pr\u00f3logo\" href=\"https:\/\/manuelrojas.cl\/wp-content\/uploads\/2023\/07\/Manuel-Rojas-Esencias-del-pais-chileno-Prologo.pdf\" target=\"_blank\" rel=\"noopener noreferrer\">Acceda al pr\u00f3logo de Manuel Rojas de 1963<\/a><\/p>\n<div><\/div>\n<h2>Rese\u00f1a<\/h2>\n<p class=\"dropcap\" style=\"text-align: justify;\"><strong>Esencias del pa\u00eds chileno (Poes\u00edas)<\/strong> corresponde a uno de los trabajos literarios que, por encargo de la <em>Universidad Nacional Aut\u00f3noma de M\u00e9xico<\/em>, realiz\u00f3 Manuel Rojas durante su permanencia en M\u00e9xico, entre 1962 y 1963. Rojas emprende esta selecci\u00f3n de poemas reuniendo, junto a nombres de autores consagrados, la de otros menos conocidos que, en su opini\u00f3n, representan un aporte al arte po\u00e9tico latinoamericano.<\/p>\n<p style=\"text-align: justify;\">El propio Rojas declara que el criterio de selecci\u00f3n para los autores de mayor trayectoria consisti\u00f3 en elegir aquellas poes\u00edas representativas de sus diferentes \u00e9pocas como es, entre otros, para el caso de Pablo Neruda. Entre los autores menos conocidos en esa \u00e9poca, destacan Rosenmann Taub, Gonz\u00e1lez Bastidas y Nicanor Parra, este \u00faltimo era a\u00fan una promisoria figura que, en su permanente b\u00fasqueda e innovaci\u00f3n, hab\u00eda logrado ya notables poemas y Rojas dice: <i>\u00abDe seguro est\u00e1 preparando una sorpresa\u2026\u00bb<\/i><\/p>\n<hr \/>\n<p style=\"text-align: justify;\"><strong>Esencias del pa\u00eds chileno (Poes\u00edas)<\/strong>, contiene un <i><a title=\"Esencias del pa\u00eds chileno - Pr\u00f3logo\" href=\"https:\/\/manuelrojas.cl\/wp-content\/uploads\/2023\/07\/Manuel-Rojas-Esencias-del-pais-chileno-Prologo.pdf\" target=\"_blank\" rel=\"noopener noreferrer\">Pr\u00f3logo<\/a><\/i> y una breve <i><strong>Rese\u00f1a biogr\u00e1fica<\/strong><\/i> de treinta y seis poetas chilenos, ambas realizadas por Manuel Rojas. Entre los autores incluidos en la antolog\u00eda destacan: Diego Duble Urrutia, Manuel Magallanes Moure, Jorge Gonz\u00e1lez Bastidas, Carlos Pezoa Veliz, Julio Barrenechea, Pedro Prado, Gabriela Mistral, Vicente Huidobro, Pablo de Rokha, Jos\u00e9 Domingo G\u00f3mez Rojas, Pablo Neruda, Juvencio Valle, Oscar Castro, Nicanor Parra, David Rosenmann Taub y Efra\u00edn Barquero.<\/p>\n<\/div>\n<\/div>\n<p>[\/et_pb_text][\/et_pb_column][\/et_pb_row][\/et_pb_section]<\/p>\n","protected":false},"excerpt":{"rendered":"<p>\u00a0 Obra \/ Ensayos \/ Esencias del pa\u00eds chileno (Poes\u00edas) Primera edici\u00f3n: Universidad Nacional Aut\u00f3noma, M\u00e9xico DF &#8211; M\u00e9xico, 1963 Acceda al pr\u00f3logo de Manuel Rojas de 1963 Rese\u00f1a Esencias del pa\u00eds chileno (Poes\u00edas) corresponde a uno de los trabajos literarios que, por encargo de la Universidad Nacional Aut\u00f3noma de M\u00e9xico, realiz\u00f3 Manuel Rojas durante [&hellip;]<\/p>\n","protected":false},"author":1,"featured_media":4468,"parent":0,"menu_order":0,"comment_status":"closed","ping_status":"closed","template":"","meta":{"_et_pb_use_builder":"on","_et_pb_old_content":"[tabby title=\"Libro y Rese\u00f1a\"]\n<table class=\"table\">\n<tbody>\n<tr>\n<td style=\"text-align: left; vertical-align: top;\"><a href=\"http:\/\/www.manuelrojas.cl\/wp-content\/uploads\/manuelrojasesenciadelpaischilenopoesia11.jpg\" rel=\"attachment wp-att-4468\"><img class=\"margin-top: 5px;margin-bottom: 5px;margin-right: 5px;margin-left: 5px; alignleft wp-image-4468\" src=\"http:\/\/www.manuelrojas.cl\/wp-content\/uploads\/manuelrojasesenciadelpaischilenopoesia11.jpg\" alt=\"Esencias del Pa\u00eds Chileno\" width=\"150\" height=\"225\"><\/a><\/td>\n<td style=\"vertical-align: top;\" rowspan=\"2\"><strong>Primera edici\u00f3n:<\/strong> Universidad Nacional Aut\u00f3noma, M\u00e9xico DF - M\u00e9xico, 1963\n<div><a title=\"Esencias del pa\u00eds chileno - Pr\u00f3logo\" href=\"http:\/\/www.manuelrojas.cl\/wp-content\/uploads\/Manuel-Rojas-Esencias-del-pais-chileno-Prologo.pdf\" target=\"_blank\" rel=\"noopener noreferrer\">Acceda al pr\u00f3logo de Manuel Rojas de 1963<\/a><\/div>\n<h2>Rese\u00f1a<\/h2>\n<p class=\"dropcap\" style=\"text-align: justify;\"><strong>Esencias del pa\u00eds chileno (Poes\u00edas)<\/strong> corresponde a uno de los trabajos literarios que, por encargo de la <em>Universidad Nacional Aut\u00f3noma de M\u00e9xico<\/em>, realiz\u00f3 Manuel Rojas durante su permanencia en M\u00e9xico, entre 1962 y 1963. Rojas emprende esta selecci\u00f3n de poemas reuniendo, junto a nombres de autores consagrados, la de otros menos conocidos que, en su opini\u00f3n, representan un aporte al arte po\u00e9tico latinoamericano.<\/p>\n<p style=\"text-align: justify;\">El propio Rojas declara que el criterio de selecci\u00f3n para los autores de mayor trayectoria consisti\u00f3 en elegir aquellas poes\u00edas representativas de sus diferentes \u00e9pocas como es, entre otros, para el caso de Pablo Neruda. Entre los autores menos conocidos en esa \u00e9poca, destacan Rosenmann Taub, Gonz\u00e1lez Bastidas y Nicanor Parra, este \u00faltimo era a\u00fan una promisoria figura que, en su permanente b\u00fasqueda e innovaci\u00f3n, hab\u00eda logrado ya notables poemas y Rojas dice: <i>\u00abDe seguro est\u00e1 preparando una sorpresa\u2026\u00bb<\/i><\/p>\n\n\n<hr>\n<p style=\"text-align: justify;\"><strong>Esencias del pa\u00eds chileno (Poes\u00edas)<\/strong>, contiene un <i><a title=\"Esencias del pa\u00eds chileno - Pr\u00f3logo\" href=\"http:\/\/www.manuelrojas.cl\/wp-content\/uploads\/Manuel-Rojas-Esencias-del-pais-chileno-Prologo.pdf\" target=\"_blank\" rel=\"noopener noreferrer\">Pr\u00f3logo<\/a><\/i> y una breve <i><strong>Rese\u00f1a biogr\u00e1fica<\/strong><\/i> de treinta y seis poetas chilenos, ambas realizadas por Manuel Rojas. Entre los autores incluidos en la antolog\u00eda destacan: Diego Duble Urrutia, Manuel Magallanes Moure, Jorge Gonz\u00e1lez Bastidas, Carlos Pezoa Veliz, Julio Barrenechea, Pedro Prado, Gabriela Mistral, Vicente Huidobro, Pablo de Rokha, Jos\u00e9 Domingo G\u00f3mez Rojas, Pablo Neruda, Juvencio Valle, Oscar Castro, Nicanor Parra, David Rosenmann Taub y Efra\u00edn Barquero.<\/p>\n<\/td>\n<\/tr>\n<tr>\n<td style=\"text-align: left; vertical-align: top;\"><\/td>\n<\/tr>\n<\/tbody>\n<\/table>\n[tabbyending]","_et_gb_content_width":"","footnotes":""},"class_list":["post-5366","page","type-page","status-publish","has-post-thumbnail","hentry"],"_links":{"self":[{"href":"https:\/\/manuelrojas.cl\/index.php\/wp-json\/wp\/v2\/pages\/5366","targetHints":{"allow":["GET"]}}],"collection":[{"href":"https:\/\/manuelrojas.cl\/index.php\/wp-json\/wp\/v2\/pages"}],"about":[{"href":"https:\/\/manuelrojas.cl\/index.php\/wp-json\/wp\/v2\/types\/page"}],"author":[{"embeddable":true,"href":"https:\/\/manuelrojas.cl\/index.php\/wp-json\/wp\/v2\/users\/1"}],"replies":[{"embeddable":true,"href":"https:\/\/manuelrojas.cl\/index.php\/wp-json\/wp\/v2\/comments?post=5366"}],"version-history":[{"count":4,"href":"https:\/\/manuelrojas.cl\/index.php\/wp-json\/wp\/v2\/pages\/5366\/revisions"}],"predecessor-version":[{"id":11741,"href":"https:\/\/manuelrojas.cl\/index.php\/wp-json\/wp\/v2\/pages\/5366\/revisions\/11741"}],"wp:featuredmedia":[{"embeddable":true,"href":"https:\/\/manuelrojas.cl\/index.php\/wp-json\/"}],"wp:attachment":[{"href":"https:\/\/manuelrojas.cl\/index.php\/wp-json\/wp\/v2\/media?parent=5366"}],"curies":[{"name":"wp","href":"https:\/\/api.w.org\/{rel}","templated":true}]}}