{"id":5370,"date":"2015-05-06T00:00:16","date_gmt":"2015-05-06T03:00:16","guid":{"rendered":"http:\/\/www.manuelrojas.cl\/?page_id=5370"},"modified":"2024-12-03T22:57:51","modified_gmt":"2024-12-03T22:57:51","slug":"historia-breve-de-la-literatura-chilena","status":"publish","type":"page","link":"https:\/\/manuelrojas.cl\/index.php\/historia-breve-de-la-literatura-chilena\/","title":{"rendered":"Historia breve de la literatura chilena"},"content":{"rendered":"<p>[et_pb_section fb_built=&#8221;1&#8243; _builder_version=&#8221;4.17.4&#8243; _module_preset=&#8221;default&#8221; background_color=&#8221;RGBA(255,255,255,0)&#8221; custom_margin=&#8221;0px||0px||false|false&#8221; custom_padding=&#8221;0px||0px||false|false&#8221; global_colors_info=&#8221;{}&#8221;][et_pb_row _builder_version=&#8221;4.17.4&#8243; _module_preset=&#8221;default&#8221; background_color=&#8221;#FFFFFF&#8221; max_width=&#8221;1277px&#8221; custom_margin=&#8221;0px||0px||false|false&#8221; custom_padding=&#8221;0px||0px||false|false&#8221; global_colors_info=&#8221;{}&#8221;][et_pb_column type=&#8221;4_4&#8243; _builder_version=&#8221;4.17.4&#8243; _module_preset=&#8221;default&#8221; global_colors_info=&#8221;{}&#8221;][et_pb_text _builder_version=&#8221;4.17.4&#8243; _module_preset=&#8221;default&#8221; text_font=&#8221;Alegreya||||||||&#8221; header_3_font=&#8221;Alegreya|600|||||||&#8221; header_3_text_color=&#8221;#005B84&#8243; custom_margin=&#8221;|20px|5px||false|false&#8221; custom_padding=&#8221;20px|20px|||false|false&#8221; hover_enabled=&#8221;0&#8243; border_width_bottom=&#8221;1px&#8221; border_color_bottom=&#8221;#cccccc&#8221; border_style_bottom=&#8221;dotted&#8221; border_width_left=&#8221;3px&#8221; border_color_left=&#8221;#005B84&#8243; global_colors_info=&#8221;{}&#8221; sticky_enabled=&#8221;0&#8243;]<\/p>\n<h3>\u00a0 <span style=\"color: rgba(53, 53, 53, 0.63);\">Obra \/<\/span> <a href=\"https:\/\/manuelrojas.cl\/index.php\/ensayos-2\/\">Ensayos<\/a> \/ Historia breve de la literatura chilena<\/h3>\n<p>[\/et_pb_text][\/et_pb_column][\/et_pb_row][et_pb_row column_structure=&#8221;2_5,3_5&#8243; _builder_version=&#8221;4.17.4&#8243; _module_preset=&#8221;default&#8221; background_color=&#8221;#FFFFFF&#8221; background_image=&#8221;https:\/\/manuelrojas.cl\/wp-content\/uploads\/2023\/05\/com-spliter.png&#8221; background_size=&#8221;initial&#8221; background_repeat=&#8221;repeat&#8221; custom_padding=&#8221;|30px||30px|false|false&#8221; hover_enabled=&#8221;0&#8243; global_colors_info=&#8221;{}&#8221; sticky_enabled=&#8221;0&#8243;][et_pb_column type=&#8221;2_5&#8243; _builder_version=&#8221;4.17.4&#8243; _module_preset=&#8221;default&#8221; global_colors_info=&#8221;{}&#8221;][et_pb_image src=&#8221;https:\/\/manuelrojas.cl\/wp-content\/uploads\/2023\/07\/manuelrojashistoriabrevedelaliteraturachilena12.jpg&#8221; title_text=&#8221;manuelrojashistoriabrevedelaliteraturachilena12&#8243; align=&#8221;center&#8221; _builder_version=&#8221;4.17.4&#8243; _module_preset=&#8221;default&#8221; height=&#8221;500px&#8221; max_height=&#8221;500px&#8221; hover_enabled=&#8221;0&#8243; border_radii=&#8221;on|3px|3px|3px|3px&#8221; border_width_all=&#8221;1px&#8221; border_color_all=&#8221;RGBA(48,48,48,0.77)&#8221; box_shadow_style=&#8221;preset1&#8243; box_shadow_blur=&#8221;5px&#8221; global_colors_info=&#8221;{}&#8221; height_last_edited=&#8221;on|phone&#8221; sticky_enabled=&#8221;0&#8243; max_height_last_edited=&#8221;on|phone&#8221; height_tablet=&#8221;500px&#8221; height_phone=&#8221;500px&#8221; max_height_tablet=&#8221;500px&#8221; max_height_phone=&#8221;500px&#8221;][\/et_pb_image][et_pb_image src=&#8221;https:\/\/manuelrojas.cl\/wp-content\/uploads\/2023\/07\/manuelrojasmanualdeliteraturachilena29.jpg&#8221; title_text=&#8221;manuelrojasmanualdeliteraturachilena29&#8243; align=&#8221;center&#8221; _builder_version=&#8221;4.17.4&#8243; _module_preset=&#8221;default&#8221; height=&#8221;500px&#8221; max_height=&#8221;500px&#8221; hover_enabled=&#8221;0&#8243; border_radii=&#8221;on|3px|3px|3px|3px&#8221; border_width_all=&#8221;1px&#8221; border_color_all=&#8221;RGBA(48,48,48,0.77)&#8221; box_shadow_style=&#8221;preset1&#8243; box_shadow_blur=&#8221;5px&#8221; global_colors_info=&#8221;{}&#8221; height_last_edited=&#8221;on|phone&#8221; sticky_enabled=&#8221;0&#8243; max_height_last_edited=&#8221;on|phone&#8221; height_tablet=&#8221;500px&#8221; height_phone=&#8221;500px&#8221; max_height_tablet=&#8221;500px&#8221; max_height_phone=&#8221;500px&#8221;][\/et_pb_image][\/et_pb_column][et_pb_column type=&#8221;3_5&#8243; _builder_version=&#8221;4.17.4&#8243; _module_preset=&#8221;default&#8221; global_colors_info=&#8221;{}&#8221;][et_pb_text _builder_version=&#8221;4.17.4&#8243; _module_preset=&#8221;default&#8221; text_font=&#8221;Alegreya||||||||&#8221; text_font_size=&#8221;18px&#8221; text_line_height=&#8221;1.8em&#8221; background_color=&#8221;#FFFFFF&#8221; width_tablet=&#8221;&#8221; width_phone=&#8221;&#8221; width_last_edited=&#8221;on|phone&#8221; max_width_tablet=&#8221;&#8221; max_width_phone=&#8221;&#8221; max_width_last_edited=&#8221;on|phone&#8221; custom_padding=&#8221;10px|10px|10px|10px|false|false&#8221; hover_enabled=&#8221;0&#8243; text_font_tablet=&#8221;Alegreya||||||||&#8221; text_font_phone=&#8221;Alegreya||||||||&#8221; text_font_last_edited=&#8221;off|desktop&#8221; text_font_size_tablet=&#8221;17px&#8221; text_font_size_phone=&#8221;10px&#8221; text_font_size_last_edited=&#8221;on|phone&#8221; border_radii=&#8221;on|1px|1px|1px|1px&#8221; border_width_all=&#8221;1px&#8221; border_color_all=&#8221;RGBA(0,91,132,0.8)&#8221; border_style_all=&#8221;dotted&#8221; global_colors_info=&#8221;{}&#8221; sticky_enabled=&#8221;0&#8243;]<\/p>\n<div class=\"content clearfix\">\n<div class=\"content clearfix\">\n<p><strong>Primera edici\u00f3n:<\/strong> (Manual de literatura chilena) Universidad Nacional Aut\u00f3noma, M\u00e9xico DF &#8211; M\u00e9xico, 1964<br \/><strong>\u00daltima edici\u00f3n:<\/strong> Editorial Zig-Zag &#8211; Santiago de Chile, 1965<\/p>\n<h2>Rese\u00f1a<\/h2>\n<p class=\"dropcap\" style=\"text-align: justify;\">Esta breve y personal historia de la literatura chilena fue preparada por Manuel Rojas durante su permanencia en M\u00e9xico, entre los a\u00f1os 1962 y 1963. Publicada inicialmente por la UNAM con el t\u00edtulo de <strong>Manual de literatura chilena<\/strong>, el ensayo estaba destinado a estudiantes y quer\u00eda entregar un panorama hist\u00f3rico de las principales corrientes literarias chilenas y de sus m\u00e1s destacadas figuras, desde la Colonia hasta principios del siglo XX.<\/p>\n<p style=\"text-align: justify;\">A su regreso a Chile, en 1965, el libro ser\u00e1 publicado por Zig-Zag, levemente revisado y actualizado, bajo el nuevo t\u00edtulo de <strong>Historia breve de la literatura chilena<\/strong>.\u00a0La publicaci\u00f3n del libro en el pa\u00eds gener\u00f3 una virulenta pol\u00e9mica entre los cr\u00edticos de la \u00e9poca y algunos escritores que reprochaban a Rojas parcialidad en la selecci\u00f3n de los nombres incluidos en el libro y desconocimiento de la historia literaria nacional. Esta tensa situaci\u00f3n hizo que en un principio Rojas se mantuviera al margen de la discusi\u00f3n, para finalmente rebatir a parte de sus detractores, especialmente a Alone, en un art\u00edculo aparecido en la Revista Ercilla y titulado simplemente: \u00abRespuesta a mis cr\u00edticos\u00bb.<\/p>\n<hr \/>\n<p style=\"text-align: justify;\"><strong>Historia breve de la literatura chilena<\/strong>, contiene las siguientes partes: <i><strong>Literatura colonial<\/strong><\/i>; <i><strong>Nacimiento de la literatura chilena<\/strong><\/i>; <i><strong>La literatura chilena del Siglo XIX<\/strong><\/i>; <i><strong>Rub\u00e9n Dar\u00edo en Chile<\/strong><\/i>; <i><strong>La literatura chilena del Siglo XX<\/strong><\/i>; <i><strong>Bibliograf\u00eda e \u00edndice de nombres citados<\/strong><\/i>.<\/p>\n<\/div>\n<\/div>\n<p>[\/et_pb_text][\/et_pb_column][\/et_pb_row][\/et_pb_section]<\/p>\n","protected":false},"excerpt":{"rendered":"<p>\u00a0 Obra \/ Ensayos \/ Historia breve de la literatura chilena Primera edici\u00f3n: (Manual de literatura chilena) Universidad Nacional Aut\u00f3noma, M\u00e9xico DF &#8211; M\u00e9xico, 1964\u00daltima edici\u00f3n: Editorial Zig-Zag &#8211; Santiago de Chile, 1965 Rese\u00f1a Esta breve y personal historia de la literatura chilena fue preparada por Manuel Rojas durante su permanencia en M\u00e9xico, entre los [&hellip;]<\/p>\n","protected":false},"author":1,"featured_media":4472,"parent":0,"menu_order":0,"comment_status":"closed","ping_status":"closed","template":"","meta":{"_et_pb_use_builder":"on","_et_pb_old_content":"[tabby title=\"Libro y Rese\u00f1a\"]\n<table class=\"table\">\n<tbody>\n<tr>\n<td style=\"text-align: left; vertical-align: top;\"><a href=\"http:\/\/www.manuelrojas.cl\/wp-content\/uploads\/manuelrojasmanualdeliteraturachilena29.jpg\" rel=\"attachment wp-att-4470\"><img class=\"margin-top: 5px;margin-bottom: 5px;margin-right: 5px;margin-left: 5px; alignleft wp-image-4470\" src=\"http:\/\/www.manuelrojas.cl\/wp-content\/uploads\/manuelrojasmanualdeliteraturachilena29.jpg\" alt=\"Manual de Literatura Chilena\" width=\"150\" height=\"225\"><\/a><a href=\"http:\/\/www.manuelrojas.cl\/wp-content\/uploads\/manuelrojashistoriabrevedelaliteraturachilena12.jpg\" rel=\"attachment wp-att-4472\"><img class=\"margin-top: 5px;margin-bottom: 5px;margin-right: 5px;margin-left: 5px; alignleft wp-image-4472\" src=\"http:\/\/www.manuelrojas.cl\/wp-content\/uploads\/manuelrojashistoriabrevedelaliteraturachilena12.jpg\" alt=\"Historia de la Literatura Chilena\" width=\"150\" height=\"225\"><\/a><\/td>\n<td style=\"vertical-align: top;\" rowspan=\"2\"><strong>Primera edici\u00f3n:<\/strong> (Manual de literatura chilena) Universidad Nacional Aut\u00f3noma, M\u00e9xico DF - M\u00e9xico, 1964\n<strong>\u00daltima edici\u00f3n:<\/strong> Editorial Zig-Zag - Santiago de Chile, 1965\n<h2>Rese\u00f1a<\/h2>\n<p class=\"dropcap\" style=\"text-align: justify;\">Esta breve y personal historia de la literatura chilena fue preparada por Manuel Rojas durante su permanencia en M\u00e9xico, entre los a\u00f1os 1962 y 1963. Publicada inicialmente por la UNAM con el t\u00edtulo de <strong>Manual de literatura chilena<\/strong>, el ensayo estaba destinado a estudiantes y quer\u00eda entregar un panorama hist\u00f3rico de las principales corrientes literarias chilenas y de sus m\u00e1s destacadas figuras, desde la Colonia hasta principios del siglo XX.<\/p>\n<p style=\"text-align: justify;\">A su regreso a Chile, en 1965, el libro ser\u00e1 publicado por Zig-Zag, levemente revisado y actualizado, bajo el nuevo t\u00edtulo de <strong>Historia breve de la literatura chilena<\/strong>.&nbsp;La publicaci\u00f3n del libro en el pa\u00eds gener\u00f3 una virulenta pol\u00e9mica entre los cr\u00edticos de la \u00e9poca y algunos escritores que reprochaban a Rojas parcialidad en la selecci\u00f3n de los nombres incluidos en el libro y desconocimiento de la historia literaria nacional. Esta tensa situaci\u00f3n hizo que en un principio Rojas se mantuviera al margen de la discusi\u00f3n, para finalmente rebatir a parte de sus detractores, especialmente a Alone, en un art\u00edculo aparecido en la Revista Ercilla y titulado simplemente: \u00abRespuesta a mis cr\u00edticos\u00bb.<\/p>\n\n\n<hr>\n<p style=\"text-align: justify;\"><strong>Historia breve de la literatura chilena<\/strong>, contiene las siguientes partes: <i><strong>Literatura colonial<\/strong><\/i>; <i><strong>Nacimiento de la literatura chilena<\/strong><\/i>; <i><strong>La literatura chilena del Siglo XIX<\/strong><\/i>; <i><strong>Rub\u00e9n Dar\u00edo en Chile<\/strong><\/i>; <i><strong>La literatura chilena del Siglo XX<\/strong><\/i>; <i><strong>Bibliograf\u00eda e \u00edndice de nombres citados<\/strong><\/i>.<\/p>\n<\/td>\n<\/tr>\n<tr>\n<td style=\"text-align: left; vertical-align: top;\"><\/td>\n<\/tr>\n<\/tbody>\n<\/table>\n[tabbyending]","_et_gb_content_width":"","footnotes":""},"class_list":["post-5370","page","type-page","status-publish","has-post-thumbnail","hentry"],"_links":{"self":[{"href":"https:\/\/manuelrojas.cl\/index.php\/wp-json\/wp\/v2\/pages\/5370","targetHints":{"allow":["GET"]}}],"collection":[{"href":"https:\/\/manuelrojas.cl\/index.php\/wp-json\/wp\/v2\/pages"}],"about":[{"href":"https:\/\/manuelrojas.cl\/index.php\/wp-json\/wp\/v2\/types\/page"}],"author":[{"embeddable":true,"href":"https:\/\/manuelrojas.cl\/index.php\/wp-json\/wp\/v2\/users\/1"}],"replies":[{"embeddable":true,"href":"https:\/\/manuelrojas.cl\/index.php\/wp-json\/wp\/v2\/comments?post=5370"}],"version-history":[{"count":5,"href":"https:\/\/manuelrojas.cl\/index.php\/wp-json\/wp\/v2\/pages\/5370\/revisions"}],"predecessor-version":[{"id":11744,"href":"https:\/\/manuelrojas.cl\/index.php\/wp-json\/wp\/v2\/pages\/5370\/revisions\/11744"}],"wp:featuredmedia":[{"embeddable":true,"href":"https:\/\/manuelrojas.cl\/index.php\/wp-json\/"}],"wp:attachment":[{"href":"https:\/\/manuelrojas.cl\/index.php\/wp-json\/wp\/v2\/media?parent=5370"}],"curies":[{"name":"wp","href":"https:\/\/api.w.org\/{rel}","templated":true}]}}