{"id":5372,"date":"2015-05-06T00:02:57","date_gmt":"2015-05-06T03:02:57","guid":{"rendered":"http:\/\/www.manuelrojas.cl\/?page_id=5372"},"modified":"2024-12-02T23:57:24","modified_gmt":"2024-12-02T23:57:24","slug":"mariano-latorre-algunos-de-sus-mejores-cuentos","status":"publish","type":"page","link":"https:\/\/manuelrojas.cl\/index.php\/mariano-latorre-algunos-de-sus-mejores-cuentos\/","title":{"rendered":"Mariano Latorre &#8211; Algunos de sus mejores cuentos"},"content":{"rendered":"<p>[et_pb_section fb_built=&#8221;1&#8243; _builder_version=&#8221;4.17.4&#8243; _module_preset=&#8221;default&#8221; background_color=&#8221;RGBA(255,255,255,0)&#8221; custom_margin=&#8221;0px||0px||false|false&#8221; custom_padding=&#8221;0px||0px||false|false&#8221; global_colors_info=&#8221;{}&#8221;][et_pb_row _builder_version=&#8221;4.17.4&#8243; _module_preset=&#8221;default&#8221; background_color=&#8221;#FFFFFF&#8221; max_width=&#8221;1277px&#8221; custom_margin=&#8221;0px||0px||false|false&#8221; custom_padding=&#8221;0px||0px||false|false&#8221; global_colors_info=&#8221;{}&#8221;][et_pb_column type=&#8221;4_4&#8243; _builder_version=&#8221;4.17.4&#8243; _module_preset=&#8221;default&#8221; global_colors_info=&#8221;{}&#8221;][et_pb_text _builder_version=&#8221;4.17.4&#8243; _module_preset=&#8221;default&#8221; text_font=&#8221;Alegreya||||||||&#8221; header_3_font=&#8221;Alegreya|600|||||||&#8221; header_3_text_color=&#8221;#005B84&#8243; custom_margin=&#8221;|20px|5px||false|false&#8221; custom_padding=&#8221;20px|20px|||false|false&#8221; hover_enabled=&#8221;0&#8243; border_width_bottom=&#8221;1px&#8221; border_color_bottom=&#8221;#cccccc&#8221; border_style_bottom=&#8221;dotted&#8221; border_width_left=&#8221;3px&#8221; border_color_left=&#8221;#005B84&#8243; global_colors_info=&#8221;{}&#8221; sticky_enabled=&#8221;0&#8243;]<\/p>\n<h3>\u00a0 <span style=\"color: rgba(53, 53, 53, 0.63);\">Obra \/<\/span>\u00a0<a href=\"https:\/\/manuelrojas.cl\/index.php\/ensayos-2\/\">Ensayos<\/a> \/ Mariano Latorre &#8211; Algunos de sus mejores cuentos<\/h3>\n<p>[\/et_pb_text][\/et_pb_column][\/et_pb_row][et_pb_row column_structure=&#8221;2_5,3_5&#8243; _builder_version=&#8221;4.17.4&#8243; _module_preset=&#8221;default&#8221; background_color=&#8221;#FFFFFF&#8221; background_image=&#8221;https:\/\/manuelrojas.cl\/wp-content\/uploads\/2023\/05\/com-spliter.png&#8221; background_size=&#8221;initial&#8221; background_repeat=&#8221;repeat&#8221; width_tablet=&#8221;&#8221; width_phone=&#8221;&#8221; width_last_edited=&#8221;on|phone&#8221; max_width_tablet=&#8221;&#8221; max_width_phone=&#8221;&#8221; max_width_last_edited=&#8221;on|phone&#8221; custom_padding=&#8221;|30px||30px|false|false&#8221; hover_enabled=&#8221;0&#8243; global_colors_info=&#8221;{}&#8221; sticky_enabled=&#8221;0&#8243;][et_pb_column type=&#8221;2_5&#8243; _builder_version=&#8221;4.17.4&#8243; _module_preset=&#8221;default&#8221; global_colors_info=&#8221;{}&#8221;][et_pb_image src=&#8221;https:\/\/manuelrojas.cl\/wp-content\/uploads\/2023\/07\/manuelrojasmarianolatorrealgunodesusmejorescuentos98.jpg&#8221; title_text=&#8221;manuelrojasmarianolatorrealgunodesusmejorescuentos98&#8243; align=&#8221;center&#8221; _builder_version=&#8221;4.17.4&#8243; _module_preset=&#8221;default&#8221; height=&#8221;500px&#8221; height_tablet=&#8221;500px&#8221; height_phone=&#8221;&#8221; height_last_edited=&#8221;on|desktop&#8221; max_height=&#8221;500px&#8221; max_height_tablet=&#8221;500px&#8221; max_height_phone=&#8221;&#8221; max_height_last_edited=&#8221;on|phone&#8221; hover_enabled=&#8221;0&#8243; border_radii=&#8221;on|3px|3px|3px|3px&#8221; border_width_all=&#8221;1px&#8221; border_color_all=&#8221;RGBA(48,48,48,0.77)&#8221; box_shadow_style=&#8221;preset1&#8243; box_shadow_blur=&#8221;5px&#8221; global_colors_info=&#8221;{}&#8221; sticky_enabled=&#8221;0&#8243;][\/et_pb_image][\/et_pb_column][et_pb_column type=&#8221;3_5&#8243; _builder_version=&#8221;4.17.4&#8243; _module_preset=&#8221;default&#8221; global_colors_info=&#8221;{}&#8221;][et_pb_text _builder_version=&#8221;4.17.4&#8243; _module_preset=&#8221;default&#8221; text_font=&#8221;Alegreya||||||||&#8221; text_font_size=&#8221;18px&#8221; text_line_height=&#8221;1.8em&#8221; background_color=&#8221;#FFFFFF&#8221; width_tablet=&#8221;&#8221; width_phone=&#8221;&#8221; width_last_edited=&#8221;on|phone&#8221; max_width_tablet=&#8221;&#8221; max_width_phone=&#8221;&#8221; max_width_last_edited=&#8221;on|phone&#8221; custom_padding=&#8221;10px|10px|10px|10px|false|false&#8221; hover_enabled=&#8221;0&#8243; text_font_tablet=&#8221;Alegreya||||||||&#8221; text_font_phone=&#8221;Alegreya||||||||&#8221; text_font_last_edited=&#8221;off|desktop&#8221; text_font_size_tablet=&#8221;17px&#8221; text_font_size_phone=&#8221;10px&#8221; text_font_size_last_edited=&#8221;on|phone&#8221; border_radii=&#8221;on|1px|1px|1px|1px&#8221; border_width_all=&#8221;1px&#8221; border_color_all=&#8221;RGBA(0,91,132,0.8)&#8221; border_style_all=&#8221;dotted&#8221; global_colors_info=&#8221;{}&#8221; sticky_enabled=&#8221;0&#8243;]<\/p>\n<div class=\"content clearfix\">\n<div class=\"content clearfix\">\n<p><strong>Primera edici\u00f3n:<\/strong> Editorial Zig-Zag &#8211; Santiago de Chile, 1957<\/p>\n<p><span style=\"font-size: 18px;\"><\/span><a title=\"Aproximaciones a Mariano Latorre\" href=\"https:\/\/manuelrojas.cl\/wp-content\/uploads\/2023\/07\/Manuel-Rojas-Aproximaciones-a-Mariano-Latorre.pdf\" target=\"_blank\" rel=\"noopener noreferrer\" style=\"font-size: 18px;\">Acceda al Pr\u00f3logo de Manuel Rojas de 1957<\/a><\/p>\n<div><span style=\"color: #333333; font-size: 26px;\">Rese\u00f1a<\/span><\/div>\n<p class=\"dropcap\" style=\"text-align: justify;\">Este ensayo recoge ocho relatos del escritor chileno Mariano Latorre (1886 \u2013 1955) y resulta especialmente significativo por el texto introductorio de Rojas. El escrito, titulado <i><strong><a title=\"Aproximaciones a Mariano Latorre\" href=\"https:\/\/manuelrojas.cl\/wp-content\/uploads\/2023\/07\/Manuel-Rojas-Aproximaciones-a-Mariano-Latorre.pdf\" target=\"_blank\" rel=\"noopener noreferrer\">\u00abAproximaciones a Mariano Latorre\u00bb<\/a><\/strong><\/i>, se inicia con un cuestionamiento a la insistencia de ciertos te\u00f3ricos por inscribir a los autores en alguna corriente literaria. Luego, Rojas expone sus opiniones sobre el rol del escritor y los prop\u00f3sitos de su oficio, aseverando, por ejemplo, que <i>\u00abCualquier elemento ajeno a la creaci\u00f3n literaria misma no har\u00e1 m\u00e1s que estorbar e impedir un buen logro, mucho m\u00e1s si el escritor no tiene virtudes superiores al defecto con que parte\u00bb<\/i>. Rojas descarta los prop\u00f3sitos que estuvieron ausentes en su propia obra: pol\u00edticos, hist\u00f3ricos o filos\u00f3ficos, y con ello reprocha la voluntad de Latorre de buscar una novela did\u00e1ctica, caracter\u00edstica aceptable s\u00f3lo por a\u00f1adidura, pero no como objetivo primordial.<\/p>\n<p style=\"text-align: justify;\">En este proceso de cr\u00edtica y autoafirmaci\u00f3n, Rojas reflexiona sobre la validez de la observaci\u00f3n del entorno y de los personajes que lo habitan, pero se opone a que una obra se valide solo por el \u00abbuen estilo\u00bb: presencia de recursos como la met\u00e1fora o la descripci\u00f3n anecd\u00f3tica del paisaje, los personajes y costumbres. Por el contrario, aquello es visto por Rojas como un encubrimiento de la carencia de la condici\u00f3n definitiva de una obra: la capacidad de expresar la cualidad de la vida que se narra y, con ello, de construir un relato donde se fusione lo personal con lo universal.<\/p>\n<p style=\"text-align: justify;\">Provisto de ese marco te\u00f3rico, Rojas define a Latorre como un narrador extra\u00f1o al mundo que mira y, por lo tanto, con una obra que no expresa aquella cualidad de la vida. Destaca entonces su calidad literaria, pero no su conocimiento sensible de lo que quer\u00eda mostrar. Finalmente coincide con Latorre en que su mejor definici\u00f3n es la de \u00abpintor literario\u00bb.<\/p>\n<hr \/>\n<p style=\"text-align: justify;\"><strong>Mariano Latorre \u2013 Algunos de sus mejores cuentos<\/strong>, contiene <i><a title=\"Aproximaciones a Mariano Latorre\" href=\"https:\/\/manuelrojas.cl\/wp-content\/uploads\/2023\/07\/Manuel-Rojas-Aproximaciones-a-Mariano-Latorre.pdf\" target=\"_blank\" rel=\"noopener noreferrer\">Aproximaciones a Mariano Latorre<\/a><\/i> y la selecci\u00f3n de ocho cuentos: <i>La epopeya de Mo\u00f1i<\/i>; <i>La miel del rico<\/i>; <i>Y un fil\u00f3n de rojo raul\u00ed<\/i>; <i>La cola de L\u2019Escura<\/i>; <i>Dos pesta\u00f1as de On Chipo<\/i>; <i>On Dani y la yunta robada<\/i>; <i>La vaquilla de Huenchulif<\/i> y <i>El difunto que se vel\u00f3 dos veces<\/i>.<\/p>\n<\/div>\n<\/div>\n<p>[\/et_pb_text][\/et_pb_column][\/et_pb_row][\/et_pb_section]<\/p>\n","protected":false},"excerpt":{"rendered":"<p>\u00a0 Obra \/\u00a0Ensayos \/ Mariano Latorre &#8211; Algunos de sus mejores cuentos Primera edici\u00f3n: Editorial Zig-Zag &#8211; Santiago de Chile, 1957 Acceda al Pr\u00f3logo de Manuel Rojas de 1957 Rese\u00f1a Este ensayo recoge ocho relatos del escritor chileno Mariano Latorre (1886 \u2013 1955) y resulta especialmente significativo por el texto introductorio de Rojas. El escrito, [&hellip;]<\/p>\n","protected":false},"author":1,"featured_media":4474,"parent":0,"menu_order":0,"comment_status":"closed","ping_status":"closed","template":"","meta":{"_et_pb_use_builder":"on","_et_pb_old_content":"[tabby title=\"Libro y Rese\u00f1a\"]\n<table class=\"table\">\n<tbody>\n<tr>\n<td style=\"text-align: left; vertical-align: top;\"><a href=\"http:\/\/www.manuelrojas.cl\/wp-content\/uploads\/manuelrojasmarianolatorrealgunodesusmejorescuentos98.jpg\" rel=\"attachment wp-att-4474\"><img class=\"margin-top: 5px;margin-bottom: 5px;margin-right: 5px;margin-left: 5px; alignleft wp-image-4474\" src=\"http:\/\/www.manuelrojas.cl\/wp-content\/uploads\/manuelrojasmarianolatorrealgunodesusmejorescuentos98.jpg\" alt=\"Mariano Latorre - Algunos de sus mejores cuentos\" width=\"150\" height=\"225\"><\/a><\/td>\n<td style=\"vertical-align: top;\" rowspan=\"2\"><strong>Primera edici\u00f3n:<\/strong> Editorial Zig-Zag - Santiago de Chile, 1957\n<div><a title=\"Aproximaciones a Mariano Latorre\" href=\"http:\/\/www.manuelrojas.cl\/wp-content\/uploads\/Manuel-Rojas-Aproximaciones-a-Mariano-Latorre.pdf\" target=\"_blank\" rel=\"noopener noreferrer\">Acceda al Pr\u00f3logo de Manuel Rojas de 1957<\/a><\/div>\n<h2>Rese\u00f1a<\/h2>\n<p class=\"dropcap\" style=\"text-align: justify;\">Este ensayo recoge ocho relatos del escritor chileno Mariano Latorre (1886 \u2013 1955) y resulta especialmente significativo por el texto introductorio de Rojas. El escrito, titulado <i><strong><a title=\"Aproximaciones a Mariano Latorre\" href=\"http:\/\/www.manuelrojas.cl\/wp-content\/uploads\/Manuel-Rojas-Aproximaciones-a-Mariano-Latorre.pdf\" target=\"_blank\" rel=\"noopener noreferrer\">\u00abAproximaciones a Mariano Latorre\u00bb<\/a><\/strong><\/i>, se inicia con un cuestionamiento a la insistencia de ciertos te\u00f3ricos por inscribir a los autores en alguna corriente literaria. Luego, Rojas expone sus opiniones sobre el rol del escritor y los prop\u00f3sitos de su oficio, aseverando, por ejemplo, que <i>\u00abCualquier elemento ajeno a la creaci\u00f3n literaria misma no har\u00e1 m\u00e1s que estorbar e impedir un buen logro, mucho m\u00e1s si el escritor no tiene virtudes superiores al defecto con que parte\u00bb<\/i>. Rojas descarta los prop\u00f3sitos que estuvieron ausentes en su propia obra: pol\u00edticos, hist\u00f3ricos o filos\u00f3ficos, y con ello reprocha la voluntad de Latorre de buscar una novela did\u00e1ctica, caracter\u00edstica aceptable s\u00f3lo por a\u00f1adidura, pero no como objetivo primordial.<\/p>\n<p style=\"text-align: justify;\">En este proceso de cr\u00edtica y autoafirmaci\u00f3n, Rojas reflexiona sobre la validez de la observaci\u00f3n del entorno y de los personajes que lo habitan, pero se opone a que una obra se valide solo por el \u00abbuen estilo\u00bb: presencia de recursos como la met\u00e1fora o la descripci\u00f3n anecd\u00f3tica del paisaje, los personajes y costumbres. Por el contrario, aquello es visto por Rojas como un encubrimiento de la carencia de la condici\u00f3n definitiva de una obra: la capacidad de expresar la cualidad de la vida que se narra y, con ello, de construir un relato donde se fusione lo personal con lo universal.<\/p>\n<p style=\"text-align: justify;\">Provisto de ese marco te\u00f3rico, Rojas define a Latorre como un narrador extra\u00f1o al mundo que mira y, por lo tanto, con una obra que no expresa aquella cualidad de la vida. Destaca entonces su calidad literaria, pero no su conocimiento sensible de lo que quer\u00eda mostrar. Finalmente coincide con Latorre en que su mejor definici\u00f3n es la de \u00abpintor literario\u00bb.<\/p>\n\n\n<hr>\n<p style=\"text-align: justify;\"><strong>Mariano Latorre \u2013 Algunos de sus mejores cuentos<\/strong>, contiene <i><a title=\"Aproximaciones a Mariano Latorre\" href=\"http:\/\/www.manuelrojas.cl\/wp-content\/uploads\/Manuel-Rojas-Aproximaciones-a-Mariano-Latorre.pdf\" target=\"_blank\" rel=\"noopener noreferrer\">Aproximaciones a Mariano Latorre<\/a><\/i> y la selecci\u00f3n de ocho cuentos: <i>La epopeya de Mo\u00f1i<\/i>; <i>La miel del rico<\/i>; <i>Y un fil\u00f3n de rojo raul\u00ed<\/i>; <i>La cola de L\u2019Escura<\/i>; <i>Dos pesta\u00f1as de On Chipo<\/i>; <i>On Dani y la yunta robada<\/i>; <i>La vaquilla de Huenchulif<\/i> y <i>El difunto que se vel\u00f3 dos veces<\/i>.<\/p>\n<\/td>\n<\/tr>\n<tr>\n<td style=\"text-align: left; vertical-align: top;\"><\/td>\n<\/tr>\n<\/tbody>\n<\/table>\n[tabbyending]","_et_gb_content_width":"","footnotes":""},"class_list":["post-5372","page","type-page","status-publish","has-post-thumbnail","hentry"],"_links":{"self":[{"href":"https:\/\/manuelrojas.cl\/index.php\/wp-json\/wp\/v2\/pages\/5372","targetHints":{"allow":["GET"]}}],"collection":[{"href":"https:\/\/manuelrojas.cl\/index.php\/wp-json\/wp\/v2\/pages"}],"about":[{"href":"https:\/\/manuelrojas.cl\/index.php\/wp-json\/wp\/v2\/types\/page"}],"author":[{"embeddable":true,"href":"https:\/\/manuelrojas.cl\/index.php\/wp-json\/wp\/v2\/users\/1"}],"replies":[{"embeddable":true,"href":"https:\/\/manuelrojas.cl\/index.php\/wp-json\/wp\/v2\/comments?post=5372"}],"version-history":[{"count":6,"href":"https:\/\/manuelrojas.cl\/index.php\/wp-json\/wp\/v2\/pages\/5372\/revisions"}],"predecessor-version":[{"id":11732,"href":"https:\/\/manuelrojas.cl\/index.php\/wp-json\/wp\/v2\/pages\/5372\/revisions\/11732"}],"wp:featuredmedia":[{"embeddable":true,"href":"https:\/\/manuelrojas.cl\/index.php\/wp-json\/"}],"wp:attachment":[{"href":"https:\/\/manuelrojas.cl\/index.php\/wp-json\/wp\/v2\/media?parent=5372"}],"curies":[{"name":"wp","href":"https:\/\/api.w.org\/{rel}","templated":true}]}}