{"id":5390,"date":"2015-05-06T22:16:18","date_gmt":"2015-05-07T01:16:18","guid":{"rendered":"http:\/\/www.manuelrojas.cl\/?page_id=5390"},"modified":"2024-12-04T19:02:35","modified_gmt":"2024-12-04T19:02:35","slug":"obras-escogidas","status":"publish","type":"page","link":"https:\/\/manuelrojas.cl\/index.php\/obras-escogidas\/","title":{"rendered":"Obras escogidas"},"content":{"rendered":"<p>[et_pb_section fb_built=&#8221;1&#8243; _builder_version=&#8221;4.17.4&#8243; _module_preset=&#8221;default&#8221; background_color=&#8221;RGBA(255,255,255,0)&#8221; custom_margin=&#8221;0px||0px||false|false&#8221; custom_padding=&#8221;0px||0px||false|false&#8221; global_colors_info=&#8221;{}&#8221;][et_pb_row _builder_version=&#8221;4.17.4&#8243; _module_preset=&#8221;default&#8221; background_color=&#8221;#FFFFFF&#8221; max_width=&#8221;1277px&#8221; custom_margin=&#8221;0px||0px||false|false&#8221; custom_padding=&#8221;0px||0px||false|false&#8221; global_colors_info=&#8221;{}&#8221;][et_pb_column type=&#8221;4_4&#8243; _builder_version=&#8221;4.17.4&#8243; _module_preset=&#8221;default&#8221; global_colors_info=&#8221;{}&#8221;][et_pb_text _builder_version=&#8221;4.17.4&#8243; _module_preset=&#8221;default&#8221; text_font=&#8221;Alegreya||||||||&#8221; header_3_font=&#8221;Alegreya|600|||||||&#8221; header_3_text_color=&#8221;#005B84&#8243; custom_margin=&#8221;|20px|5px||false|false&#8221; custom_padding=&#8221;20px|20px|||false|false&#8221; hover_enabled=&#8221;0&#8243; border_width_bottom=&#8221;1px&#8221; border_color_bottom=&#8221;#cccccc&#8221; border_style_bottom=&#8221;dotted&#8221; border_width_left=&#8221;3px&#8221; border_color_left=&#8221;#005B84&#8243; global_colors_info=&#8221;{}&#8221; sticky_enabled=&#8221;0&#8243;]<\/p>\n<h3>\u00a0 <span style=\"color: rgba(53, 53, 53, 0.63);\">Obra \/<\/span> <a href=\"https:\/\/manuelrojas.cl\/index.php\/compilaciones\/\">Compilaciones<\/a> \/ Obras escogidas<\/h3>\n<p>[\/et_pb_text][\/et_pb_column][\/et_pb_row][et_pb_row column_structure=&#8221;2_5,3_5&#8243; _builder_version=&#8221;4.17.4&#8243; _module_preset=&#8221;default&#8221; background_color=&#8221;#FFFFFF&#8221; background_image=&#8221;https:\/\/manuelrojas.cl\/wp-content\/uploads\/2023\/05\/com-spliter.png&#8221; background_size=&#8221;initial&#8221; background_repeat=&#8221;repeat&#8221; custom_padding=&#8221;|30px||30px|false|false&#8221; hover_enabled=&#8221;0&#8243; global_colors_info=&#8221;{}&#8221; width_last_edited=&#8221;on|phone&#8221; sticky_enabled=&#8221;0&#8243; width_phone=&#8221;90%&#8221; max_width_last_edited=&#8221;on|phone&#8221; max_width_phone=&#8221;1258px&#8221;][et_pb_column type=&#8221;2_5&#8243; _builder_version=&#8221;4.17.4&#8243; _module_preset=&#8221;default&#8221; global_colors_info=&#8221;{}&#8221;][et_pb_image src=&#8221;https:\/\/manuelrojas.cl\/wp-content\/uploads\/2023\/07\/manuelrojasobrasescogidas_11.jpg&#8221; title_text=&#8221;manuelrojasobrasescogidas_11&#8243; align=&#8221;center&#8221; _builder_version=&#8221;4.17.4&#8243; _module_preset=&#8221;default&#8221; height=&#8221;500px&#8221; max_height=&#8221;500px&#8221; hover_enabled=&#8221;0&#8243; border_radii=&#8221;on|3px|3px|3px|3px&#8221; border_width_all=&#8221;1px&#8221; border_color_all=&#8221;RGBA(48,48,48,0.77)&#8221; box_shadow_style=&#8221;preset1&#8243; box_shadow_blur=&#8221;5px&#8221; global_colors_info=&#8221;{}&#8221; height_last_edited=&#8221;on|phone&#8221; sticky_enabled=&#8221;0&#8243; max_height_last_edited=&#8221;on|phone&#8221; height_tablet=&#8221;500px&#8221; height_phone=&#8221;500px&#8221; max_height_tablet=&#8221;500px&#8221; max_height_phone=&#8221;500px&#8221;][\/et_pb_image][et_pb_image src=&#8221;https:\/\/manuelrojas.cl\/wp-content\/uploads\/2023\/07\/manuelrojasobrasescogidas_2.jpg&#8221; title_text=&#8221;manuelrojasobrasescogidas_2&#8243; align=&#8221;center&#8221; _builder_version=&#8221;4.17.4&#8243; _module_preset=&#8221;default&#8221; height=&#8221;500px&#8221; max_height=&#8221;500px&#8221; hover_enabled=&#8221;0&#8243; border_radii=&#8221;on|3px|3px|3px|3px&#8221; border_width_all=&#8221;1px&#8221; border_color_all=&#8221;RGBA(48,48,48,0.77)&#8221; box_shadow_style=&#8221;preset1&#8243; box_shadow_blur=&#8221;5px&#8221; global_colors_info=&#8221;{}&#8221; height_last_edited=&#8221;on|phone&#8221; sticky_enabled=&#8221;0&#8243; max_height_last_edited=&#8221;on|phone&#8221; height_tablet=&#8221;500px&#8221; height_phone=&#8221;500px&#8221; max_height_tablet=&#8221;500px&#8221; max_height_phone=&#8221;500px&#8221;][\/et_pb_image][\/et_pb_column][et_pb_column type=&#8221;3_5&#8243; _builder_version=&#8221;4.17.4&#8243; _module_preset=&#8221;default&#8221; global_colors_info=&#8221;{}&#8221;][et_pb_text _builder_version=&#8221;4.17.4&#8243; _module_preset=&#8221;default&#8221; text_font=&#8221;Alegreya||||||||&#8221; text_font_size=&#8221;18px&#8221; text_line_height=&#8221;1.8em&#8221; background_color=&#8221;#FFFFFF&#8221; width_tablet=&#8221;&#8221; width_phone=&#8221;&#8221; width_last_edited=&#8221;on|phone&#8221; max_width_tablet=&#8221;&#8221; max_width_phone=&#8221;&#8221; max_width_last_edited=&#8221;on|phone&#8221; custom_padding=&#8221;10px|10px|10px|10px|false|false&#8221; hover_enabled=&#8221;0&#8243; text_font_tablet=&#8221;Alegreya||||||||&#8221; text_font_phone=&#8221;Alegreya||||||||&#8221; text_font_last_edited=&#8221;off|desktop&#8221; text_font_size_tablet=&#8221;17px&#8221; text_font_size_phone=&#8221;10px&#8221; text_font_size_last_edited=&#8221;on|phone&#8221; border_radii=&#8221;on|1px|1px|1px|1px&#8221; border_width_all=&#8221;1px&#8221; border_color_all=&#8221;RGBA(0,91,132,0.8)&#8221; border_style_all=&#8221;dotted&#8221; global_colors_info=&#8221;{}&#8221; sticky_enabled=&#8221;0&#8243;]<\/p>\n<div class=\"content clearfix\">\n<div class=\"content clearfix\">\n<p><strong>Primera edici\u00f3n:<\/strong> Editorial Zig-Zag &#8211; Santiago de Chile 1969<br \/><strong>\u00daltima edici\u00f3n:<\/strong> Editorial Zig-Zag &#8211; Santiago de Chile, 1974<\/p>\n<h2>Rese\u00f1a<\/h2>\n<p class=\"dropcap\" style=\"text-align: justify;\">Las <strong>Obras escogidas<\/strong> de Manuel Rojas, editadas en dos vol\u00famenes, ampl\u00eda el repertorio de obras que se hab\u00edan incluido en la anterior compilaci\u00f3n titulada <strong><a title=\"Compilaciones - Obras completas\" href=\"https:\/\/manuelrojas.cl\/index.php\/obras-completas\/\" target=\"_blank\" rel=\"noopener\">Obras completas<\/a><\/strong>, agregando la novela <strong><a title=\"Novelas - Sombras contra el muro\" href=\"https:\/\/manuelrojas.cl\/index.php\/sombras-contra-el-muro\/\" target=\"_blank\" rel=\"noopener\">Sombras contra el muro<\/a><\/strong>, la tercera de su tetralog\u00eda protagonizada por <i>Aniceto Hevia<\/i>, y el libro <strong><a title=\"Viajes - Pas\u00e9 por M\u00e9xico un d\u00eda\" href=\"https:\/\/manuelrojas.cl\/index.php\/pase-por-mexico-un-dia\/\" target=\"_blank\" rel=\"noopener\">Pas\u00e9 por M\u00e9xico un d\u00eda<\/a><\/strong> que relata sus experiencias e impresiones de ese pa\u00eds.<\/p>\n<hr \/>\n<p style=\"text-align: justify;\">El <strong>Volumen 1<\/strong> de las <strong>Obras escogidas<\/strong> contiene:<br \/>\u2013 Ensayos: <i><strong><a title=\"El \u00e1rbol siempre verde - Algo sobre mi experiencia literaria\" href=\"https:\/\/manuelrojas.cl\/wp-content\/uploads\/2023\/07\/Manuel-Rojas-Algo-sobre-mi-experiencia-literaria.pdf\" target=\"_blank\" rel=\"noopener noreferrer\">Algo sobre mi experiencia literaria<\/a><\/strong><\/i> y <strong><i>Chile, pa\u00eds vivido<\/i><\/strong>.<br \/>\u2013 Poes\u00edas: <strong><i>Gusano<\/i><\/strong>; <strong><i>Angelus<\/i><\/strong>; <strong><i>ABS<\/i><\/strong>; <strong><i>Plaza de juegos<\/i><\/strong>; <strong><i>Matilde Caffarena<\/i><\/strong>; <strong><i>Tonada del transe\u00fante<\/i><\/strong>; <strong><i>Poemas de la ma\u00f1ana<\/i><\/strong> y <strong><i>Deshecha rosa<\/i><\/strong>.<br \/>\u2013 Cuentos: <strong><i>Una carabina y una cotorra<\/i><\/strong>; <strong><i>Bandidos en los caminos<\/i><\/strong>; <strong><i>Oro en el sur<\/i><\/strong>; <strong><i>La aventura de Mr. Jaiva<\/i><\/strong>; <strong><i>Pancho Rojas<\/i><\/strong>; <strong><i>Pedro, el Pequenero<\/i><\/strong>; <strong><i>El fantasma del patio<\/i><\/strong>; <strong><i>El rancho en la monta\u00f1a<\/i><\/strong>; <strong><i>Mares libres<\/i><\/strong>; <strong><i>Historia de hospital<\/i><\/strong>; <strong><i>Poco sueldo<\/i><\/strong>; <strong><i>Laguna<\/i><\/strong>; <strong><i>El delincuente<\/i><\/strong>; <strong><i>El vaso de leche<\/i><\/strong>; <strong><i>Un ladr\u00f3n y su mujer<\/i><\/strong>; <strong><i>El colocolo<\/i><\/strong>; <strong><i>Canto y baile<\/i><\/strong>; <strong><i>El hombre de la rosa<\/i><\/strong>; <strong><i>El bonete maulino<\/i><\/strong>; <strong><i>El le\u00f3n y el hombre<\/i><\/strong>; <strong><i>La suerte de Cucho Vial<\/i><\/strong> y <strong><i>Un esp\u00edritu inquieto<\/i><\/strong>.<br \/>\u2013 Novelas: <strong><i>Lanchas en la bah\u00eda<\/i><\/strong>; <strong><i>Im\u00e1genes de infancia<\/i><\/strong> e <strong><i>Hijo de ladr\u00f3n<\/i><\/strong>.<\/p>\n<p style=\"text-align: justify;\">El <strong>Volumen 2<\/strong> de las <strong>Obras escogidas<\/strong>, contiene:<br \/>\u2013 Novelas: <strong><i>Sombras contra el muro<\/i><\/strong>; <strong><i>Mejor que el vino<\/i><\/strong> y <strong><i>Punta de rieles<\/i><\/strong>.<br \/>\u2013 Viajes: <strong><i>Pas\u00e9 por M\u00e9xico un d\u00eda<\/i><\/strong>.<\/p>\n<p style=\"text-align: justify;\">\u2013 Finalmente se incluye el ensayo biogr\u00e1fico: <i><strong><a title=\"Gonz\u00e1lez Vera: Manuel Rojas\" href=\"https:\/\/manuelrojas.cl\/wp-content\/uploads\/2023\/06\/Nota-de-Gonzalez-Vera-El-bonete-maulino.pdf\" target=\"_blank\" rel=\"noopener noreferrer\">Manuel Rojas<\/a> de Jos\u00e9 Santos Gonz\u00e1lez Vera.<\/strong><\/i><\/p>\n<\/div>\n<\/div>\n<p>[\/et_pb_text][\/et_pb_column][\/et_pb_row][\/et_pb_section]<\/p>\n","protected":false},"excerpt":{"rendered":"<p>\u00a0 Obra \/ Compilaciones \/ Obras escogidas Primera edici\u00f3n: Editorial Zig-Zag &#8211; Santiago de Chile 1969\u00daltima edici\u00f3n: Editorial Zig-Zag &#8211; Santiago de Chile, 1974 Rese\u00f1a Las Obras escogidas de Manuel Rojas, editadas en dos vol\u00famenes, ampl\u00eda el repertorio de obras que se hab\u00edan incluido en la anterior compilaci\u00f3n titulada Obras completas, agregando la novela Sombras [&hellip;]<\/p>\n","protected":false},"author":1,"featured_media":4478,"parent":0,"menu_order":0,"comment_status":"closed","ping_status":"closed","template":"","meta":{"_et_pb_use_builder":"on","_et_pb_old_content":"[tabby title=\"Libro y Rese\u00f1a\"]\n<table class=\"table\">\n<tbody>\n<tr>\n<td style=\"text-align: left; vertical-align: top;\"><a href=\"http:\/\/www.manuelrojas.cl\/obras-escogidas\/manuelrojasobrasescogidas_1-2\/\" rel=\"attachment wp-att-4478\"><img class=\"margin-top: 5px;margin-bottom: 5px;margin-right: 5px;margin-left: 5px; alignleft wp-image-4478\" src=\"http:\/\/www.manuelrojas.cl\/wp-content\/uploads\/manuelrojasobrasescogidas_11.jpg\" alt=\"Obras Escogidas\" width=\"150\" height=\"225\"><\/a><\/td>\n<td style=\"vertical-align: top;\" rowspan=\"2\"><strong>Primera edici\u00f3n:<\/strong> Editorial Zig-Zag - Santiago de Chile 1969\n<strong>\u00daltima edici\u00f3n:<\/strong> Editorial Zig-Zag - Santiago de Chile, 1974\n<h2>Rese\u00f1a<\/h2>\n<p class=\"dropcap\" style=\"text-align: justify;\">Las <strong>Obras escogidas<\/strong> de Manuel Rojas, editadas en dos vol\u00famenes, ampl\u00eda el repertorio de obras que se hab\u00edan incluido en la anterior compilaci\u00f3n titulada <strong><a title=\"Compilaciones - Obras completas\" href=\"http:\/\/www.manuelrojas.cl\/obras-completas\/?lang=es\">Obras completas<\/a><\/strong>, agregando la novela <strong><a title=\"Novelas - Sombras contra el muro\" href=\"http:\/\/www.manuelrojas.cl\/sombras-contra-el-muro\/?lang=es\">Sombras contra el muro<\/a><\/strong>, la tercera de su tetralog\u00eda protagonizada por <i>Aniceto Hevia<\/i>, y el libro <strong><a title=\"Viajes - Pas\u00e9 por M\u00e9xico un d\u00eda\" href=\"http:\/\/www.manuelrojas.cl\/pase-por-mexico-un-dia\/?lang=es\">Pas\u00e9 por M\u00e9xico un d\u00eda<\/a><\/strong> que relata sus experiencias e impresiones de ese pa\u00eds.<\/p>\n\n\n<hr>\n<p style=\"text-align: justify;\">El <strong>Volumen 1<\/strong> de las <strong>Obras escogidas<\/strong> contiene:\n\u2013 Ensayos: <i><strong><a title=\"El \u00e1rbol siempre verde - Algo sobre mi experiencia literaria\" href=\"http:\/\/www.manuelrojas.cl\/wp-content\/uploads\/Manuel-Rojas-Algo-sobre-mi-experiencia-literaria.pdf\" target=\"_blank\" rel=\"noopener noreferrer\">Algo sobre mi experiencia literaria<\/a><\/strong><\/i> y <strong><i>Chile, pa\u00eds vivido<\/i><\/strong>.\n\u2013 Poes\u00edas: <strong><i>Gusano<\/i><\/strong>; <strong><i>Angelus<\/i><\/strong>; <strong><i>ABS<\/i><\/strong>; <strong><i>Plaza de juegos<\/i><\/strong>; <strong><i>Matilde Caffarena<\/i><\/strong>; <strong><i>Tonada del transe\u00fante<\/i><\/strong>; <strong><i>Poemas de la ma\u00f1ana<\/i><\/strong> y <strong><i>Deshecha rosa<\/i><\/strong>.\n\u2013 Cuentos: <strong><i>Una carabina y una cotorra<\/i><\/strong>; <strong><i>Bandidos en los caminos<\/i><\/strong>; <strong><i>Oro en el sur<\/i><\/strong>; <strong><i>La aventura de Mr. Jaiva<\/i><\/strong>; <strong><i>Pancho Rojas<\/i><\/strong>; <strong><i>Pedro, el Pequenero<\/i><\/strong>; <strong><i>El fantasma del patio<\/i><\/strong>; <strong><i>El rancho en la monta\u00f1a<\/i><\/strong>; <strong><i>Mares libres<\/i><\/strong>; <strong><i>Historia de hospital<\/i><\/strong>; <strong><i>Poco sueldo<\/i><\/strong>; <strong><i>Laguna<\/i><\/strong>; <strong><i>El delincuente<\/i><\/strong>; <strong><i>El vaso de leche<\/i><\/strong>; <strong><i>Un ladr\u00f3n y su mujer<\/i><\/strong>; <strong><i>El colocolo<\/i><\/strong>; <strong><i>Canto y baile<\/i><\/strong>; <strong><i>El hombre de la rosa<\/i><\/strong>; <strong><i>El bonete maulino<\/i><\/strong>; <strong><i>El le\u00f3n y el hombre<\/i><\/strong>; <strong><i>La suerte de Cucho Vial<\/i><\/strong> y <strong><i>Un esp\u00edritu inquieto<\/i><\/strong>.\n\u2013 Novelas: <strong><i>Lanchas en la bah\u00eda<\/i><\/strong>; <strong><i>Im\u00e1genes de infancia<\/i><\/strong> e <strong><i>Hijo de ladr\u00f3n<\/i><\/strong>.<\/p>\n<p style=\"text-align: justify;\">El <strong>Volumen 2<\/strong> de las <strong>Obras escogidas<\/strong>, contiene:\n\u2013 Novelas: <strong><i>Sombras contra el muro<\/i><\/strong>; <strong><i>Mejor que el vino<\/i><\/strong> y <strong><i>Punta de rieles<\/i><\/strong>.\n\u2013 Viajes: <strong><i>Pas\u00e9 por M\u00e9xico un d\u00eda<\/i><\/strong>.<\/p>\n<p style=\"text-align: justify;\">\u2013 Finalmente se incluye el ensayo biogr\u00e1fico: <i><strong><a title=\"Gonz\u00e1lez Vera: Manuel Rojas\" href=\"http:\/\/www.manuelrojas.cl\/wp-content\/uploads\/Nota-de-Gonzalez-Vera-El-bonete-maulino.pdf\" target=\"_blank\" rel=\"noopener noreferrer\">Manuel Rojas<\/a> de Jos\u00e9 Santos Gonz\u00e1lez Vera.<\/strong><\/i><\/p>\n<\/td>\n<\/tr>\n<tr>\n<td style=\"text-align: left; vertical-align: top;\">&nbsp;<a href=\"http:\/\/www.manuelrojas.cl\/obras-escogidas\/manuelrojasobrasescogidas_2\/\" rel=\"attachment wp-att-5393\"><img class=\"margin-top: 5px;margin-bottom: 5px;margin-right: 5px;margin-left: 5px; wp-image-5393 alignleft\" src=\"http:\/\/www.manuelrojas.cl\/wp-content\/uploads\/manuelrojasobrasescogidas_2.jpg\" alt=\"Obras Escogidas\" width=\"150\" height=\"225\"><\/a><\/td>\n<\/tr>\n<\/tbody>\n<\/table>\n[tabbyending]","_et_gb_content_width":"","footnotes":""},"class_list":["post-5390","page","type-page","status-publish","has-post-thumbnail","hentry"],"_links":{"self":[{"href":"https:\/\/manuelrojas.cl\/index.php\/wp-json\/wp\/v2\/pages\/5390","targetHints":{"allow":["GET"]}}],"collection":[{"href":"https:\/\/manuelrojas.cl\/index.php\/wp-json\/wp\/v2\/pages"}],"about":[{"href":"https:\/\/manuelrojas.cl\/index.php\/wp-json\/wp\/v2\/types\/page"}],"author":[{"embeddable":true,"href":"https:\/\/manuelrojas.cl\/index.php\/wp-json\/wp\/v2\/users\/1"}],"replies":[{"embeddable":true,"href":"https:\/\/manuelrojas.cl\/index.php\/wp-json\/wp\/v2\/comments?post=5390"}],"version-history":[{"count":6,"href":"https:\/\/manuelrojas.cl\/index.php\/wp-json\/wp\/v2\/pages\/5390\/revisions"}],"predecessor-version":[{"id":11771,"href":"https:\/\/manuelrojas.cl\/index.php\/wp-json\/wp\/v2\/pages\/5390\/revisions\/11771"}],"wp:featuredmedia":[{"embeddable":true,"href":"https:\/\/manuelrojas.cl\/index.php\/wp-json\/"}],"wp:attachment":[{"href":"https:\/\/manuelrojas.cl\/index.php\/wp-json\/wp\/v2\/media?parent=5390"}],"curies":[{"name":"wp","href":"https:\/\/api.w.org\/{rel}","templated":true}]}}