{"id":5395,"date":"2015-05-06T22:20:22","date_gmt":"2015-05-07T01:20:22","guid":{"rendered":"http:\/\/www.manuelrojas.cl\/?page_id=5395"},"modified":"2024-12-04T19:06:41","modified_gmt":"2024-12-04T19:06:41","slug":"obras_libro","status":"publish","type":"page","link":"https:\/\/manuelrojas.cl\/index.php\/obras_libro\/","title":{"rendered":"Obras"},"content":{"rendered":"<p>[et_pb_section fb_built=&#8221;1&#8243; _builder_version=&#8221;4.17.4&#8243; _module_preset=&#8221;default&#8221; background_color=&#8221;RGBA(255,255,255,0)&#8221; custom_margin=&#8221;0px||0px||false|false&#8221; custom_padding=&#8221;0px||0px||false|false&#8221; global_colors_info=&#8221;{}&#8221;][et_pb_row _builder_version=&#8221;4.17.4&#8243; _module_preset=&#8221;default&#8221; background_color=&#8221;#FFFFFF&#8221; max_width=&#8221;1277px&#8221; custom_margin=&#8221;0px||0px||false|false&#8221; custom_padding=&#8221;0px||0px||false|false&#8221; global_colors_info=&#8221;{}&#8221;][et_pb_column type=&#8221;4_4&#8243; _builder_version=&#8221;4.17.4&#8243; _module_preset=&#8221;default&#8221; global_colors_info=&#8221;{}&#8221;][et_pb_text _builder_version=&#8221;4.17.4&#8243; _module_preset=&#8221;default&#8221; text_font=&#8221;Alegreya||||||||&#8221; header_3_font=&#8221;Alegreya|600|||||||&#8221; header_3_text_color=&#8221;#005B84&#8243; custom_margin=&#8221;|20px|5px||false|false&#8221; custom_padding=&#8221;20px|20px|||false|false&#8221; hover_enabled=&#8221;0&#8243; border_width_bottom=&#8221;1px&#8221; border_color_bottom=&#8221;#cccccc&#8221; border_style_bottom=&#8221;dotted&#8221; border_width_left=&#8221;3px&#8221; border_color_left=&#8221;#005B84&#8243; global_colors_info=&#8221;{}&#8221; sticky_enabled=&#8221;0&#8243;]<\/p>\n<h3>\u00a0 <span style=\"color: rgba(53, 53, 53, 0.63);\">Obra \/<\/span> <a href=\"https:\/\/manuelrojas.cl\/index.php\/compilaciones\/\">Compilaciones<\/a> \/ Obras<\/h3>\n<p>[\/et_pb_text][\/et_pb_column][\/et_pb_row][et_pb_row column_structure=&#8221;2_5,3_5&#8243; _builder_version=&#8221;4.17.4&#8243; _module_preset=&#8221;default&#8221; background_color=&#8221;#FFFFFF&#8221; background_image=&#8221;https:\/\/manuelrojas.cl\/wp-content\/uploads\/2023\/05\/com-spliter.png&#8221; background_size=&#8221;initial&#8221; background_repeat=&#8221;repeat&#8221; custom_padding=&#8221;|30px||30px|false|false&#8221; hover_enabled=&#8221;0&#8243; global_colors_info=&#8221;{}&#8221; width_last_edited=&#8221;on|phone&#8221; max_width_last_edited=&#8221;on|desktop&#8221; sticky_enabled=&#8221;0&#8243; width_phone=&#8221;90%&#8221; max_width_phone=&#8221;1258px&#8221;][et_pb_column type=&#8221;2_5&#8243; _builder_version=&#8221;4.17.4&#8243; _module_preset=&#8221;default&#8221; global_colors_info=&#8221;{}&#8221;][et_pb_image src=&#8221;https:\/\/manuelrojas.cl\/wp-content\/uploads\/2023\/07\/manuelrojasobras63.jpg&#8221; title_text=&#8221;manuelrojasobras63&#8243; align=&#8221;center&#8221; _builder_version=&#8221;4.17.4&#8243; _module_preset=&#8221;default&#8221; height=&#8221;500px&#8221; max_height=&#8221;500px&#8221; hover_enabled=&#8221;0&#8243; border_radii=&#8221;on|3px|3px|3px|3px&#8221; border_width_all=&#8221;1px&#8221; border_color_all=&#8221;RGBA(48,48,48,0.77)&#8221; box_shadow_style=&#8221;preset1&#8243; box_shadow_blur=&#8221;5px&#8221; global_colors_info=&#8221;{}&#8221; height_last_edited=&#8221;on|phone&#8221; sticky_enabled=&#8221;0&#8243; max_height_last_edited=&#8221;on|phone&#8221; height_tablet=&#8221;500px&#8221; height_phone=&#8221;500px&#8221; max_height_tablet=&#8221;500px&#8221; max_height_phone=&#8221;500px&#8221;][\/et_pb_image][\/et_pb_column][et_pb_column type=&#8221;3_5&#8243; _builder_version=&#8221;4.17.4&#8243; _module_preset=&#8221;default&#8221; global_colors_info=&#8221;{}&#8221;][et_pb_text _builder_version=&#8221;4.17.4&#8243; _module_preset=&#8221;default&#8221; text_font=&#8221;Alegreya||||||||&#8221; text_font_size=&#8221;18px&#8221; text_line_height=&#8221;1.8em&#8221; background_color=&#8221;#FFFFFF&#8221; width_tablet=&#8221;&#8221; width_phone=&#8221;&#8221; width_last_edited=&#8221;on|phone&#8221; max_width_tablet=&#8221;&#8221; max_width_phone=&#8221;&#8221; max_width_last_edited=&#8221;on|phone&#8221; custom_padding=&#8221;10px|10px|10px|10px|false|false&#8221; hover_enabled=&#8221;0&#8243; text_font_tablet=&#8221;Alegreya||||||||&#8221; text_font_phone=&#8221;Alegreya||||||||&#8221; text_font_last_edited=&#8221;off|desktop&#8221; text_font_size_tablet=&#8221;17px&#8221; text_font_size_phone=&#8221;10px&#8221; text_font_size_last_edited=&#8221;on|phone&#8221; border_radii=&#8221;on|1px|1px|1px|1px&#8221; border_width_all=&#8221;1px&#8221; border_color_all=&#8221;RGBA(0,91,132,0.8)&#8221; border_style_all=&#8221;dotted&#8221; global_colors_info=&#8221;{}&#8221; sticky_enabled=&#8221;0&#8243;]<\/p>\n<div class=\"content clearfix\">\n<div class=\"content clearfix\">\n<p><strong>Primera edici\u00f3n:<\/strong> Aguilar, Madrid &#8211; Espa\u00f1a, 1973<\/p>\n<p style=\"text-align: justify;\"><a title=\"Jorge Campos: Pr\u00f3logo\" href=\"https:\/\/manuelrojas.cl\/wp-content\/uploads\/2023\/07\/Prologo-Jorge-Campos-Obras.pdf\" target=\"_blank\" rel=\"noopener noreferrer\">Acceda al Pr\u00f3logo de Jorge Campos: Obras<\/a><\/p>\n<h2>Rese\u00f1a<\/h2>\n<p class=\"dropcap\" style=\"text-align: justify;\">La compilacion <strong>Obras<\/strong> representa, hasta ahora, el \u00faltimo esfuerzo editorial por reunir parte de la obra de Manuel Rojas y donde el propio autor particip\u00f3 con especial inter\u00e9s buscando incorporar sus libros al mundo editorial espa\u00f1ol. Esta edici\u00f3n pretend\u00eda ser el antecedente que le permitiera publicar en Espa\u00f1a, en forma reunida y unitaria, su tetralog\u00eda novel\u00edstica, protagonizada por <i>Aniceto Hevia<\/i>, su alter ego literario. Sin embargo, este prop\u00f3sito no se concret\u00f3 ya que Manuel Rojas fallece a comienzos de 1973, hecho que le impidi\u00f3 incluso llegar a conocer esta esmerada edici\u00f3n, como bien queda consignado en la p\u00e1gina final del pr\u00f3logo.<\/p>\n<p style=\"text-align: justify;\"><strong>Obras<\/strong> es la \u00fanica compilaci\u00f3n que cuenta con una introducci\u00f3n, donde su autor, el escritor espa\u00f1ol Jorge Campos, presenta equilibradamente la vida y la producci\u00f3n literaria de Manuel Rojas cuya obra \u2013como afirma Campos\u2013 <i>\u00abposee absoluta coherencia y, al mismo tiempo, es inseparable del hombre que la ha creado. Con todo rigor puede hablarse de un mundo\u2026 al que ha dado existencia literaria y que corresponde al que ha vivido o, dicho de otro modo, de un narrador que antes de escribir se ha vuelto hacia adentro de s\u00ed mismo y ha encontrado en sus experiencias y recuerdos lo que \u00e9l mismo se exig\u00eda como materia novelable\u00bb.<\/i><\/p>\n<hr \/>\n<p style=\"text-align: justify;\"><strong>Obras<\/strong> contiene:<br \/>\u2013 Ensayos: <i><strong><a title=\"El \u00e1rbol siempre verde - Algo sobre mi experiencia literaria\" href=\"https:\/\/manuelrojas.cl\/wp-content\/uploads\/2023\/07\/Manuel-Rojas-Algo-sobre-mi-experiencia-literaria.pdf\" target=\"_blank\" rel=\"noopener noreferrer\">Algo sobre mi experiencia literaria<\/a><\/strong><\/i> y <strong><i>Chile, pa\u00eds vivido<\/i><\/strong>.<br \/>\u2013 Cuentos: <strong><i>Laguna<\/i><\/strong>; <strong><i>El bonete maulino<\/i><\/strong>; <strong><i>El delincuente<\/i><\/strong>; <strong><i>El colocolo<\/i><\/strong>; <strong><i>Pedro, el Pequenero<\/i><\/strong>; <strong><i>El fantasma del patio<\/i><\/strong>; <strong><i>El vaso de leche<\/i><\/strong>; <strong><i>Historia de hospital<\/i><\/strong>; <strong><i>Un ladr\u00f3n y su mujer<\/i><\/strong>; <strong><i>Canto y baile<\/i><\/strong>; <strong><i>El hombre de la rosa<\/i><\/strong>; <strong><i>El le\u00f3n y el hombre<\/i><\/strong>; <strong><i>Poco sueldo<\/i><\/strong>; <strong><i>Mares libres<\/i><\/strong>; <strong><i>Oro en el sur<\/i><\/strong>; <strong><i>Pancho Rojas<\/i><\/strong> y <strong><i>Una carabina y una cotorra<\/i><\/strong>.<br \/>\u2013 Novelas: <strong><i>La ciudad de los C\u00e9sares<\/i><\/strong>; <strong><i>Lanchas en la bah\u00eda<\/i><\/strong>; <strong><i>Hijo de ladr\u00f3n<\/i><\/strong> y <strong><i>Sombras contra el muro<\/i><\/strong>.<\/p>\n<\/div>\n<\/div>\n<p>[\/et_pb_text][\/et_pb_column][\/et_pb_row][\/et_pb_section]<\/p>\n","protected":false},"excerpt":{"rendered":"<p>\u00a0 Obra \/ Compilaciones \/ Obras Primera edici\u00f3n: Aguilar, Madrid &#8211; Espa\u00f1a, 1973 Acceda al Pr\u00f3logo de Jorge Campos: Obras Rese\u00f1a La compilacion Obras representa, hasta ahora, el \u00faltimo esfuerzo editorial por reunir parte de la obra de Manuel Rojas y donde el propio autor particip\u00f3 con especial inter\u00e9s buscando incorporar sus libros al mundo [&hellip;]<\/p>\n","protected":false},"author":1,"featured_media":4480,"parent":0,"menu_order":0,"comment_status":"closed","ping_status":"closed","template":"","meta":{"_et_pb_use_builder":"on","_et_pb_old_content":"[tabby title=\"Libro y Rese\u00f1a\"]\n<table class=\"table\">\n<tbody>\n<tr>\n<td style=\"text-align: left; vertical-align: top;\"><a href=\"http:\/\/www.manuelrojas.cl\/wp-content\/uploads\/manuelrojasobras63.jpg\" rel=\"attachment wp-att-4480\"><img class=\"margin-top: 5px;margin-bottom: 5px;margin-right: 5px;margin-left: 5px; alignleft wp-image-4480\" src=\"http:\/\/www.manuelrojas.cl\/wp-content\/uploads\/manuelrojasobras63.jpg\" alt=\"Obras\" width=\"150\" height=\"225\" \/><\/a><\/td>\n<td style=\"vertical-align: top;\" rowspan=\"2\"><strong>Primera edici\u00f3n:<\/strong> Aguilar, Madrid - Espa\u00f1a, 1973\n\n<p style=\"text-align: justify;\"><a title=\"Jorge Campos: Pr\u00f3logo\" href=\"http:\/\/www.manuelrojas.cl\/wp-content\/uploads\/Prologo-Jorge-Campos-Obras.pdf\" target=\"_blank\" rel=\"noopener noreferrer\">Acceda al Pr\u00f3logo de Jorge Campos: Obras<\/a><\/p>\n<h2>Rese\u00f1a<\/h2>\n<p class=\"dropcap\" style=\"text-align: justify;\">La compilacion <strong>Obras<\/strong> representa, hasta ahora, el \u00faltimo esfuerzo editorial por reunir parte de la obra de Manuel Rojas y donde el propio autor particip\u00f3 con especial inter\u00e9s buscando incorporar sus libros al mundo editorial espa\u00f1ol. Esta edici\u00f3n pretend\u00eda ser el antecedente que le permitiera publicar en Espa\u00f1a, en forma reunida y unitaria, su tetralog\u00eda novel\u00edstica, protagonizada por <i>Aniceto Hevia<\/i>, su alter ego literario. Sin embargo, este prop\u00f3sito no se concret\u00f3 ya que Manuel Rojas fallece a comienzos de 1973, hecho que le impidi\u00f3 incluso llegar a conocer esta esmerada edici\u00f3n, como bien queda consignado en la p\u00e1gina final del pr\u00f3logo.<\/p>\n<p style=\"text-align: justify;\"><strong>Obras<\/strong> es la \u00fanica compilaci\u00f3n que cuenta con una introducci\u00f3n, donde su autor, el escritor espa\u00f1ol Jorge Campos, presenta equilibradamente la vida y la producci\u00f3n literaria de Manuel Rojas cuya obra \u2013como afirma Campos\u2013 <i>\u00abposee absoluta coherencia y, al mismo tiempo, es inseparable del hombre que la ha creado. Con todo rigor puede hablarse de un mundo\u2026 al que ha dado existencia literaria y que corresponde al que ha vivido o, dicho de otro modo, de un narrador que antes de escribir se ha vuelto hacia adentro de s\u00ed mismo y ha encontrado en sus experiencias y recuerdos lo que \u00e9l mismo se exig\u00eda como materia novelable\u00bb.<\/i><\/p>\n\n\n<hr \/>\n<p style=\"text-align: justify;\"><strong>Obras<\/strong> contiene:\n\u2013 Ensayos: <i><strong><a title=\"El \u00e1rbol siempre verde - Algo sobre mi experiencia literaria\" href=\"http:\/\/www.manuelrojas.cl\/wp-content\/uploads\/Manuel-Rojas-Algo-sobre-mi-experiencia-literaria.pdf\" target=\"_blank\" rel=\"noopener noreferrer\">Algo sobre mi experiencia literaria<\/a><\/strong><\/i> y <strong><i>Chile, pa\u00eds vivido<\/i><\/strong>.\n\u2013 Cuentos: <strong><i>Laguna<\/i><\/strong>; <strong><i>El bonete maulino<\/i><\/strong>; <strong><i>El delincuente<\/i><\/strong>; <strong><i>El colocolo<\/i><\/strong>; <strong><i>Pedro, el Pequenero<\/i><\/strong>; <strong><i>El fantasma del patio<\/i><\/strong>; <strong><i>El vaso de leche<\/i><\/strong>; <strong><i>Historia de hospital<\/i><\/strong>; <strong><i>Un ladr\u00f3n y su mujer<\/i><\/strong>; <strong><i>Canto y baile<\/i><\/strong>; <strong><i>El hombre de la rosa<\/i><\/strong>; <strong><i>El le\u00f3n y el hombre<\/i><\/strong>; <strong><i>Poco sueldo<\/i><\/strong>; <strong><i>Mares libres<\/i><\/strong>; <strong><i>Oro en el sur<\/i><\/strong>; <strong><i>Pancho Rojas<\/i><\/strong> y <strong><i>Una carabina y una cotorra<\/i><\/strong>.\n\u2013 Novelas: <strong><i>La ciudad de los C\u00e9sares<\/i><\/strong>; <strong><i>Lanchas en la bah\u00eda<\/i><\/strong>; <strong><i>Hijo de ladr\u00f3n<\/i><\/strong> y <strong><i>Sombras contra el muro<\/i><\/strong>.<\/p>\n<\/td>\n<\/tr>\n<tr>\n<td style=\"text-align: left; vertical-align: top;\"><\/td>\n<\/tr>\n<\/tbody>\n<\/table>\n[tabbyending]","_et_gb_content_width":"","footnotes":""},"class_list":["post-5395","page","type-page","status-publish","has-post-thumbnail","hentry"],"_links":{"self":[{"href":"https:\/\/manuelrojas.cl\/index.php\/wp-json\/wp\/v2\/pages\/5395","targetHints":{"allow":["GET"]}}],"collection":[{"href":"https:\/\/manuelrojas.cl\/index.php\/wp-json\/wp\/v2\/pages"}],"about":[{"href":"https:\/\/manuelrojas.cl\/index.php\/wp-json\/wp\/v2\/types\/page"}],"author":[{"embeddable":true,"href":"https:\/\/manuelrojas.cl\/index.php\/wp-json\/wp\/v2\/users\/1"}],"replies":[{"embeddable":true,"href":"https:\/\/manuelrojas.cl\/index.php\/wp-json\/wp\/v2\/comments?post=5395"}],"version-history":[{"count":4,"href":"https:\/\/manuelrojas.cl\/index.php\/wp-json\/wp\/v2\/pages\/5395\/revisions"}],"predecessor-version":[{"id":11773,"href":"https:\/\/manuelrojas.cl\/index.php\/wp-json\/wp\/v2\/pages\/5395\/revisions\/11773"}],"wp:featuredmedia":[{"embeddable":true,"href":"https:\/\/manuelrojas.cl\/index.php\/wp-json\/"}],"wp:attachment":[{"href":"https:\/\/manuelrojas.cl\/index.php\/wp-json\/wp\/v2\/media?parent=5395"}],"curies":[{"name":"wp","href":"https:\/\/api.w.org\/{rel}","templated":true}]}}