{"id":6998,"date":"2019-12-19T15:51:57","date_gmt":"2019-12-19T15:51:57","guid":{"rendered":"http:\/\/www.manuelrojas.cl\/?page_id=6998"},"modified":"2024-12-01T22:37:09","modified_gmt":"2024-12-01T22:37:09","slug":"tiempo-irremediable","status":"publish","type":"page","link":"https:\/\/manuelrojas.cl\/index.php\/tiempo-irremediable\/","title":{"rendered":"Tiempo irremediable"},"content":{"rendered":"<p>[et_pb_section fb_built=&#8221;1&#8243; _builder_version=&#8221;4.17.4&#8243; _module_preset=&#8221;default&#8221; background_color=&#8221;RGBA(255,255,255,0)&#8221; custom_margin=&#8221;0px||0px||false|false&#8221; custom_padding=&#8221;0px||0px||false|false&#8221; global_colors_info=&#8221;{}&#8221;][et_pb_row _builder_version=&#8221;4.17.4&#8243; _module_preset=&#8221;default&#8221; background_color=&#8221;#FFFFFF&#8221; max_width=&#8221;1277px&#8221; custom_margin=&#8221;0px||0px||false|false&#8221; custom_padding=&#8221;0px||0px||false|false&#8221; global_colors_info=&#8221;{}&#8221;][et_pb_column type=&#8221;4_4&#8243; _builder_version=&#8221;4.17.4&#8243; _module_preset=&#8221;default&#8221; global_colors_info=&#8221;{}&#8221;][et_pb_text _builder_version=&#8221;4.17.4&#8243; _module_preset=&#8221;default&#8221; text_font=&#8221;Alegreya||||||||&#8221; header_3_font=&#8221;Alegreya|600|||||||&#8221; header_3_text_color=&#8221;#005B84&#8243; custom_margin=&#8221;|20px|5px||false|false&#8221; custom_padding=&#8221;20px|20px|||false|false&#8221; hover_enabled=&#8221;0&#8243; border_width_bottom=&#8221;1px&#8221; border_color_bottom=&#8221;#cccccc&#8221; border_style_bottom=&#8221;dotted&#8221; border_width_left=&#8221;3px&#8221; border_color_left=&#8221;#005B84&#8243; global_colors_info=&#8221;{}&#8221; sticky_enabled=&#8221;0&#8243;]<\/p>\n<h3>\u00a0 <span style=\"color: rgba(53, 53, 53, 0.63);\">Obra \/<\/span> <a href=\"https:\/\/manuelrojas.cl\/index.php\/novelas\/\">Novelas<\/a> \/ Tiempo irremediable<\/h3>\n<p>[\/et_pb_text][\/et_pb_column][\/et_pb_row][et_pb_row column_structure=&#8221;2_5,3_5&#8243; _builder_version=&#8221;4.17.4&#8243; _module_preset=&#8221;default&#8221; background_color=&#8221;#FFFFFF&#8221; background_image=&#8221;https:\/\/manuelrojas.cl\/wp-content\/uploads\/2023\/05\/com-spliter.png&#8221; background_size=&#8221;initial&#8221; background_repeat=&#8221;repeat&#8221; custom_padding=&#8221;|30px||30px|false|false&#8221; hover_enabled=&#8221;0&#8243; global_colors_info=&#8221;{}&#8221; sticky_enabled=&#8221;0&#8243; width_last_edited=&#8221;on|phone&#8221; max_width_last_edited=&#8221;on|phone&#8221;][et_pb_column type=&#8221;2_5&#8243; _builder_version=&#8221;4.17.4&#8243; _module_preset=&#8221;default&#8221; global_colors_info=&#8221;{}&#8221;][et_pb_image src=&#8221;https:\/\/manuelrojas.cl\/wp-content\/uploads\/2023\/06\/Manuel-Rojas-Tiempo-irremediable-1.jpeg&#8221; title_text=&#8221;Manuel-Rojas-Tiempo-irremediable&#8221; url=&#8221;https:\/\/www.buscalibre.com\/int-es\/libro-tiempo-irremediable\/9789561228030\/p\/46865438&#8243; url_new_window=&#8221;on&#8221; align=&#8221;center&#8221; _builder_version=&#8221;4.17.4&#8243; _module_preset=&#8221;default&#8221; height=&#8221;500px&#8221; max_height=&#8221;500px&#8221; hover_enabled=&#8221;0&#8243; border_radii=&#8221;on|3px|3px|3px|3px&#8221; border_width_all=&#8221;1px&#8221; border_color_all=&#8221;RGBA(48,48,48,0.77)&#8221; box_shadow_style=&#8221;preset1&#8243; box_shadow_blur=&#8221;5px&#8221; global_colors_info=&#8221;{}&#8221; sticky_enabled=&#8221;0&#8243; width_last_edited=&#8221;on|phone&#8221; max_width_last_edited=&#8221;on|phone&#8221; min_height_last_edited=&#8221;on|phone&#8221; height_last_edited=&#8221;on|phone&#8221; max_height_last_edited=&#8221;on|phone&#8221; height_tablet=&#8221;500px&#8221; height_phone=&#8221;500px&#8221; max_height_tablet=&#8221;500px&#8221; max_height_phone=&#8221;500px&#8221;][\/et_pb_image][\/et_pb_column][et_pb_column type=&#8221;3_5&#8243; _builder_version=&#8221;4.17.4&#8243; _module_preset=&#8221;default&#8221; global_colors_info=&#8221;{}&#8221;][et_pb_text _builder_version=&#8221;4.17.4&#8243; _module_preset=&#8221;default&#8221; text_font=&#8221;Alegreya||||||||&#8221; text_font_size=&#8221;18px&#8221; text_line_height=&#8221;1.8em&#8221; background_color=&#8221;#FFFFFF&#8221; width_tablet=&#8221;&#8221; width_phone=&#8221;&#8221; width_last_edited=&#8221;on|phone&#8221; max_width_tablet=&#8221;&#8221; max_width_phone=&#8221;&#8221; max_width_last_edited=&#8221;on|phone&#8221; custom_padding=&#8221;10px|10px|10px|10px|false|false&#8221; hover_enabled=&#8221;0&#8243; text_font_tablet=&#8221;Alegreya||||||||&#8221; text_font_phone=&#8221;Alegreya||||||||&#8221; text_font_last_edited=&#8221;off|desktop&#8221; text_font_size_tablet=&#8221;17px&#8221; text_font_size_phone=&#8221;10px&#8221; text_font_size_last_edited=&#8221;on|phone&#8221; border_radii=&#8221;on|1px|1px|1px|1px&#8221; border_width_all=&#8221;1px&#8221; border_color_all=&#8221;RGBA(0,91,132,0.8)&#8221; border_style_all=&#8221;dotted&#8221; global_colors_info=&#8221;{}&#8221; sticky_enabled=&#8221;0&#8243;]<\/p>\n<div class=\"content clearfix\">\n<div class=\"content clearfix\">\n<p><a href=\"https:\/\/www.buscalibre.com\/int-es\/libro-tiempo-irremediable\/9789561228030\/p\/46865438\" target=\"_blank\" rel=\"noopener\" title=\"Novelas - Tiempo irremediable\"><strong>Primera edici\u00f3n:<\/strong> Editorial Zig-Zag, Santiago de Chile, 2015<\/a><\/p>\n<p style=\"text-align: justify;\"><a title=\"Ignacio \u00c1lvarez: Un pu\u00f1ado de pistas para entrar a Tiempo irremediable\" href=\"https:\/\/manuelrojas.cl\/wp-content\/uploads\/2023\/07\/Prologo-de-Ignacio-Alvarez-Tiempo-irremediable.pdf\" target=\"_blank\" rel=\"noopener noreferrer\">Acceda al pr\u00f3logo: \u00abUn pu\u00f1ado de pistas para entrar a Tiempo irremediable\u00bb<\/a><\/p>\n<h2>Rese\u00f1a<\/h2>\n<p class=\"dropcap\" style=\"text-align: justify;\">&#8220;Este volumen nos ofrece, por fin reunidas, las cuatro novelas que protagoniza Aniceto Hevia, creaci\u00f3n y tambi\u00e9n retrato de Manuel Rojas. La tetralog\u00eda, como hemos llamado por a\u00f1os al conjunto, est\u00e1 formada por <strong><a title=\"Novelas - Hijo de ladr\u00f3n\" href=\"https:\/\/manuelrojas.cl\/index.php\/hijo-de-ladron\/\" target=\"_blank\" rel=\"noopener\">Hijo de ladr\u00f3n<\/a><\/strong> (1951), <strong><a title=\"Novelas - Mejor que el vino\" href=\"https:\/\/manuelrojas.cl\/index.php\/mejor-que-el-vino\/\" target=\"_blank\" rel=\"noopener\">Mejor que el vino<\/a><\/strong> (1958), <strong><a title=\"Novelas - Sombras contra el muro\" href=\"https:\/\/manuelrojas.cl\/index.php\/sombras-contra-el-muro\/\" target=\"_blank\" rel=\"noopener\">Sombras contra el muro<\/a><\/strong> (1964), y <strong><a title=\"Novelas - La oscura vida radiante\" href=\"https:\/\/manuelrojas.cl\/index.php\/la-oscura-vida-radiante\/\" target=\"_blank\" rel=\"noopener\">La oscura vida radiante<\/a><\/strong> (1971). Las nombro siguiendo el orden en que fueron escritas y publicadas, aunque el ordenamiento que sigue cronol\u00f3gicamente la vida de Aniceto debe poner <strong>Mejor que el vino<\/strong> al final, como se hace en esta edici\u00f3n, porque es la que llega hasta m\u00e1s tarde en su biograf\u00eda.<\/p>\n<p style=\"text-align: justify;\">Cuando envi\u00f3 el primero de estos textos al concurso que la Sociedad de Escritores de Chile hab\u00eda abierto en 1950, el t\u00edtulo que Rojas hab\u00eda escogido era <strong>Tiempo irremediable<\/strong>. La novela no gan\u00f3 el premio, pero de todos modos la editorial Nascimento la public\u00f3 al a\u00f1o siguiente. Enrique Espinoza, sugiri\u00f3 el t\u00edtulo que lleva hoy, <strong>Hijo de ladr\u00f3n<\/strong>. Los sentidos que guardaba el nombre original han quedado sumergidos hasta ahora. De hecho, muchos lectores que conocen bien la obra de Manuel Rojas desde hace a\u00f1os murmuran que, si pudiera editarse la tetralog\u00eda en una sola colecci\u00f3n, esa colecci\u00f3n deber\u00eda llamarse <strong>Tiempo irremediable<\/strong>.<\/p>\n<p style=\"text-align: justify;\">Es esto lo que el lector tiene en sus manos. Una apuesta, quiz\u00e1 la mayor apuesta de Manuel Rojas. Cuatro novelas tan importantes para la literatura chilena que es mejor ni siquiera empezar a juntar adjetivos para calificarlas&#8230;&#8221;<\/p>\n<p><i>Extracto del pr\u00f3logo de <strong>Ignacio \u00c1lvarez<\/strong>, Editorial Zig-Zag, Santiago de Chile, 2015<\/i>.<\/p>\n<hr \/>\n<p style=\"text-align: justify;\"><strong>Tiempo irremediable<\/strong> se compone de dos vol\u00famenes que contienen el pr\u00f3logo de Ignacio \u00c1lvarez titulado <a title=\"Ignacio \u00c1lvarez: Un pu\u00f1ado de pistas para entrar a Tiempo irremediable\" href=\"https:\/\/manuelrojas.cl\/wp-content\/uploads\/2023\/07\/Prologo-de-Ignacio-Alvarez-Tiempo-irremediable.pdf\" target=\"_blank\" rel=\"noopener noreferrer\"><i>Un pu\u00f1ado de pistas para entrar a Tiempo irremediable<\/i><\/a>, las cuatro novelas de la tetralog\u00eda, una <i>Cronolog\u00eda biogr\u00e1fica<\/i> del autor y una <i>Bibliograf\u00eda de sus primeras ediciones<\/i>.<\/p>\n<\/div>\n<\/div>\n<p>[\/et_pb_text][\/et_pb_column][\/et_pb_row][\/et_pb_section]<\/p>\n","protected":false},"excerpt":{"rendered":"<p>\u00a0 Obra \/ Novelas \/ Tiempo irremediable Primera edici\u00f3n: Editorial Zig-Zag, Santiago de Chile, 2015 Acceda al pr\u00f3logo: \u00abUn pu\u00f1ado de pistas para entrar a Tiempo irremediable\u00bb Rese\u00f1a &#8220;Este volumen nos ofrece, por fin reunidas, las cuatro novelas que protagoniza Aniceto Hevia, creaci\u00f3n y tambi\u00e9n retrato de Manuel Rojas. La tetralog\u00eda, como hemos llamado por [&hellip;]<\/p>\n","protected":false},"author":1,"featured_media":7004,"parent":0,"menu_order":0,"comment_status":"closed","ping_status":"closed","template":"","meta":{"_et_pb_use_builder":"on","_et_pb_old_content":"[tabby title=\"Libro y Rese\u00f1a\"]\n<table class=\"table\">\n<tbody>\n<tr>\n<td style=\"text-align: left; vertical-align: top;\"><strong><a href=\"http:\/\/www.manuelrojas.cl\/wp-content\/uploads\/Manuel-Rojas-Tiempo-irremediable.jpeg\" rel=\"attachment wp-att-4437\"><img class=\"margin-top: 5px;margin-bottom: 5px;margin-right: 5px;margin-left: 5px; alignleft wp-image-4437\" src=\"http:\/\/www.manuelrojas.cl\/wp-content\/uploads\/Manuel-Rojas-Tiempo-irremediable.jpeg\" alt=\"manuelrojastiempoirremediable\" width=\"150\" height=\"225\"><\/a><\/strong><\/td>\n<td style=\"vertical-align: top;\" rowspan=\"2\"><strong>Primera edici\u00f3n:<\/strong> Editorial Zig-Zag, Santiago de Chile, 2015\n<p style=\"text-align: justify;\"><a title=\"Ignacio \u00c1lvarez: Un pu\u00f1ado de pistas para entrar a Tiempo irremediable\" href=\"http:\/\/www.manuelrojas.cl\/wp-content\/uploads\/Prologo-de-Ignacio-Alvarez-Tiempo-irremediable.pdf\" target=\"_blank\" rel=\"noopener noreferrer\">Acceda al pr\u00f3logo: \u00abUn pu\u00f1ado de pistas para entrar a Tiempo irremediable\u00bb<\/a><\/p>\n\n<h2>Rese\u00f1a<\/h2>\n<p class=\"dropcap\" style=\"text-align: justify;\">\"Este volumen nos ofrece, por fin reunidas, las cuatro novelas que protagoniza Aniceto Hevia, creaci\u00f3n y tambi\u00e9n retrato de Manuel Rojas. La tetralog\u00eda, como hemos llamado por a\u00f1os al conjunto, est\u00e1 formada por <strong><a title=\"Hijo de ladr\u00f3n\" href=\"http:\/\/www.manuelrojas.cl\/sombras-contra-el-muro\/?lang=es\">Hijo de ladr\u00f3n<\/a><\/strong> (1951), <strong><a title=\"Mejor que el vino\" href=\"http:\/\/www.manuelrojas.cl\/mejor-que-el-vino\/?lang=es\">Mejor que el vino<\/a><\/strong> (1958), <strong><a title=\"Sombras contra el muro\" href=\"http:\/\/www.manuelrojas.cl\/sombras-contra-el-muro\/?lang=es\">Sombras contra el muro<\/a><\/strong> (1964), y <strong><a title=\"La oscura vida radiante\" href=\"http:\/\/www.manuelrojas.cl\/la-oscura-vida-radiante\/?lang=es\">La oscura vida radiante<\/a><\/strong> (1971). Las nombro siguiendo el orden en que fueron escritas y publicadas, aunque el ordenamiento que sigue cronol\u00f3gicamente la vida de Aniceto debe poner <strong>Mejor que el vino<\/strong> al final, como se hace en esta edici\u00f3n, porque es la que llega hasta m\u00e1s tarde en su biograf\u00eda.<\/p>\n<p style=\"text-align: justify;\">Cuando envi\u00f3 el primero de estos textos al concurso que la Sociedad de Escritores de Chile hab\u00eda abierto en 1950, el t\u00edtulo que Rojas hab\u00eda escogido era <strong>Tiempo irremediable<\/strong>. La novela no gan\u00f3 el premio, pero de todos modos la editorial Nascimento la public\u00f3 al a\u00f1o siguiente. Enrique Espinoza, sugiri\u00f3 el t\u00edtulo que lleva hoy, <strong>Hijo de ladr\u00f3n<\/strong>. Los sentidos que guardaba el nombre original han quedado sumergidos hasta ahora. De hecho, muchos lectores que conocen bien la obra de Manuel Rojas desde hace a\u00f1os murmuran que, si pudiera editarse la tetralog\u00eda en una sola colecci\u00f3n, esa colecci\u00f3n deber\u00eda llamarse <strong>Tiempo irremediable<\/strong>.<\/p>\n<p style=\"text-align: justify;\">Es esto lo que el lector tiene en sus manos. Una apuesta, quiz\u00e1 la mayor apuesta de Manuel Rojas. Cuatro novelas tan importantes para la literatura chilena que es mejor ni siquiera empezar a juntar adjetivos para calificarlas...\"<\/p>\n<i>Extracto del pr\u00f3logo de <strong>Ignacio \u00c1lvarez<\/strong>, Editorial Zig-Zag, Santiago de Chile, 2015<\/i>.\n\n<hr>\n<p style=\"text-align: justify;\"><strong>Tiempo irremediable<\/strong> se compone de dos vol\u00famenes que contienen el pr\u00f3logo de Ignacio \u00c1lvarez titulado <a title=\"Ignacio \u00c1lvarez: Un pu\u00f1ado de pistas para entrar a Tiempo irremediable\" href=\"http:\/\/www.manuelrojas.cl\/wp-content\/uploads\/Prologo-de-Ignacio-Alvarez-Tiempo-irremediable.pdf\" target=\"_blank\" rel=\"noopener noreferrer\"><i>Un pu\u00f1ado de pistas para entrar a Tiempo irremediable<\/i><\/a>, las cuatro novelas de la tetralog\u00eda, una <i>Cronolog\u00eda biogr\u00e1fica<\/i> del autor y una <i>Bibliograf\u00eda de sus primeras ediciones<\/i>.<\/p>\n<\/td>\n<\/tr>\n<tr>\n<td style=\"text-align: left; vertical-align: top;\"><\/td>\n<\/tr>\n<\/tbody>\n<\/table>\n[tabbyending]","_et_gb_content_width":"","footnotes":""},"class_list":["post-6998","page","type-page","status-publish","has-post-thumbnail","hentry"],"_links":{"self":[{"href":"https:\/\/manuelrojas.cl\/index.php\/wp-json\/wp\/v2\/pages\/6998","targetHints":{"allow":["GET"]}}],"collection":[{"href":"https:\/\/manuelrojas.cl\/index.php\/wp-json\/wp\/v2\/pages"}],"about":[{"href":"https:\/\/manuelrojas.cl\/index.php\/wp-json\/wp\/v2\/types\/page"}],"author":[{"embeddable":true,"href":"https:\/\/manuelrojas.cl\/index.php\/wp-json\/wp\/v2\/users\/1"}],"replies":[{"embeddable":true,"href":"https:\/\/manuelrojas.cl\/index.php\/wp-json\/wp\/v2\/comments?post=6998"}],"version-history":[{"count":14,"href":"https:\/\/manuelrojas.cl\/index.php\/wp-json\/wp\/v2\/pages\/6998\/revisions"}],"predecessor-version":[{"id":11696,"href":"https:\/\/manuelrojas.cl\/index.php\/wp-json\/wp\/v2\/pages\/6998\/revisions\/11696"}],"wp:featuredmedia":[{"embeddable":true,"href":"https:\/\/manuelrojas.cl\/index.php\/wp-json\/"}],"wp:attachment":[{"href":"https:\/\/manuelrojas.cl\/index.php\/wp-json\/wp\/v2\/media?parent=6998"}],"curies":[{"name":"wp","href":"https:\/\/api.w.org\/{rel}","templated":true}]}}