{"id":7402,"date":"2020-06-14T15:29:07","date_gmt":"2020-06-14T19:29:07","guid":{"rendered":"http:\/\/www.manuelrojas.cl\/?page_id=7402"},"modified":"2024-11-12T01:22:53","modified_gmt":"2024-11-12T01:22:53","slug":"canciones-para-ellos","status":"publish","type":"page","link":"https:\/\/manuelrojas.cl\/index.php\/canciones-para-ellos\/","title":{"rendered":"Canciones para ellos"},"content":{"rendered":"<p>[et_pb_section fb_built=&#8221;1&#8243; _builder_version=&#8221;4.17.4&#8243; _module_preset=&#8221;default&#8221; background_color=&#8221;RGBA(255,255,255,0)&#8221; custom_margin=&#8221;0px||0px||false|false&#8221; custom_padding=&#8221;0px||0px||false|false&#8221; global_colors_info=&#8221;{}&#8221;][et_pb_row _builder_version=&#8221;4.17.4&#8243; _module_preset=&#8221;default&#8221; background_color=&#8221;#FFFFFF&#8221; max_width=&#8221;1277px&#8221; custom_margin=&#8221;0px||0px||false|false&#8221; custom_padding=&#8221;0px||0px||false|false&#8221; global_colors_info=&#8221;{}&#8221;][et_pb_column type=&#8221;4_4&#8243; _builder_version=&#8221;4.17.4&#8243; _module_preset=&#8221;default&#8221; global_colors_info=&#8221;{}&#8221;][et_pb_text _builder_version=&#8221;4.17.4&#8243; _module_preset=&#8221;default&#8221; text_font=&#8221;Alegreya||||||||&#8221; header_3_font=&#8221;Alegreya|600|||||||&#8221; header_3_text_color=&#8221;#005B84&#8243; custom_margin=&#8221;|20px|5px||false|false&#8221; custom_padding=&#8221;20px|20px|||false|false&#8221; border_width_bottom=&#8221;1px&#8221; border_color_bottom=&#8221;#cccccc&#8221; border_style_bottom=&#8221;dotted&#8221; border_width_left=&#8221;3px&#8221; border_color_left=&#8221;#005B84&#8243; global_colors_info=&#8221;{}&#8221;]<\/p>\n<h3>\u00a0 <span style=\"color: rgba(53, 53, 53, 0.63);\">Obra \/<\/span> <a href=\"https:\/\/manuelrojas.cl\/index.php\/manuel-rojas\/obra\/poesia\/\">Poes\u00eda<\/a> \/ Canciones para ellos<\/h3>\n<p>[\/et_pb_text][\/et_pb_column][\/et_pb_row][et_pb_row column_structure=&#8221;2_5,3_5&#8243; _builder_version=&#8221;4.17.4&#8243; _module_preset=&#8221;default&#8221; background_color=&#8221;#FFFFFF&#8221; background_image=&#8221;https:\/\/manuelrojas.cl\/wp-content\/uploads\/2023\/05\/com-spliter.png&#8221; background_size=&#8221;initial&#8221; background_repeat=&#8221;repeat&#8221; width_tablet=&#8221;90%&#8221; width_phone=&#8221;90%&#8221; width_last_edited=&#8221;on|phone&#8221; custom_padding=&#8221;|30px||30px|false|false&#8221; global_colors_info=&#8221;{}&#8221;][et_pb_column type=&#8221;2_5&#8243; _builder_version=&#8221;4.17.4&#8243; _module_preset=&#8221;default&#8221; global_colors_info=&#8221;{}&#8221;][et_pb_image src=&#8221;https:\/\/manuelrojas.cl\/wp-content\/uploads\/2023\/06\/Maria-Baeza-Canciones-para-ellos-scaled-1.jpg&#8221; title_text=&#8221;Maria-Baeza-Canciones-para-ellos-scaled&#8221; url=&#8221;https:\/\/manuelrojas.cl\/wp-content\/uploads\/2023\/06\/Maria-Baeza-Canciones-para-ellos.pdf&#8221; url_new_window=&#8221;on&#8221; align=&#8221;center&#8221; _builder_version=&#8221;4.17.4&#8243; _module_preset=&#8221;default&#8221; width_tablet=&#8221;&#8221; width_phone=&#8221;&#8221; width_last_edited=&#8221;on|phone&#8221; height=&#8221;500px&#8221; height_tablet=&#8221;500px&#8221; height_phone=&#8221;&#8221; height_last_edited=&#8221;on|phone&#8221; border_radii=&#8221;on|3px|3px|3px|3px&#8221; border_width_all=&#8221;1px&#8221; border_color_all=&#8221;RGBA(48,48,48,0.77)&#8221; box_shadow_style=&#8221;preset1&#8243; box_shadow_blur=&#8221;5px&#8221; global_colors_info=&#8221;{}&#8221;][\/et_pb_image][et_pb_image src=&#8221;https:\/\/manuelrojas.cl\/wp-content\/uploads\/2023\/06\/Maria-Baeza.jpg&#8221; title_text=&#8221;Maria-Baeza&#8221; align=&#8221;center&#8221; _builder_version=&#8221;4.17.4&#8243; _module_preset=&#8221;default&#8221; width_tablet=&#8221;&#8221; width_phone=&#8221;&#8221; width_last_edited=&#8221;on|phone&#8221; max_width_tablet=&#8221;&#8221; max_width_phone=&#8221;&#8221; max_width_last_edited=&#8221;on|phone&#8221; height=&#8221;500px&#8221; height_tablet=&#8221;500px&#8221; height_phone=&#8221;&#8221; height_last_edited=&#8221;on|phone&#8221; max_height=&#8221;500px&#8221; max_height_tablet=&#8221;500px&#8221; max_height_phone=&#8221;&#8221; max_height_last_edited=&#8221;on|phone&#8221; border_radii=&#8221;on|3px|3px|3px|3px&#8221; border_width_all=&#8221;1px&#8221; border_color_all=&#8221;RGBA(48,48,48,0.77)&#8221; box_shadow_style=&#8221;preset1&#8243; box_shadow_blur=&#8221;5px&#8221; global_colors_info=&#8221;{}&#8221;][\/et_pb_image][\/et_pb_column][et_pb_column type=&#8221;3_5&#8243; _builder_version=&#8221;4.17.4&#8243; _module_preset=&#8221;default&#8221; global_colors_info=&#8221;{}&#8221;][et_pb_text _builder_version=&#8221;4.17.4&#8243; _module_preset=&#8221;default&#8221; text_font=&#8221;Alegreya||||||||&#8221; text_font_size=&#8221;18px&#8221; text_line_height=&#8221;1.8em&#8221; background_color=&#8221;#FFFFFF&#8221; width_tablet=&#8221;&#8221; width_phone=&#8221;&#8221; width_last_edited=&#8221;on|phone&#8221; max_width_tablet=&#8221;&#8221; max_width_phone=&#8221;100%&#8221; max_width_last_edited=&#8221;on|phone&#8221; custom_padding=&#8221;10px|10px|10px|10px|false|false&#8221; hover_enabled=&#8221;0&#8243; text_font_tablet=&#8221;Alegreya||||||||&#8221; text_font_phone=&#8221;Alegreya||||||||&#8221; text_font_last_edited=&#8221;off|desktop&#8221; text_font_size_tablet=&#8221;17px&#8221; text_font_size_phone=&#8221;10px&#8221; text_font_size_last_edited=&#8221;on|phone&#8221; border_radii=&#8221;on|1px|1px|1px|1px&#8221; border_width_all=&#8221;1px&#8221; border_color_all=&#8221;RGBA(0,91,132,0.8)&#8221; border_style_all=&#8221;dotted&#8221; global_colors_info=&#8221;{}&#8221; sticky_enabled=&#8221;0&#8243;]<\/p>\n<div class=\"content clearfix\">\n<div class=\"content clearfix\">\n<p><a href=\"https:\/\/manuelrojas.cl\/wp-content\/uploads\/2023\/06\/Maria-Baeza-Canciones-para-ellos.pdf\" target=\"_blank\" rel=\"noopener\" title=\"Poes\u00eda - Mar\u00eda Baeza - Canciones para ellos\"><strong>Primera edici\u00f3n :<\/strong> Prensas de la Universidad de Chile, 1935<\/a><\/p>\n<h2>Rese\u00f1a<\/h2>\n<p class=\"dropcap\" style=\"text-align: justify;\">Mar\u00eda Luisa Baeza Serrano (1903 &#8211; 1936), poeta y profesora, es la primera esposa de Manuel Rojas, madre de sus tres hijos. Originaria de Los Andes fue alumna de Gabriela Mistral en la escuela secundaria, entre 1912 y 1918, cuando la Mistral vivi\u00f3 en la llamada <em>Casa de Coquimbito<\/em> de esa ciudad. Animada por su maestra, comenz\u00f3 tempranamente a escribir versos y luego se mud\u00f3 a Santiago para formarse como profesora normalista.<\/p>\n<p style=\"text-align: justify;\">El a\u00f1o 1921 conoci\u00f3 a Manuel Rojas en la capital cuando \u00e9l se iniciaba en la prosa y trabajaba espor\u00e1dicamente en compa\u00f1\u00edas de teatro, pero su relaci\u00f3n sentimental solo comienza cuando Rojas regresa de una larga gira a la Argentina. Ambos se casan en 1928. As\u00ed la describe Rojas en su <a title=\"Poes\u00eda - Deshecha rosa\" href=\"https:\/\/manuelrojas.cl\/index.php\/deshecha-rosa\/\" target=\"_blank\" rel=\"noopener\">Deshecha rosa<\/a>: <i>Apretada e intacta, construida \/ con elementos de lentitud y de ternura, \/ t\u00fa ven\u00edas \/ empujada por los vientos de Valpara\u00edso \/ y a trav\u00e9s de los card\u00famenes de su bah\u00eda. \/ Por entre los \u00e1lamos del Aconcagua \/ y tinajas hirviendo de dulce chicha, \/ acompa\u00f1ada de campesinos con las barbas mojadas de gar\u00faa \/ y huasos de ojos verdes que cultivaban la poes\u00eda&#8230; \/ entre normalistas azules que re\u00edan \/ y novios enfermos del pulm\u00f3n, que mor\u00edan, \/ a trav\u00e9s de ni\u00f1os que aprendieron \/ a leer mir\u00e1ndose en tus ojos, \/ tu rosa cerrada para mis tres abejorros hambrientos, \/ tra\u00edas.<\/i><\/p>\n<p style=\"text-align: justify;\">Entre su tarea de profesora y la crianza de sus tres hijos, Mar\u00eda Baeza sigui\u00f3 escribiendo poes\u00eda y en 1935 se publica su \u00fanica obra conocida: <a href=\"https:\/\/manuelrojas.cl\/wp-content\/uploads\/2023\/06\/Maria-Baeza-Canciones-para-ellos.pdf\" target=\"_blank\" rel=\"noopener noreferrer\" title=\"Poes\u00eda - Mar\u00eda Baeza - Canciones para ellos\">Canciones para ellos<\/a> en la que aflora con mucha sinceridad su ternura inmensa. \u00abEllos\u00bb son su amor y sus tres hijos; correspondiendo a tan profundo sentir es el propio Rojas que compone a mano la edici\u00f3n en las <em>Prensas de la Universidad de Chile<\/em>. El libro l\u00edrico esta compuesto de quince poemas, de \u00e9l se publica una sola tirada numerada de cien ejemplares. Los cincuenta primeros llevan impreso el nombre de la persona a la que est\u00e1n destinados y la firma de la autora. Aqu\u00ed se reproduce el ejemplar N\u00famero 1 destinado a Manuel Rojas.<\/p>\n<p style=\"text-align: justify;\">Mar\u00eda Baeza fallece de una pulmon\u00eda en la casa del escritor con solo treinta y tres a\u00f1os de edad.<\/p>\n<hr \/>\n<p style=\"text-align: justify;\"><strong>Canciones para ellos<\/strong>, contiene los siguientes poemas: <i><strong>Viento en la sierra<\/strong><\/i>; <i><strong>Tarde de invierno<\/strong><\/i>; <i><strong>Poema del d\u00eda<\/strong><\/i>; <i><strong>La ni\u00f1a<\/strong><\/i>; <i><strong>Amanecer<\/strong><\/i>; <i><strong>En mi cuarto<\/strong><\/i>; <i><strong>Luna<\/strong><\/i>; <i><strong>Juegos en la playa<\/strong><\/i>; <i><strong>Cantos<\/strong><\/i>; <i><strong>Ropitas<\/strong><\/i>; <i><strong>Coraz\u00f3n de narciso<\/strong><\/i>; <i><strong>Palabritas<\/strong><\/i>; <i><strong>Tiempo de oto\u00f1o<\/strong><\/i>; <i><strong>Rosas<\/strong><\/i> y <i><strong>Recuerdos de Celmira<\/strong><\/i>.<\/p>\n<\/div>\n<\/div>\n<p>[\/et_pb_text][\/et_pb_column][\/et_pb_row][\/et_pb_section]<\/p>\n","protected":false},"excerpt":{"rendered":"<p>\u00a0 Obra \/ Poes\u00eda \/ Canciones para ellos Primera edici\u00f3n : Prensas de la Universidad de Chile, 1935 Rese\u00f1a Mar\u00eda Luisa Baeza Serrano (1903 &#8211; 1936), poeta y profesora, es la primera esposa de Manuel Rojas, madre de sus tres hijos. Originaria de Los Andes fue alumna de Gabriela Mistral en la escuela secundaria, entre [&hellip;]<\/p>\n","protected":false},"author":1,"featured_media":7400,"parent":0,"menu_order":0,"comment_status":"closed","ping_status":"closed","template":"","meta":{"_et_pb_use_builder":"on","_et_pb_old_content":"[tabby title=\"Libro y Rese\u00f1a\"]\n<table class=\"table\">\n<tbody>\n<tr>\n<td style=\"text-align: left; vertical-align: top;\"><a href=\"http:\/\/www.manuelrojas.cl\/wp-content\/uploads\/Maria-Baeza-Canciones-para-ellos-scaled.jpg\" rel=\"attachment wp-att-5332\"><img class=\"margin-top: 5px;margin-bottom: 5px;margin-right: 5px;margin-left: 5px; alignleft wp-image-5332\" src=\"http:\/\/www.manuelrojas.cl\/wp-content\/uploads\/Maria-Baeza-Canciones-para-ellos-scaled.jpg\" alt=\"Mar\u00eda Baeza - Canciones para ellos\" width=\"150\" height=\"225\"><\/a><a href=\"http:\/\/www.manuelrojas.cl\/wp-content\/uploads\/Maria-Baeza.jpg\" rel=\"attachment wp-att-5332\"><img class=\"margin-top: 5px;margin-bottom: 5px;margin-right: 5px;margin-left: 5px; alignleft wp-image-5332\" src=\"http:\/\/www.manuelrojas.cl\/wp-content\/uploads\/Maria-Baeza.jpg\" alt=\"Mar\u00eda Baeza - Canciones para ellos\" width=\"150\" height=\"225\"><\/a><\/td>\n<td rowspan=\"2\"><strong>Primera edici\u00f3n :<\/strong> Prensas de la Universidad de Chile, 1935\n<div><a href=\"http:\/\/www.manuelrojas.cl\/wp-content\/uploads\/Maria-Baeza-Canciones-para-ellos.pdf\" target=\"_blank\" rel=\"noopener noreferrer\">Acceda a la versi\u00f3n ebook<\/a><\/div>\n<h2>Rese\u00f1a<\/h2>\n<p class=\"dropcap\" style=\"text-align: justify;\">Mar\u00eda Luisa Baeza Serrano (1903 - 1936), poeta y profesora, es la primera esposa de Manuel Rojas, madre de sus tres hijos. Originaria de Los Andes fue alumna de Gabriela Mistral en la escuela secundaria, entre 1912 y 1918, cuando la Mistral vivi\u00f3 en la llamada <em>Casa de Coquimbito<\/em> de esa ciudad. Animada por su maestra, comenz\u00f3 tempranamente a escribir versos y luego se mud\u00f3 a Santiago para formarse como profesora normalista.<\/p>\n<p style=\"text-align: justify;\">El a\u00f1o 1921 conoci\u00f3 a Manuel Rojas en la capital cuando \u00e9l se iniciaba en la prosa y trabajaba espor\u00e1dicamente en compa\u00f1\u00edas de teatro, pero su relaci\u00f3n sentimental solo comienza cuando Rojas regresa de una larga gira a la Argentina. Ambos se casan en 1928. As\u00ed la describe Rojas en su <a title=\"Poes\u00eda - Deshecha rosa\" href=\"http:\/\/www.manuelrojas.cl\/deshecha-rosa\/?lang=es\">Deshecha rosa<\/a>: <i>Apretada e intacta, construida \/ con elementos de lentitud y de ternura, \/ t\u00fa ven\u00edas \/ empujada por los vientos de Valpara\u00edso \/ y a trav\u00e9s de los card\u00famenes de su bah\u00eda. \/ Por entre los \u00e1lamos del Aconcagua \/ y tinajas hirviendo de dulce chicha, \/ acompa\u00f1ada de campesinos con las barbas mojadas de gar\u00faa \/ y huasos de ojos verdes que cultivaban la poes\u00eda... \/ entre normalistas azules que re\u00edan \/ y novios enfermos del pulm\u00f3n, que mor\u00edan, \/ a trav\u00e9s de ni\u00f1os que aprendieron \/ a leer mir\u00e1ndose en tus ojos, \/ tu rosa cerrada para mis tres abejorros hambrientos, \/ tra\u00edas.<\/i><\/p>\n<p style=\"text-align: justify;\">Entre su tarea de profesora y la crianza de sus tres hijos, Mar\u00eda Baeza sigui\u00f3 escribiendo poes\u00eda y en 1935 se publica su \u00fanica obra conocida: <a href=\"http:\/\/www.manuelrojas.cl\/wp-content\/uploads\/Maria-Baeza-Canciones-para-ellos.pdf\" target=\"_blank\" rel=\"noopener noreferrer\">Canciones para ellos<\/a> en la que aflora con mucha sinceridad su ternura inmensa. \u00abEllos\u00bb son su amor y sus tres hijos; correspondiendo a tan profundo sentir es el propio Rojas que compone a mano la edici\u00f3n en las <em>Prensas de la Universidad de Chile<\/em>. El libro l\u00edrico esta compuesto de quince poemas, de \u00e9l se publica una sola tirada numerada de cien ejemplares. Los cincuenta primeros llevan impreso el nombre de la persona a la que est\u00e1n destinados y la firma de la autora. Aqu\u00ed se reproduce el ejemplar N\u00famero 1 destinado a Manuel Rojas.<\/p>\n<p style=\"text-align: justify;\">Mar\u00eda Baeza fallece de una pulmon\u00eda en la casa del escritor con solo treinta y tres a\u00f1os de edad.<\/p>\n\n\n<hr>\n<p style=\"text-align: justify;\"><strong>Canciones para ellos<\/strong>, contiene los siguientes poemas: <i><strong>Viento en la sierra<\/strong><\/i>; <i><strong>Tarde de invierno<\/strong><\/i>; <i><strong>Poema del d\u00eda<\/strong><\/i>; <i><strong>La ni\u00f1a<\/strong><\/i>; <i><strong>Amanecer<\/strong><\/i>; <i><strong>En mi cuarto<\/strong><\/i>; <i><strong>Luna<\/strong><\/i>; <i><strong>Juegos en la playa<\/strong><\/i>; <i><strong>Cantos<\/strong><\/i>; <i><strong>Ropitas<\/strong><\/i>; <i><strong>Coraz\u00f3n de narciso<\/strong><\/i>; <i><strong>Palabritas<\/strong><\/i>; <i><strong>Tiempo de oto\u00f1o<\/strong><\/i>; <i><strong>Rosas<\/strong><\/i> y <i><strong>Recuerdos de Celmira<\/strong><\/i>.<\/p>\n<\/td>\n<\/tr>\n<\/tbody>\n<\/table>\n[tabbyending]","_et_gb_content_width":"","footnotes":""},"class_list":["post-7402","page","type-page","status-publish","has-post-thumbnail","hentry"],"_links":{"self":[{"href":"https:\/\/manuelrojas.cl\/index.php\/wp-json\/wp\/v2\/pages\/7402","targetHints":{"allow":["GET"]}}],"collection":[{"href":"https:\/\/manuelrojas.cl\/index.php\/wp-json\/wp\/v2\/pages"}],"about":[{"href":"https:\/\/manuelrojas.cl\/index.php\/wp-json\/wp\/v2\/types\/page"}],"author":[{"embeddable":true,"href":"https:\/\/manuelrojas.cl\/index.php\/wp-json\/wp\/v2\/users\/1"}],"replies":[{"embeddable":true,"href":"https:\/\/manuelrojas.cl\/index.php\/wp-json\/wp\/v2\/comments?post=7402"}],"version-history":[{"count":10,"href":"https:\/\/manuelrojas.cl\/index.php\/wp-json\/wp\/v2\/pages\/7402\/revisions"}],"predecessor-version":[{"id":11566,"href":"https:\/\/manuelrojas.cl\/index.php\/wp-json\/wp\/v2\/pages\/7402\/revisions\/11566"}],"wp:featuredmedia":[{"embeddable":true,"href":"https:\/\/manuelrojas.cl\/index.php\/wp-json\/"}],"wp:attachment":[{"href":"https:\/\/manuelrojas.cl\/index.php\/wp-json\/wp\/v2\/media?parent=7402"}],"curies":[{"name":"wp","href":"https:\/\/api.w.org\/{rel}","templated":true}]}}